{"id":7602,"date":"2025-06-10T10:16:46","date_gmt":"2025-06-10T10:16:46","guid":{"rendered":"https:\/\/brave-easley.5-175-45-209.plesk.page\/?page_id=7602"},"modified":"2025-06-11T13:15:17","modified_gmt":"2025-06-11T13:15:17","slug":"mision-y-valores","status":"publish","type":"page","link":"https:\/\/pasch.es\/index.php\/mision-y-valores\/","title":{"rendered":"MISI\u00d3N Y VALORES"},"content":{"rendered":"\t\t<div data-elementor-type=\"wp-page\" data-elementor-id=\"7602\" class=\"elementor elementor-7602\">\n\t\t\t\t<div class=\"elementor-element elementor-element-2c60449 e-flex e-con-boxed e-con e-parent\" data-id=\"2c60449\" data-element_type=\"container\" data-e-type=\"container\">\n\t\t\t\t\t<div class=\"e-con-inner\">\n\t\t\t\t<div class=\"elementor-element elementor-element-9526974 elementor-widget elementor-widget-heading\" data-id=\"9526974\" data-element_type=\"widget\" data-e-type=\"widget\" data-widget_type=\"heading.default\">\n\t\t\t\t<div class=\"elementor-widget-container\">\n\t\t\t\t\t<h3 class=\"elementor-heading-title elementor-size-default\">MISION Y VALORES<\/h3>\t\t\t\t<\/div>\n\t\t\t\t<\/div>\n\t\t\t\t\t<\/div>\n\t\t\t\t<\/div>\n\t\t<div class=\"elementor-element elementor-element-cdbd5e7 e-grid e-con-boxed e-con e-parent\" data-id=\"cdbd5e7\" data-element_type=\"container\" data-e-type=\"container\">\n\t\t\t\t\t<div class=\"e-con-inner\">\n\t\t\t\t<div class=\"elementor-element elementor-element-a7b464d elementor-widget elementor-widget-text-editor\" data-id=\"a7b464d\" data-element_type=\"widget\" data-e-type=\"widget\" data-widget_type=\"text-editor.default\">\n\t\t\t\t<div class=\"elementor-widget-container\">\n\t\t\t\t\t\t\t\t\t<p>\u00a0<\/p>\n<p>Desde su fundaci\u00f3n en 1.913, la misi\u00f3n central de PASCH radica en la consecuci\u00f3n de una plena satisfacci\u00f3n y fidelizaci\u00f3n en dos direcciones: de nuestros clientes y de las empresas cuyos intereses representamos. Esta misi\u00f3n s\u00f3lo se puede alcanzar y mantener ofreciendo productos y servicios de la m\u00e1s alta calidad y poniendo la satisfacci\u00f3n de las necesidades del cliente como centro de nuestros objetivos y decisiones.<\/p>\n<p>Alcanzar este objetivo requiere de la aportaci\u00f3n de un equipo humano altamente eficiente, cualificado y plenamente comprometido con los objetivos de la Empresa.<\/p>\n\t\t\t\t\t\t\t\t<\/div>\n\t\t\t\t<\/div>\n\t\t\t\t<div class=\"elementor-element elementor-element-0a577c5 elementor-widget elementor-widget-image\" data-id=\"0a577c5\" data-element_type=\"widget\" data-e-type=\"widget\" data-widget_type=\"image.default\">\n\t\t\t\t<div class=\"elementor-widget-container\">\n\t\t\t\t\t\t\t\t\t\t\t\t\t\t\t<img fetchpriority=\"high\" decoding=\"async\" width=\"550\" height=\"371\" src=\"https:\/\/pasch.es\/wp-content\/uploads\/2025\/06\/BusinessPlanning.png\" class=\"attachment-large size-large wp-image-7832\" alt=\"\" srcset=\"https:\/\/pasch.es\/wp-content\/uploads\/2025\/06\/BusinessPlanning.png 550w, https:\/\/pasch.es\/wp-content\/uploads\/2025\/06\/BusinessPlanning-300x202.png 300w\" sizes=\"(max-width: 550px) 100vw, 550px\" \/>\t\t\t\t\t\t\t\t\t\t\t\t\t\t\t<\/div>\n\t\t\t\t<\/div>\n\t\t\t\t<div class=\"elementor-element elementor-element-3f39c0f elementor-widget elementor-widget-image\" data-id=\"3f39c0f\" data-element_type=\"widget\" data-e-type=\"widget\" data-widget_type=\"image.default\">\n\t\t\t\t<div class=\"elementor-widget-container\">\n\t\t\t\t\t\t\t\t\t\t\t\t\t\t\t<img decoding=\"async\" width=\"550\" height=\"353\" src=\"https:\/\/pasch.es\/wp-content\/uploads\/2025\/06\/Teamwork.jpg\" class=\"attachment-large size-large wp-image-7831\" alt=\"\" srcset=\"https:\/\/pasch.es\/wp-content\/uploads\/2025\/06\/Teamwork.jpg 550w, https:\/\/pasch.es\/wp-content\/uploads\/2025\/06\/Teamwork-300x193.jpg 300w\" sizes=\"(max-width: 550px) 100vw, 550px\" \/>\t\t\t\t\t\t\t\t\t\t\t\t\t\t\t<\/div>\n\t\t\t\t<\/div>\n\t\t\t\t<div class=\"elementor-element elementor-element-e244740 elementor-widget elementor-widget-text-editor\" data-id=\"e244740\" data-element_type=\"widget\" data-e-type=\"widget\" data-widget_type=\"text-editor.default\">\n\t\t\t\t<div class=\"elementor-widget-container\">\n\t\t\t\t\t\t\t\t\t<p>\u00a0<\/p>\n<p>En nuestra condici\u00f3n de empresa familiar mantenemos una serie de valores fundamentales que rigen nuestra actuaci\u00f3n y decisiones:<\/p>\n<ul>\n<li>Enfoque empresarial al medio y largo plazo, valorando el nivel de confianza, compromiso y estabilidad con las empresas con las que colaboramos<\/li>\n<li>Respeto, transparencia y \u00e9tica empresarial, tanto en el orden interno como externo<\/li>\n<li>Enfoque permanente a la innovaci\u00f3n, eficacia y calidad de nuestra gesti\u00f3n, servicios y productos orientados a la satisfacci\u00f3n de las necesidades de nuestros clientes<\/li>\n<li>Promover un ambiente de trabajo positivo y din\u00e1mico en un entorno seguro<\/li>\n<li>Solidez, solvencia y continuidad como garant\u00eda de la sostenibilidad de la Empresa<\/li>\n<\/ul>\n\t\t\t\t\t\t\t\t<\/div>\n\t\t\t\t<\/div>\n\t\t\t\t\t<\/div>\n\t\t\t\t<\/div>\n\t\t\t\t<\/div>\n\t\t","protected":false},"excerpt":{"rendered":"<p>MISION Y VALORES \u00a0 Desde su fundaci\u00f3n en 1.913, la misi\u00f3n central de PASCH radica en la consecuci\u00f3n de una plena satisfacci\u00f3n y fidelizaci\u00f3n en dos direcciones: de nuestros clientes y de las empresas cuyos intereses representamos. Esta misi\u00f3n s\u00f3lo se puede alcanzar y mantener ofreciendo productos y servicios de la m\u00e1s alta calidad y<\/p>\n","protected":false},"author":1,"featured_media":0,"parent":0,"menu_order":0,"comment_status":"closed","ping_status":"closed","template":"","meta":{"footnotes":""},"class_list":["post-7602","page","type-page","status-publish","hentry"],"yoast_head":"<!-- This site is optimized with the Yoast SEO plugin v27.1.1 - https:\/\/yoast.com\/product\/yoast-seo-wordpress\/ -->\n<title>MISI\u00d3N Y VALORES - pasch.es<\/title>\n<meta name=\"robots\" content=\"index, follow, max-snippet:-1, max-image-preview:large, max-video-preview:-1\" \/>\n<link rel=\"canonical\" href=\"https:\/\/pasch.es\/index.php\/mision-y-valores\/\" \/>\n<meta property=\"og:locale\" content=\"en_US\" \/>\n<meta property=\"og:type\" content=\"article\" \/>\n<meta property=\"og:title\" content=\"MISI\u00d3N Y VALORES - pasch.es\" \/>\n<meta property=\"og:description\" content=\"MISION Y VALORES \u00a0 Desde su fundaci\u00f3n en 1.913, la misi\u00f3n central de PASCH radica en la consecuci\u00f3n de una plena satisfacci\u00f3n y fidelizaci\u00f3n en dos direcciones: de nuestros clientes y de las empresas cuyos intereses representamos. Esta misi\u00f3n s\u00f3lo se puede alcanzar y mantener ofreciendo productos y servicios de la m\u00e1s alta calidad y\" \/>\n<meta property=\"og:url\" content=\"https:\/\/pasch.es\/index.php\/mision-y-valores\/\" \/>\n<meta property=\"og:site_name\" content=\"pasch.es\" \/>\n<meta property=\"article:modified_time\" content=\"2025-06-11T13:15:17+00:00\" \/>\n<meta property=\"og:image\" content=\"https:\/\/brave-easley.5-175-45-209.plesk.page\/wp-content\/uploads\/2025\/06\/BusinessPlanning.png\" \/>\n<meta name=\"twitter:card\" content=\"summary_large_image\" \/>\n<meta name=\"twitter:label1\" content=\"Est. reading time\" \/>\n\t<meta name=\"twitter:data1\" content=\"2 minutes\" \/>\n<script type=\"application\/ld+json\" class=\"yoast-schema-graph\">{\"@context\":\"https:\/\/schema.org\",\"@graph\":[{\"@type\":\"WebPage\",\"@id\":\"https:\/\/pasch.es\/index.php\/mision-y-valores\/\",\"url\":\"https:\/\/pasch.es\/index.php\/mision-y-valores\/\",\"name\":\"MISI\u00d3N Y VALORES - pasch.es\",\"isPartOf\":{\"@id\":\"https:\/\/pasch.es\/#website\"},\"primaryImageOfPage\":{\"@id\":\"https:\/\/pasch.es\/index.php\/mision-y-valores\/#primaryimage\"},\"image\":{\"@id\":\"https:\/\/pasch.es\/index.php\/mision-y-valores\/#primaryimage\"},\"thumbnailUrl\":\"https:\/\/brave-easley.5-175-45-209.plesk.page\/wp-content\/uploads\/2025\/06\/BusinessPlanning.png\",\"datePublished\":\"2025-06-10T10:16:46+00:00\",\"dateModified\":\"2025-06-11T13:15:17+00:00\",\"breadcrumb\":{\"@id\":\"https:\/\/pasch.es\/index.php\/mision-y-valores\/#breadcrumb\"},\"inLanguage\":\"en-US\",\"potentialAction\":[{\"@type\":\"ReadAction\",\"target\":[\"https:\/\/pasch.es\/index.php\/mision-y-valores\/\"]}]},{\"@type\":\"ImageObject\",\"inLanguage\":\"en-US\",\"@id\":\"https:\/\/pasch.es\/index.php\/mision-y-valores\/#primaryimage\",\"url\":\"https:\/\/brave-easley.5-175-45-209.plesk.page\/wp-content\/uploads\/2025\/06\/BusinessPlanning.png\",\"contentUrl\":\"https:\/\/brave-easley.5-175-45-209.plesk.page\/wp-content\/uploads\/2025\/06\/BusinessPlanning.png\"},{\"@type\":\"BreadcrumbList\",\"@id\":\"https:\/\/pasch.es\/index.php\/mision-y-valores\/#breadcrumb\",\"itemListElement\":[{\"@type\":\"ListItem\",\"position\":1,\"name\":\"Portada\",\"item\":\"https:\/\/pasch.es\/\"},{\"@type\":\"ListItem\",\"position\":2,\"name\":\"MISI\u00d3N Y VALORES\"}]},{\"@type\":\"WebSite\",\"@id\":\"https:\/\/pasch.es\/#website\",\"url\":\"https:\/\/pasch.es\/\",\"name\":\"pasch.es\",\"description\":\"PASCH Y CIA\",\"publisher\":{\"@id\":\"https:\/\/pasch.es\/#organization\"},\"potentialAction\":[{\"@type\":\"SearchAction\",\"target\":{\"@type\":\"EntryPoint\",\"urlTemplate\":\"https:\/\/pasch.es\/?s={search_term_string}\"},\"query-input\":{\"@type\":\"PropertyValueSpecification\",\"valueRequired\":true,\"valueName\":\"search_term_string\"}}],\"inLanguage\":\"en-US\"},{\"@type\":\"Organization\",\"@id\":\"https:\/\/pasch.es\/#organization\",\"name\":\"pasch.es\",\"url\":\"https:\/\/pasch.es\/\",\"logo\":{\"@type\":\"ImageObject\",\"inLanguage\":\"en-US\",\"@id\":\"https:\/\/pasch.es\/#\/schema\/logo\/image\/\",\"url\":\"https:\/\/pasch.es\/wp-content\/uploads\/2025\/06\/PASCH-White.png\",\"contentUrl\":\"https:\/\/pasch.es\/wp-content\/uploads\/2025\/06\/PASCH-White.png\",\"width\":569,\"height\":147,\"caption\":\"pasch.es\"},\"image\":{\"@id\":\"https:\/\/pasch.es\/#\/schema\/logo\/image\/\"}}]}<\/script>\n<!-- \/ Yoast SEO plugin. -->","yoast_head_json":{"title":"MISI\u00d3N Y VALORES - pasch.es","robots":{"index":"index","follow":"follow","max-snippet":"max-snippet:-1","max-image-preview":"max-image-preview:large","max-video-preview":"max-video-preview:-1"},"canonical":"https:\/\/pasch.es\/index.php\/mision-y-valores\/","og_locale":"en_US","og_type":"article","og_title":"MISI\u00d3N Y VALORES - pasch.es","og_description":"MISION Y VALORES \u00a0 Desde su fundaci\u00f3n en 1.913, la misi\u00f3n central de PASCH radica en la consecuci\u00f3n de una plena satisfacci\u00f3n y fidelizaci\u00f3n en dos direcciones: de nuestros clientes y de las empresas cuyos intereses representamos. Esta misi\u00f3n s\u00f3lo se puede alcanzar y mantener ofreciendo productos y servicios de la m\u00e1s alta calidad y","og_url":"https:\/\/pasch.es\/index.php\/mision-y-valores\/","og_site_name":"pasch.es","article_modified_time":"2025-06-11T13:15:17+00:00","og_image":[{"url":"https:\/\/brave-easley.5-175-45-209.plesk.page\/wp-content\/uploads\/2025\/06\/BusinessPlanning.png","type":"","width":"","height":""}],"twitter_card":"summary_large_image","twitter_misc":{"Est. reading time":"2 minutes"},"schema":{"@context":"https:\/\/schema.org","@graph":[{"@type":"WebPage","@id":"https:\/\/pasch.es\/index.php\/mision-y-valores\/","url":"https:\/\/pasch.es\/index.php\/mision-y-valores\/","name":"MISI\u00d3N Y VALORES - pasch.es","isPartOf":{"@id":"https:\/\/pasch.es\/#website"},"primaryImageOfPage":{"@id":"https:\/\/pasch.es\/index.php\/mision-y-valores\/#primaryimage"},"image":{"@id":"https:\/\/pasch.es\/index.php\/mision-y-valores\/#primaryimage"},"thumbnailUrl":"https:\/\/brave-easley.5-175-45-209.plesk.page\/wp-content\/uploads\/2025\/06\/BusinessPlanning.png","datePublished":"2025-06-10T10:16:46+00:00","dateModified":"2025-06-11T13:15:17+00:00","breadcrumb":{"@id":"https:\/\/pasch.es\/index.php\/mision-y-valores\/#breadcrumb"},"inLanguage":"en-US","potentialAction":[{"@type":"ReadAction","target":["https:\/\/pasch.es\/index.php\/mision-y-valores\/"]}]},{"@type":"ImageObject","inLanguage":"en-US","@id":"https:\/\/pasch.es\/index.php\/mision-y-valores\/#primaryimage","url":"https:\/\/brave-easley.5-175-45-209.plesk.page\/wp-content\/uploads\/2025\/06\/BusinessPlanning.png","contentUrl":"https:\/\/brave-easley.5-175-45-209.plesk.page\/wp-content\/uploads\/2025\/06\/BusinessPlanning.png"},{"@type":"BreadcrumbList","@id":"https:\/\/pasch.es\/index.php\/mision-y-valores\/#breadcrumb","itemListElement":[{"@type":"ListItem","position":1,"name":"Portada","item":"https:\/\/pasch.es\/"},{"@type":"ListItem","position":2,"name":"MISI\u00d3N Y VALORES"}]},{"@type":"WebSite","@id":"https:\/\/pasch.es\/#website","url":"https:\/\/pasch.es\/","name":"pasch.es","description":"PASCH Y CIA","publisher":{"@id":"https:\/\/pasch.es\/#organization"},"potentialAction":[{"@type":"SearchAction","target":{"@type":"EntryPoint","urlTemplate":"https:\/\/pasch.es\/?s={search_term_string}"},"query-input":{"@type":"PropertyValueSpecification","valueRequired":true,"valueName":"search_term_string"}}],"inLanguage":"en-US"},{"@type":"Organization","@id":"https:\/\/pasch.es\/#organization","name":"pasch.es","url":"https:\/\/pasch.es\/","logo":{"@type":"ImageObject","inLanguage":"en-US","@id":"https:\/\/pasch.es\/#\/schema\/logo\/image\/","url":"https:\/\/pasch.es\/wp-content\/uploads\/2025\/06\/PASCH-White.png","contentUrl":"https:\/\/pasch.es\/wp-content\/uploads\/2025\/06\/PASCH-White.png","width":569,"height":147,"caption":"pasch.es"},"image":{"@id":"https:\/\/pasch.es\/#\/schema\/logo\/image\/"}}]}},"_links":{"self":[{"href":"https:\/\/pasch.es\/index.php\/wp-json\/wp\/v2\/pages\/7602","targetHints":{"allow":["GET"]}}],"collection":[{"href":"https:\/\/pasch.es\/index.php\/wp-json\/wp\/v2\/pages"}],"about":[{"href":"https:\/\/pasch.es\/index.php\/wp-json\/wp\/v2\/types\/page"}],"author":[{"embeddable":true,"href":"https:\/\/pasch.es\/index.php\/wp-json\/wp\/v2\/users\/1"}],"replies":[{"embeddable":true,"href":"https:\/\/pasch.es\/index.php\/wp-json\/wp\/v2\/comments?post=7602"}],"version-history":[{"count":4,"href":"https:\/\/pasch.es\/index.php\/wp-json\/wp\/v2\/pages\/7602\/revisions"}],"predecessor-version":[{"id":7835,"href":"https:\/\/pasch.es\/index.php\/wp-json\/wp\/v2\/pages\/7602\/revisions\/7835"}],"wp:attachment":[{"href":"https:\/\/pasch.es\/index.php\/wp-json\/wp\/v2\/media?parent=7602"}],"curies":[{"name":"wp","href":"https:\/\/api.w.org\/{rel}","templated":true}]}}