{"id":7719,"date":"2025-06-10T15:29:23","date_gmt":"2025-06-10T15:29:23","guid":{"rendered":"https:\/\/brave-easley.5-175-45-209.plesk.page\/?page_id=7719"},"modified":"2025-06-10T15:51:06","modified_gmt":"2025-06-10T15:51:06","slug":"quienes-somos","status":"publish","type":"page","link":"https:\/\/pasch.es\/index.php\/quienes-somos\/","title":{"rendered":"QUIENES SOMOS"},"content":{"rendered":"\t\t<div data-elementor-type=\"wp-page\" data-elementor-id=\"7719\" class=\"elementor elementor-7719\">\n\t\t\t\t<div class=\"elementor-element elementor-element-e936486 e-flex e-con-boxed e-con e-parent\" data-id=\"e936486\" data-element_type=\"container\" data-e-type=\"container\">\n\t\t\t\t\t<div class=\"e-con-inner\">\n\t\t\t\t<div class=\"elementor-element elementor-element-29dd5bd elementor-widget elementor-widget-heading\" data-id=\"29dd5bd\" data-element_type=\"widget\" data-e-type=\"widget\" data-widget_type=\"heading.default\">\n\t\t\t\t<div class=\"elementor-widget-container\">\n\t\t\t\t\t<h2 class=\"elementor-heading-title elementor-size-default\">SOBRE NOSOTROS<\/h2>\t\t\t\t<\/div>\n\t\t\t\t<\/div>\n\t\t\t\t\t<\/div>\n\t\t\t\t<\/div>\n\t\t<div class=\"elementor-element elementor-element-6f21461 e-flex e-con-boxed e-con e-parent\" data-id=\"6f21461\" data-element_type=\"container\" data-e-type=\"container\">\n\t\t\t\t\t<div class=\"e-con-inner\">\n\t\t\t\t<div class=\"elementor-element elementor-element-eb8fb93 elementor-widget elementor-widget-text-editor\" data-id=\"eb8fb93\" data-element_type=\"widget\" data-e-type=\"widget\" data-widget_type=\"text-editor.default\">\n\t\t\t\t<div class=\"elementor-widget-container\">\n\t\t\t\t\t\t\t\t\t<p>Desde su fundaci\u00f3n en el a\u00f1o 1.913, PASCH Y CIA., S.A . ha venido jugando un importante papel en el suministro y mantenimiento de bienes de equipo en Espa\u00f1a, habiendo participado de la mano de las empresas que representa en Espa\u00f1a en gran n\u00famero de proyectos industriales significativos para el Pa\u00eds.<\/p>\n<p>La actividad principal de PASCH desde su fundaci\u00f3n ha venido siendo la representaci\u00f3n en Espa\u00f1a y Portugal de fabricantes extranjeros de bienes de equipo de primer orden, tales como una parte significativa del grupo alem\u00e1n MAN, a quien representa formalmente en Espa\u00f1a desde 1.920. Es necesario resaltar la estabilidad de sus relaciones comerciales con la mayor parte de las empresas que representa, como se\u00f1al de la eficacia de su gesti\u00f3n y fruto de una pol\u00edtica de objetivos a largo plazo.<\/p>\n<p>La actividad de representaci\u00f3n se complementa, en especial en los \u00faltimos 15 a\u00f1os, con una mayor involucraci\u00f3n en el desarrollo de los proyectos y la creaci\u00f3n de una capacidad de ingenier\u00eda y desarrollo propias. Ello permite ofrecer al cliente una atenci\u00f3n local y altamente capacitada en la fase de proyecto como una asistencia postventa eficaz a trav\u00e9s tanto de medios propios (equipo t\u00e9cnico de mantenimiento, talleres, almacenes de repuestos) como en determinados campos (especialmente motores y energ\u00eda) a trav\u00e9s de una red comercial y de talleres de servicio oficiales. Ello responde asimismo a una raz\u00f3n estrat\u00e9gica de considerar una \u00f3ptima asistencia postventa como uno de los objetivos principales de la Empresa.<\/p>\n<p>Si bien los distintos campos de actividad tienen un origen com\u00fan (los sectores naval, energ\u00e9tico y ferroviario tienen al \u201cmotor diesel\u201d como origen), se han ido complementando con otros equipos en aras a aprovechar las sinergias que ofrece la larga introducci\u00f3n de PASCH en estos campos. Como fruto de ello, PASCH ofrece hoy en d\u00eda en estos sectores bienes de equipo de primer orden y de contrastado prestigio.<\/p>\n<p>En la actualidad, PASCH dispone de cuatro oficinas (Bilbao, Madrid, Barcelona, y Lisboa), talleres de reparaci\u00f3n en Bilbao y almac\u00e9n de repuestos en Bilbao, Madrid y Barcelona. Cuenta asimismo con un personal altamente cualificado y formado en su mayor\u00eda por los propios fabricantes de bienes de equipo extranjeros, constituido principalmente por t\u00e9cnicos titulados en las diversas ramas de actividad.<\/p>\n\t\t\t\t\t\t\t\t<\/div>\n\t\t\t\t<\/div>\n\t\t\t\t<div class=\"elementor-element elementor-element-60a4132 elementor-widget elementor-widget-image\" data-id=\"60a4132\" data-element_type=\"widget\" data-e-type=\"widget\" data-widget_type=\"image.default\">\n\t\t\t\t<div class=\"elementor-widget-container\">\n\t\t\t\t\t\t\t\t\t\t\t\t\t\t\t<img fetchpriority=\"high\" decoding=\"async\" width=\"2560\" height=\"1687\" src=\"https:\/\/pasch.es\/wp-content\/uploads\/2025\/06\/PaschGroup1-scaled.png\" class=\"attachment-full size-full wp-image-7721\" alt=\"\" srcset=\"https:\/\/pasch.es\/wp-content\/uploads\/2025\/06\/PaschGroup1-scaled.png 2560w, https:\/\/pasch.es\/wp-content\/uploads\/2025\/06\/PaschGroup1-300x198.png 300w, https:\/\/pasch.es\/wp-content\/uploads\/2025\/06\/PaschGroup1-1024x675.png 1024w, https:\/\/pasch.es\/wp-content\/uploads\/2025\/06\/PaschGroup1-768x506.png 768w, https:\/\/pasch.es\/wp-content\/uploads\/2025\/06\/PaschGroup1-1536x1012.png 1536w, https:\/\/pasch.es\/wp-content\/uploads\/2025\/06\/PaschGroup1-2048x1350.png 2048w, https:\/\/pasch.es\/wp-content\/uploads\/2025\/06\/PaschGroup1-900x593.png 900w, https:\/\/pasch.es\/wp-content\/uploads\/2025\/06\/PaschGroup1-600x395.png 600w\" sizes=\"(max-width: 2560px) 100vw, 2560px\" \/>\t\t\t\t\t\t\t\t\t\t\t\t\t\t\t<\/div>\n\t\t\t\t<\/div>\n\t\t\t\t\t<\/div>\n\t\t\t\t<\/div>\n\t\t\t\t<\/div>\n\t\t","protected":false},"excerpt":{"rendered":"<p>SOBRE NOSOTROS Desde su fundaci\u00f3n en el a\u00f1o 1.913, PASCH Y CIA., S.A . ha venido jugando un importante papel en el suministro y mantenimiento de bienes de equipo en Espa\u00f1a, habiendo participado de la mano de las empresas que representa en Espa\u00f1a en gran n\u00famero de proyectos industriales significativos para el Pa\u00eds. La actividad<\/p>\n","protected":false},"author":1,"featured_media":0,"parent":0,"menu_order":0,"comment_status":"closed","ping_status":"closed","template":"","meta":{"footnotes":""},"class_list":["post-7719","page","type-page","status-publish","hentry"],"yoast_head":"<!-- This site is optimized with the Yoast SEO plugin v27.4 - https:\/\/yoast.com\/product\/yoast-seo-wordpress\/ -->\n<title>QUIENES SOMOS - pasch.es<\/title>\n<meta name=\"robots\" content=\"index, follow, max-snippet:-1, max-image-preview:large, max-video-preview:-1\" \/>\n<link rel=\"canonical\" href=\"https:\/\/pasch.es\/index.php\/quienes-somos\/\" \/>\n<meta property=\"og:locale\" content=\"en_US\" \/>\n<meta property=\"og:type\" content=\"article\" \/>\n<meta property=\"og:title\" content=\"QUIENES SOMOS - pasch.es\" \/>\n<meta property=\"og:description\" content=\"SOBRE NOSOTROS Desde su fundaci\u00f3n en el a\u00f1o 1.913, PASCH Y CIA., S.A . ha venido jugando un importante papel en el suministro y mantenimiento de bienes de equipo en Espa\u00f1a, habiendo participado de la mano de las empresas que representa en Espa\u00f1a en gran n\u00famero de proyectos industriales significativos para el Pa\u00eds. La actividad\" \/>\n<meta property=\"og:url\" content=\"https:\/\/pasch.es\/index.php\/quienes-somos\/\" \/>\n<meta property=\"og:site_name\" content=\"pasch.es\" \/>\n<meta property=\"article:modified_time\" content=\"2025-06-10T15:51:06+00:00\" \/>\n<meta property=\"og:image\" content=\"https:\/\/brave-easley.5-175-45-209.plesk.page\/wp-content\/uploads\/2025\/06\/PaschGroup1-scaled.png\" \/>\n<meta name=\"twitter:card\" content=\"summary_large_image\" \/>\n<meta name=\"twitter:label1\" content=\"Est. reading time\" \/>\n\t<meta name=\"twitter:data1\" content=\"2 minutes\" \/>\n<script type=\"application\/ld+json\" class=\"yoast-schema-graph\">{\"@context\":\"https:\\\/\\\/schema.org\",\"@graph\":[{\"@type\":\"WebPage\",\"@id\":\"https:\\\/\\\/pasch.es\\\/index.php\\\/quienes-somos\\\/\",\"url\":\"https:\\\/\\\/pasch.es\\\/index.php\\\/quienes-somos\\\/\",\"name\":\"QUIENES SOMOS - pasch.es\",\"isPartOf\":{\"@id\":\"https:\\\/\\\/pasch.es\\\/#website\"},\"primaryImageOfPage\":{\"@id\":\"https:\\\/\\\/pasch.es\\\/index.php\\\/quienes-somos\\\/#primaryimage\"},\"image\":{\"@id\":\"https:\\\/\\\/pasch.es\\\/index.php\\\/quienes-somos\\\/#primaryimage\"},\"thumbnailUrl\":\"https:\\\/\\\/brave-easley.5-175-45-209.plesk.page\\\/wp-content\\\/uploads\\\/2025\\\/06\\\/PaschGroup1-scaled.png\",\"datePublished\":\"2025-06-10T15:29:23+00:00\",\"dateModified\":\"2025-06-10T15:51:06+00:00\",\"breadcrumb\":{\"@id\":\"https:\\\/\\\/pasch.es\\\/index.php\\\/quienes-somos\\\/#breadcrumb\"},\"inLanguage\":\"en-US\",\"potentialAction\":[{\"@type\":\"ReadAction\",\"target\":[\"https:\\\/\\\/pasch.es\\\/index.php\\\/quienes-somos\\\/\"]}]},{\"@type\":\"ImageObject\",\"inLanguage\":\"en-US\",\"@id\":\"https:\\\/\\\/pasch.es\\\/index.php\\\/quienes-somos\\\/#primaryimage\",\"url\":\"https:\\\/\\\/brave-easley.5-175-45-209.plesk.page\\\/wp-content\\\/uploads\\\/2025\\\/06\\\/PaschGroup1-scaled.png\",\"contentUrl\":\"https:\\\/\\\/brave-easley.5-175-45-209.plesk.page\\\/wp-content\\\/uploads\\\/2025\\\/06\\\/PaschGroup1-scaled.png\"},{\"@type\":\"BreadcrumbList\",\"@id\":\"https:\\\/\\\/pasch.es\\\/index.php\\\/quienes-somos\\\/#breadcrumb\",\"itemListElement\":[{\"@type\":\"ListItem\",\"position\":1,\"name\":\"Portada\",\"item\":\"https:\\\/\\\/pasch.es\\\/\"},{\"@type\":\"ListItem\",\"position\":2,\"name\":\"QUIENES SOMOS\"}]},{\"@type\":\"WebSite\",\"@id\":\"https:\\\/\\\/pasch.es\\\/#website\",\"url\":\"https:\\\/\\\/pasch.es\\\/\",\"name\":\"pasch.es\",\"description\":\"PASCH Y CIA\",\"publisher\":{\"@id\":\"https:\\\/\\\/pasch.es\\\/#organization\"},\"potentialAction\":[{\"@type\":\"SearchAction\",\"target\":{\"@type\":\"EntryPoint\",\"urlTemplate\":\"https:\\\/\\\/pasch.es\\\/?s={search_term_string}\"},\"query-input\":{\"@type\":\"PropertyValueSpecification\",\"valueRequired\":true,\"valueName\":\"search_term_string\"}}],\"inLanguage\":\"en-US\"},{\"@type\":\"Organization\",\"@id\":\"https:\\\/\\\/pasch.es\\\/#organization\",\"name\":\"pasch.es\",\"url\":\"https:\\\/\\\/pasch.es\\\/\",\"logo\":{\"@type\":\"ImageObject\",\"inLanguage\":\"en-US\",\"@id\":\"https:\\\/\\\/pasch.es\\\/#\\\/schema\\\/logo\\\/image\\\/\",\"url\":\"https:\\\/\\\/pasch.es\\\/wp-content\\\/uploads\\\/2025\\\/06\\\/PASCH-White.png\",\"contentUrl\":\"https:\\\/\\\/pasch.es\\\/wp-content\\\/uploads\\\/2025\\\/06\\\/PASCH-White.png\",\"width\":569,\"height\":147,\"caption\":\"pasch.es\"},\"image\":{\"@id\":\"https:\\\/\\\/pasch.es\\\/#\\\/schema\\\/logo\\\/image\\\/\"}}]}<\/script>\n<!-- \/ Yoast SEO plugin. -->","yoast_head_json":{"title":"QUIENES SOMOS - pasch.es","robots":{"index":"index","follow":"follow","max-snippet":"max-snippet:-1","max-image-preview":"max-image-preview:large","max-video-preview":"max-video-preview:-1"},"canonical":"https:\/\/pasch.es\/index.php\/quienes-somos\/","og_locale":"en_US","og_type":"article","og_title":"QUIENES SOMOS - pasch.es","og_description":"SOBRE NOSOTROS Desde su fundaci\u00f3n en el a\u00f1o 1.913, PASCH Y CIA., S.A . ha venido jugando un importante papel en el suministro y mantenimiento de bienes de equipo en Espa\u00f1a, habiendo participado de la mano de las empresas que representa en Espa\u00f1a en gran n\u00famero de proyectos industriales significativos para el Pa\u00eds. La actividad","og_url":"https:\/\/pasch.es\/index.php\/quienes-somos\/","og_site_name":"pasch.es","article_modified_time":"2025-06-10T15:51:06+00:00","og_image":[{"url":"https:\/\/brave-easley.5-175-45-209.plesk.page\/wp-content\/uploads\/2025\/06\/PaschGroup1-scaled.png","type":"","width":"","height":""}],"twitter_card":"summary_large_image","twitter_misc":{"Est. reading time":"2 minutes"},"schema":{"@context":"https:\/\/schema.org","@graph":[{"@type":"WebPage","@id":"https:\/\/pasch.es\/index.php\/quienes-somos\/","url":"https:\/\/pasch.es\/index.php\/quienes-somos\/","name":"QUIENES SOMOS - pasch.es","isPartOf":{"@id":"https:\/\/pasch.es\/#website"},"primaryImageOfPage":{"@id":"https:\/\/pasch.es\/index.php\/quienes-somos\/#primaryimage"},"image":{"@id":"https:\/\/pasch.es\/index.php\/quienes-somos\/#primaryimage"},"thumbnailUrl":"https:\/\/brave-easley.5-175-45-209.plesk.page\/wp-content\/uploads\/2025\/06\/PaschGroup1-scaled.png","datePublished":"2025-06-10T15:29:23+00:00","dateModified":"2025-06-10T15:51:06+00:00","breadcrumb":{"@id":"https:\/\/pasch.es\/index.php\/quienes-somos\/#breadcrumb"},"inLanguage":"en-US","potentialAction":[{"@type":"ReadAction","target":["https:\/\/pasch.es\/index.php\/quienes-somos\/"]}]},{"@type":"ImageObject","inLanguage":"en-US","@id":"https:\/\/pasch.es\/index.php\/quienes-somos\/#primaryimage","url":"https:\/\/brave-easley.5-175-45-209.plesk.page\/wp-content\/uploads\/2025\/06\/PaschGroup1-scaled.png","contentUrl":"https:\/\/brave-easley.5-175-45-209.plesk.page\/wp-content\/uploads\/2025\/06\/PaschGroup1-scaled.png"},{"@type":"BreadcrumbList","@id":"https:\/\/pasch.es\/index.php\/quienes-somos\/#breadcrumb","itemListElement":[{"@type":"ListItem","position":1,"name":"Portada","item":"https:\/\/pasch.es\/"},{"@type":"ListItem","position":2,"name":"QUIENES SOMOS"}]},{"@type":"WebSite","@id":"https:\/\/pasch.es\/#website","url":"https:\/\/pasch.es\/","name":"pasch.es","description":"PASCH Y CIA","publisher":{"@id":"https:\/\/pasch.es\/#organization"},"potentialAction":[{"@type":"SearchAction","target":{"@type":"EntryPoint","urlTemplate":"https:\/\/pasch.es\/?s={search_term_string}"},"query-input":{"@type":"PropertyValueSpecification","valueRequired":true,"valueName":"search_term_string"}}],"inLanguage":"en-US"},{"@type":"Organization","@id":"https:\/\/pasch.es\/#organization","name":"pasch.es","url":"https:\/\/pasch.es\/","logo":{"@type":"ImageObject","inLanguage":"en-US","@id":"https:\/\/pasch.es\/#\/schema\/logo\/image\/","url":"https:\/\/pasch.es\/wp-content\/uploads\/2025\/06\/PASCH-White.png","contentUrl":"https:\/\/pasch.es\/wp-content\/uploads\/2025\/06\/PASCH-White.png","width":569,"height":147,"caption":"pasch.es"},"image":{"@id":"https:\/\/pasch.es\/#\/schema\/logo\/image\/"}}]}},"_links":{"self":[{"href":"https:\/\/pasch.es\/index.php\/wp-json\/wp\/v2\/pages\/7719","targetHints":{"allow":["GET"]}}],"collection":[{"href":"https:\/\/pasch.es\/index.php\/wp-json\/wp\/v2\/pages"}],"about":[{"href":"https:\/\/pasch.es\/index.php\/wp-json\/wp\/v2\/types\/page"}],"author":[{"embeddable":true,"href":"https:\/\/pasch.es\/index.php\/wp-json\/wp\/v2\/users\/1"}],"replies":[{"embeddable":true,"href":"https:\/\/pasch.es\/index.php\/wp-json\/wp\/v2\/comments?post=7719"}],"version-history":[{"count":10,"href":"https:\/\/pasch.es\/index.php\/wp-json\/wp\/v2\/pages\/7719\/revisions"}],"predecessor-version":[{"id":7736,"href":"https:\/\/pasch.es\/index.php\/wp-json\/wp\/v2\/pages\/7719\/revisions\/7736"}],"wp:attachment":[{"href":"https:\/\/pasch.es\/index.php\/wp-json\/wp\/v2\/media?parent=7719"}],"curies":[{"name":"wp","href":"https:\/\/api.w.org\/{rel}","templated":true}]}}