{"id":7737,"date":"2025-06-11T07:01:37","date_gmt":"2025-06-11T07:01:37","guid":{"rendered":"https:\/\/brave-easley.5-175-45-209.plesk.page\/?page_id=7737"},"modified":"2025-06-11T07:13:44","modified_gmt":"2025-06-11T07:13:44","slug":"historia","status":"publish","type":"page","link":"https:\/\/pasch.es\/index.php\/historia\/","title":{"rendered":"HISTORIA"},"content":{"rendered":"\t\t<div data-elementor-type=\"wp-page\" data-elementor-id=\"7737\" class=\"elementor elementor-7737\">\n\t\t\t\t<div class=\"elementor-element elementor-element-099773b e-flex e-con-boxed e-con e-parent\" data-id=\"099773b\" data-element_type=\"container\" data-e-type=\"container\">\n\t\t\t\t\t<div class=\"e-con-inner\">\n\t\t\t\t<div class=\"elementor-element elementor-element-90be0aa elementor-widget elementor-widget-image\" data-id=\"90be0aa\" data-element_type=\"widget\" data-e-type=\"widget\" data-widget_type=\"image.default\">\n\t\t\t\t<div class=\"elementor-widget-container\">\n\t\t\t\t\t\t\t\t\t\t\t\t\t\t\t<img fetchpriority=\"high\" decoding=\"async\" width=\"1500\" height=\"412\" src=\"https:\/\/pasch.es\/wp-content\/uploads\/2025\/06\/Bilbao1913.png\" class=\"attachment-full size-full wp-image-7745\" alt=\"\" srcset=\"https:\/\/pasch.es\/wp-content\/uploads\/2025\/06\/Bilbao1913.png 1500w, https:\/\/pasch.es\/wp-content\/uploads\/2025\/06\/Bilbao1913-300x82.png 300w, https:\/\/pasch.es\/wp-content\/uploads\/2025\/06\/Bilbao1913-1024x281.png 1024w, https:\/\/pasch.es\/wp-content\/uploads\/2025\/06\/Bilbao1913-768x211.png 768w, https:\/\/pasch.es\/wp-content\/uploads\/2025\/06\/Bilbao1913-900x247.png 900w, https:\/\/pasch.es\/wp-content\/uploads\/2025\/06\/Bilbao1913-600x165.png 600w\" sizes=\"(max-width: 1500px) 100vw, 1500px\" \/>\t\t\t\t\t\t\t\t\t\t\t\t\t\t\t<\/div>\n\t\t\t\t<\/div>\n\t\t\t\t\t<\/div>\n\t\t\t\t<\/div>\n\t\t<div class=\"elementor-element elementor-element-e936486 e-flex e-con-boxed e-con e-parent\" data-id=\"e936486\" data-element_type=\"container\" data-e-type=\"container\">\n\t\t\t\t\t<div class=\"e-con-inner\">\n\t\t\t\t<div class=\"elementor-element elementor-element-29dd5bd elementor-widget elementor-widget-heading\" data-id=\"29dd5bd\" data-element_type=\"widget\" data-e-type=\"widget\" data-widget_type=\"heading.default\">\n\t\t\t\t<div class=\"elementor-widget-container\">\n\t\t\t\t\t<h2 class=\"elementor-heading-title elementor-size-default\">EL COMIENZO DE PASCH<\/h2>\t\t\t\t<\/div>\n\t\t\t\t<\/div>\n\t\t\t\t\t<\/div>\n\t\t\t\t<\/div>\n\t\t<div class=\"elementor-element elementor-element-a0902b7 e-flex e-con-boxed e-con e-parent\" data-id=\"a0902b7\" data-element_type=\"container\" data-e-type=\"container\">\n\t\t\t\t\t<div class=\"e-con-inner\">\n\t\t<div class=\"elementor-element elementor-element-92a1456 e-con-full e-flex e-con e-child\" data-id=\"92a1456\" data-element_type=\"container\" data-e-type=\"container\">\n\t\t\t\t<div class=\"elementor-element elementor-element-16ed43b elementor-widget elementor-widget-text-editor\" data-id=\"16ed43b\" data-element_type=\"widget\" data-e-type=\"widget\" data-widget_type=\"text-editor.default\">\n\t\t\t\t<div class=\"elementor-widget-container\">\n\t\t\t\t\t\t\t\t\t<p style=\"margin-bottom: 15px; line-height: 26px; font-size: 14px;\">La historia de esta empresa familiar, que hoy continua en su tercera generaci\u00f3n, se inicia a finales del a\u00f1o 1913 cuando Guillermo Pasch Juffernbruch llega a Bilbao comisionado por la empresa alemana Schalke Erzstudiengesellschaft para analizar los yacimientos de hierro y manganeso, de gran inter\u00e9s para la industria alemana. El gran desarrollo industrial que en aquellos a\u00f1os dominaba la R\u00eda de Bilbao, con sus altos hornos, sus astilleros, miner\u00eda o qu\u00edmica son un atractivo irresistible para un joven inquieto y con ganas de comerse el mundo. Por ello, al poco de llegar, decide independizarse y establecerse definitivamente en Bilbao. Y as\u00ed, al mismo tiempo que procede a la fundaci\u00f3n de la Empresa, funda tambi\u00e9n una familia que le hace ya residir definitivamente en Espa\u00f1a hasta su fallecimiento en 1985.<\/p>\n<p style=\"margin-bottom: 15px; line-height: 26px; font-size: 14px;\">La empresa PASCH tiene desde sus inicios como objeto principal el suministro de bienes de equipo y plantas industriales, representando en Espa\u00f1a a diversos fabricantes extranjeros. Ya en 1919 se inicia la colaboraci\u00f3n con el grupo alem\u00e1n MAN y con sus diferentes divisiones de motores diesel, turbomaquinaria, siderometal\u00fargica, etc. A lo largo de los 94 a\u00f1os de esta continuada colaboraci\u00f3n, aparte de los suministros m\u00e1s habituales de motores, compresores o turbinas, se han desarrollado algunos proyectos de especial inter\u00e9s. Desde la maquinaria del puente levadizo de Deusto de Bilbao en 1935 (un s\u00edmbolo para la Empresa), los hornos altos de Altos Hornos de Vizcaya en los a\u00f1os 50, la nueva acer\u00eda LDIII de Ensidesa en Avil\u00e9s a finales de los 80, uno de los primeros parques e\u00f3licos en Cabo Villano o los radiotelescopios instalados en Pico Veleta y Yeles.<\/p>\n<p style=\"line-height: 26px; font-size: 14px;\">Guillermo Pasch J., como gran so\u00f1ador que era, promovi\u00f3 algunos proyectos singulares como la fundaci\u00f3n en 1922 Col\u00f3n Compa\u00f1\u00eda Transa\u00e9rea Espa\u00f1ola, la primera compa\u00f1\u00eda a\u00e9rea espa\u00f1ola que deb\u00eda operar la ruta transatl\u00e1ntica con zeppelines. O la fundaci\u00f3n en los a\u00f1os 50 de la Compa\u00f1\u00eda Petrol\u00edfera Ib\u00e9rica que desarroll\u00f3 prospecciones en la provincia de Burgos. Al amparo del crecimiento del sector cer\u00e1mico espa\u00f1ol, en los a\u00f1os 70 se fund\u00f3 Colores Cer\u00e1micos de Tortosa, l\u00edder tecnol\u00f3gico en su sector.<\/p>\n\t\t\t\t\t\t\t\t<\/div>\n\t\t\t\t<\/div>\n\t\t\t\t<\/div>\n\t\t<div class=\"elementor-element elementor-element-ed4fb1b e-con-full e-flex e-con e-child\" data-id=\"ed4fb1b\" data-element_type=\"container\" data-e-type=\"container\">\n\t\t<div class=\"elementor-element elementor-element-cda34f6 e-con-full e-flex e-con e-child\" data-id=\"cda34f6\" data-element_type=\"container\" data-e-type=\"container\">\n\t\t\t\t<div class=\"elementor-element elementor-element-7b69cd3 elementor-widget elementor-widget-image\" data-id=\"7b69cd3\" data-element_type=\"widget\" data-e-type=\"widget\" data-widget_type=\"image.default\">\n\t\t\t\t<div class=\"elementor-widget-container\">\n\t\t\t\t\t\t\t\t\t\t\t\t\t\t\t<img decoding=\"async\" width=\"200\" height=\"249\" src=\"https:\/\/pasch.es\/wp-content\/uploads\/2025\/06\/PaschHistorico-200x249-1.jpg\" class=\"attachment-large size-large wp-image-7743\" alt=\"\" \/>\t\t\t\t\t\t\t\t\t\t\t\t\t\t\t<\/div>\n\t\t\t\t<\/div>\n\t\t<div class=\"elementor-element elementor-element-0260a24 e-con-full e-flex e-con e-child\" data-id=\"0260a24\" data-element_type=\"container\" data-e-type=\"container\">\n\t\t\t\t<\/div>\n\t\t\t\t<div class=\"elementor-element elementor-element-08390d8 elementor-widget elementor-widget-image\" data-id=\"08390d8\" data-element_type=\"widget\" data-e-type=\"widget\" data-widget_type=\"image.default\">\n\t\t\t\t<div class=\"elementor-widget-container\">\n\t\t\t\t\t\t\t\t\t\t\t\t\t\t\t<img decoding=\"async\" width=\"200\" height=\"249\" src=\"https:\/\/pasch.es\/wp-content\/uploads\/2025\/06\/PaschHistorico3-200x249-1.jpg\" class=\"attachment-large size-large wp-image-7742\" alt=\"\" \/>\t\t\t\t\t\t\t\t\t\t\t\t\t\t\t<\/div>\n\t\t\t\t<\/div>\n\t\t\t\t<\/div>\n\t\t\t\t<\/div>\n\t\t\t\t\t<\/div>\n\t\t\t\t<\/div>\n\t\t<div class=\"elementor-element elementor-element-3a64afe e-flex e-con-boxed e-con e-parent\" data-id=\"3a64afe\" data-element_type=\"container\" data-e-type=\"container\">\n\t\t\t\t\t<div class=\"e-con-inner\">\n\t\t\t\t<div class=\"elementor-element elementor-element-5939ee8 elementor-widget elementor-widget-image\" data-id=\"5939ee8\" data-element_type=\"widget\" data-e-type=\"widget\" data-widget_type=\"image.default\">\n\t\t\t\t<div class=\"elementor-widget-container\">\n\t\t\t\t\t\t\t\t\t\t\t\t\t\t\t<img loading=\"lazy\" decoding=\"async\" width=\"1024\" height=\"281\" src=\"https:\/\/pasch.es\/wp-content\/uploads\/2025\/06\/PASCHCentenario-1024x281.png\" class=\"attachment-large size-large wp-image-7744\" alt=\"\" srcset=\"https:\/\/pasch.es\/wp-content\/uploads\/2025\/06\/PASCHCentenario-1024x281.png 1024w, https:\/\/pasch.es\/wp-content\/uploads\/2025\/06\/PASCHCentenario-300x82.png 300w, https:\/\/pasch.es\/wp-content\/uploads\/2025\/06\/PASCHCentenario-768x211.png 768w, https:\/\/pasch.es\/wp-content\/uploads\/2025\/06\/PASCHCentenario-900x247.png 900w, https:\/\/pasch.es\/wp-content\/uploads\/2025\/06\/PASCHCentenario-600x165.png 600w, https:\/\/pasch.es\/wp-content\/uploads\/2025\/06\/PASCHCentenario.png 1500w\" sizes=\"(max-width: 1024px) 100vw, 1024px\" \/>\t\t\t\t\t\t\t\t\t\t\t\t\t\t\t<\/div>\n\t\t\t\t<\/div>\n\t\t\t\t\t<\/div>\n\t\t\t\t<\/div>\n\t\t<div class=\"elementor-element elementor-element-f8dc99e e-flex e-con-boxed e-con e-parent\" data-id=\"f8dc99e\" data-element_type=\"container\" data-e-type=\"container\">\n\t\t\t\t\t<div class=\"e-con-inner\">\n\t\t\t\t<div class=\"elementor-element elementor-element-2b61fcd elementor-widget elementor-widget-heading\" data-id=\"2b61fcd\" data-element_type=\"widget\" data-e-type=\"widget\" data-widget_type=\"heading.default\">\n\t\t\t\t<div class=\"elementor-widget-container\">\n\t\t\t\t\t<h2 class=\"elementor-heading-title elementor-size-default\">PASCH EN LA ACTUALIDAD<\/h2>\t\t\t\t<\/div>\n\t\t\t\t<\/div>\n\t\t\t\t\t<\/div>\n\t\t\t\t<\/div>\n\t\t<div class=\"elementor-element elementor-element-315299f e-flex e-con-boxed e-con e-parent\" data-id=\"315299f\" data-element_type=\"container\" data-e-type=\"container\">\n\t\t\t\t\t<div class=\"e-con-inner\">\n\t\t<div class=\"elementor-element elementor-element-373c52a e-con-full e-flex e-con e-child\" data-id=\"373c52a\" data-element_type=\"container\" data-e-type=\"container\">\n\t\t<div class=\"elementor-element elementor-element-3501d48 e-con-full e-flex e-con e-child\" data-id=\"3501d48\" data-element_type=\"container\" data-e-type=\"container\">\n\t\t\t\t<div class=\"elementor-element elementor-element-f3d991e elementor-widget elementor-widget-image\" data-id=\"f3d991e\" data-element_type=\"widget\" data-e-type=\"widget\" data-widget_type=\"image.default\">\n\t\t\t\t<div class=\"elementor-widget-container\">\n\t\t\t\t\t\t\t\t\t\t\t\t\t\t\t<img loading=\"lazy\" decoding=\"async\" width=\"300\" height=\"218\" src=\"https:\/\/pasch.es\/wp-content\/uploads\/2025\/06\/RENFEAve.png\" class=\"attachment-large size-large wp-image-7741\" alt=\"\" \/>\t\t\t\t\t\t\t\t\t\t\t\t\t\t\t<\/div>\n\t\t\t\t<\/div>\n\t\t\t\t<div class=\"elementor-element elementor-element-41c7325 elementor-widget elementor-widget-image\" data-id=\"41c7325\" data-element_type=\"widget\" data-e-type=\"widget\" data-widget_type=\"image.default\">\n\t\t\t\t<div class=\"elementor-widget-container\">\n\t\t\t\t\t\t\t\t\t\t\t\t\t\t\t<img loading=\"lazy\" decoding=\"async\" width=\"300\" height=\"218\" src=\"https:\/\/pasch.es\/wp-content\/uploads\/2025\/06\/MANTurbine.png\" class=\"attachment-large size-large wp-image-7740\" alt=\"\" \/>\t\t\t\t\t\t\t\t\t\t\t\t\t\t\t<\/div>\n\t\t\t\t<\/div>\n\t\t\t\t<div class=\"elementor-element elementor-element-9ea39dc elementor-widget elementor-widget-image\" data-id=\"9ea39dc\" data-element_type=\"widget\" data-e-type=\"widget\" data-widget_type=\"image.default\">\n\t\t\t\t<div class=\"elementor-widget-container\">\n\t\t\t\t\t\t\t\t\t\t\t\t\t\t\t<img loading=\"lazy\" decoding=\"async\" width=\"300\" height=\"218\" src=\"https:\/\/pasch.es\/wp-content\/uploads\/2025\/06\/AstondoaYate.png\" class=\"attachment-large size-large wp-image-7739\" alt=\"\" \/>\t\t\t\t\t\t\t\t\t\t\t\t\t\t\t<\/div>\n\t\t\t\t<\/div>\n\t\t\t\t<\/div>\n\t\t\t\t<\/div>\n\t\t<div class=\"elementor-element elementor-element-47eab88 e-con-full e-flex e-con e-child\" data-id=\"47eab88\" data-element_type=\"container\" data-e-type=\"container\">\n\t\t\t\t<div class=\"elementor-element elementor-element-1845b85 elementor-widget elementor-widget-text-editor\" data-id=\"1845b85\" data-element_type=\"widget\" data-e-type=\"widget\" data-widget_type=\"text-editor.default\">\n\t\t\t\t<div class=\"elementor-widget-container\">\n\t\t\t\t\t\t\t\t\t<p>Actualmente PASCH centra su actividad en tres campos principales: Naval, Ferroviario y Generaci\u00f3n-Proceso. En todos ellos colabora con empresas de primer orden, desde la citada MAN, a Siemens Turbomachinery, Voest Alpine, Doosan o Blohm &amp; Voss. Y en todos ellos ha tenido la oportunidad de participar en los proyectos m\u00e1s significativos.<\/p>\n<p>En el sector ferroviario, en el que ya en los a\u00f1os 50 se suministraban trenes completos de MAN, posteriormente fabricados en MACOSA\u00a0bajo licencia MAN. A finales de los \u201980 PASCH particip\u00f3 en el contrato para la construcci\u00f3n del Metro de Medell\u00edn. Y al mismo tiempo suministr\u00f3 con BWG los desv\u00edos para la primera l\u00ednea del AVE Madrid-Sevilla, aportando asimismo la ingenier\u00eda de DeConsult.<\/p>\n<p>En colaboraci\u00f3n con Deutsche Babcock FERRIBERIA (filial de PASCH) construy\u00f3 en 1991 la planta incineradora de residuos urbanos de Tarragona, con 22 a\u00f1os de satisfactoria operaci\u00f3n, participando posteriormente en la construcci\u00f3n de la planta de Tirme-Mallorca. Y en los \u00faltimos a\u00f1os ha destacado tambi\u00e9n la involucraci\u00f3n de PASCH en numerosos proyectos de energ\u00edas renovables, suministrando los equipos principales para plantas de cogeneraci\u00f3n, biomasa o centrales termosolares. Cabe destacar su participaci\u00f3n en diversos proyectos de plantas termosolares y, especialmente, en la primera planta termosolar h\u00edbrida con generaci\u00f3n de biomasa de Borges Blanques (Lleida). Mencionar asimismo la recuperaci\u00f3n energ\u00e9tica de la planta valorizaci\u00f3n de residuos de Matar\u00f3.<\/p>\n<p>Finalmente, el sector marino ha sido desde su fundaci\u00f3n un eje fundamental en la actividad de PASCH, iniciado con el suministro de motores marinos que se mantiene hoy en d\u00eda con una amplia red de comercializaci\u00f3n y asistencia t\u00e9cnica de motores marinos como MAN, Doosan, Nanni Diesel o Steyr. Hitos curiosos como la construcci\u00f3n en 1927 de uno de los primeros submarinos E-1 en Espa\u00f1a en Astilleros de C\u00e1diz, para el que se suministraron tanto los motores de MAN como el propio dise\u00f1o de Blohm &amp; Voss. O el JJ Sister de Transmediterr\u00e1nea, que en 1923 constituy\u00f3 una de las primeras transformaciones de propulsi\u00f3n de vapor a diesel.<\/p>\n\t\t\t\t\t\t\t\t<\/div>\n\t\t\t\t<\/div>\n\t\t\t\t<\/div>\n\t\t\t\t\t<\/div>\n\t\t\t\t<\/div>\n\t\t\t\t<\/div>\n\t\t","protected":false},"excerpt":{"rendered":"<p>EL COMIENZO DE PASCH La historia de esta empresa familiar, que hoy continua en su tercera generaci\u00f3n, se inicia a finales del a\u00f1o 1913 cuando Guillermo Pasch Juffernbruch llega a Bilbao comisionado por la empresa alemana Schalke Erzstudiengesellschaft para analizar los yacimientos de hierro y manganeso, de gran inter\u00e9s para la industria alemana. El gran<\/p>\n","protected":false},"author":1,"featured_media":0,"parent":0,"menu_order":0,"comment_status":"closed","ping_status":"closed","template":"","meta":{"footnotes":""},"class_list":["post-7737","page","type-page","status-publish","hentry"],"yoast_head":"<!-- This site is optimized with the Yoast SEO plugin v27.4 - https:\/\/yoast.com\/product\/yoast-seo-wordpress\/ -->\n<title>HISTORIA - pasch.es<\/title>\n<meta name=\"robots\" content=\"index, follow, max-snippet:-1, max-image-preview:large, max-video-preview:-1\" \/>\n<link rel=\"canonical\" href=\"https:\/\/pasch.es\/index.php\/historia\/\" \/>\n<meta property=\"og:locale\" content=\"en_US\" \/>\n<meta property=\"og:type\" content=\"article\" \/>\n<meta property=\"og:title\" content=\"HISTORIA - pasch.es\" \/>\n<meta property=\"og:description\" content=\"EL COMIENZO DE PASCH La historia de esta empresa familiar, que hoy continua en su tercera generaci\u00f3n, se inicia a finales del a\u00f1o 1913 cuando Guillermo Pasch Juffernbruch llega a Bilbao comisionado por la empresa alemana Schalke Erzstudiengesellschaft para analizar los yacimientos de hierro y manganeso, de gran inter\u00e9s para la industria alemana. El gran\" \/>\n<meta property=\"og:url\" content=\"https:\/\/pasch.es\/index.php\/historia\/\" \/>\n<meta property=\"og:site_name\" content=\"pasch.es\" \/>\n<meta property=\"article:modified_time\" content=\"2025-06-11T07:13:44+00:00\" \/>\n<meta property=\"og:image\" content=\"https:\/\/brave-easley.5-175-45-209.plesk.page\/wp-content\/uploads\/2025\/06\/Bilbao1913.png\" \/>\n<meta name=\"twitter:card\" content=\"summary_large_image\" \/>\n<meta name=\"twitter:label1\" content=\"Est. reading time\" \/>\n\t<meta name=\"twitter:data1\" content=\"5 minutes\" \/>\n<script type=\"application\/ld+json\" class=\"yoast-schema-graph\">{\"@context\":\"https:\\\/\\\/schema.org\",\"@graph\":[{\"@type\":\"WebPage\",\"@id\":\"https:\\\/\\\/pasch.es\\\/index.php\\\/historia\\\/\",\"url\":\"https:\\\/\\\/pasch.es\\\/index.php\\\/historia\\\/\",\"name\":\"HISTORIA - pasch.es\",\"isPartOf\":{\"@id\":\"https:\\\/\\\/pasch.es\\\/#website\"},\"primaryImageOfPage\":{\"@id\":\"https:\\\/\\\/pasch.es\\\/index.php\\\/historia\\\/#primaryimage\"},\"image\":{\"@id\":\"https:\\\/\\\/pasch.es\\\/index.php\\\/historia\\\/#primaryimage\"},\"thumbnailUrl\":\"https:\\\/\\\/brave-easley.5-175-45-209.plesk.page\\\/wp-content\\\/uploads\\\/2025\\\/06\\\/Bilbao1913.png\",\"datePublished\":\"2025-06-11T07:01:37+00:00\",\"dateModified\":\"2025-06-11T07:13:44+00:00\",\"breadcrumb\":{\"@id\":\"https:\\\/\\\/pasch.es\\\/index.php\\\/historia\\\/#breadcrumb\"},\"inLanguage\":\"en-US\",\"potentialAction\":[{\"@type\":\"ReadAction\",\"target\":[\"https:\\\/\\\/pasch.es\\\/index.php\\\/historia\\\/\"]}]},{\"@type\":\"ImageObject\",\"inLanguage\":\"en-US\",\"@id\":\"https:\\\/\\\/pasch.es\\\/index.php\\\/historia\\\/#primaryimage\",\"url\":\"https:\\\/\\\/brave-easley.5-175-45-209.plesk.page\\\/wp-content\\\/uploads\\\/2025\\\/06\\\/Bilbao1913.png\",\"contentUrl\":\"https:\\\/\\\/brave-easley.5-175-45-209.plesk.page\\\/wp-content\\\/uploads\\\/2025\\\/06\\\/Bilbao1913.png\"},{\"@type\":\"BreadcrumbList\",\"@id\":\"https:\\\/\\\/pasch.es\\\/index.php\\\/historia\\\/#breadcrumb\",\"itemListElement\":[{\"@type\":\"ListItem\",\"position\":1,\"name\":\"Portada\",\"item\":\"https:\\\/\\\/pasch.es\\\/\"},{\"@type\":\"ListItem\",\"position\":2,\"name\":\"HISTORIA\"}]},{\"@type\":\"WebSite\",\"@id\":\"https:\\\/\\\/pasch.es\\\/#website\",\"url\":\"https:\\\/\\\/pasch.es\\\/\",\"name\":\"pasch.es\",\"description\":\"PASCH Y CIA\",\"publisher\":{\"@id\":\"https:\\\/\\\/pasch.es\\\/#organization\"},\"potentialAction\":[{\"@type\":\"SearchAction\",\"target\":{\"@type\":\"EntryPoint\",\"urlTemplate\":\"https:\\\/\\\/pasch.es\\\/?s={search_term_string}\"},\"query-input\":{\"@type\":\"PropertyValueSpecification\",\"valueRequired\":true,\"valueName\":\"search_term_string\"}}],\"inLanguage\":\"en-US\"},{\"@type\":\"Organization\",\"@id\":\"https:\\\/\\\/pasch.es\\\/#organization\",\"name\":\"pasch.es\",\"url\":\"https:\\\/\\\/pasch.es\\\/\",\"logo\":{\"@type\":\"ImageObject\",\"inLanguage\":\"en-US\",\"@id\":\"https:\\\/\\\/pasch.es\\\/#\\\/schema\\\/logo\\\/image\\\/\",\"url\":\"https:\\\/\\\/pasch.es\\\/wp-content\\\/uploads\\\/2025\\\/06\\\/PASCH-White.png\",\"contentUrl\":\"https:\\\/\\\/pasch.es\\\/wp-content\\\/uploads\\\/2025\\\/06\\\/PASCH-White.png\",\"width\":569,\"height\":147,\"caption\":\"pasch.es\"},\"image\":{\"@id\":\"https:\\\/\\\/pasch.es\\\/#\\\/schema\\\/logo\\\/image\\\/\"}}]}<\/script>\n<!-- \/ Yoast SEO plugin. -->","yoast_head_json":{"title":"HISTORIA - pasch.es","robots":{"index":"index","follow":"follow","max-snippet":"max-snippet:-1","max-image-preview":"max-image-preview:large","max-video-preview":"max-video-preview:-1"},"canonical":"https:\/\/pasch.es\/index.php\/historia\/","og_locale":"en_US","og_type":"article","og_title":"HISTORIA - pasch.es","og_description":"EL COMIENZO DE PASCH La historia de esta empresa familiar, que hoy continua en su tercera generaci\u00f3n, se inicia a finales del a\u00f1o 1913 cuando Guillermo Pasch Juffernbruch llega a Bilbao comisionado por la empresa alemana Schalke Erzstudiengesellschaft para analizar los yacimientos de hierro y manganeso, de gran inter\u00e9s para la industria alemana. El gran","og_url":"https:\/\/pasch.es\/index.php\/historia\/","og_site_name":"pasch.es","article_modified_time":"2025-06-11T07:13:44+00:00","og_image":[{"url":"https:\/\/brave-easley.5-175-45-209.plesk.page\/wp-content\/uploads\/2025\/06\/Bilbao1913.png","type":"","width":"","height":""}],"twitter_card":"summary_large_image","twitter_misc":{"Est. reading time":"5 minutes"},"schema":{"@context":"https:\/\/schema.org","@graph":[{"@type":"WebPage","@id":"https:\/\/pasch.es\/index.php\/historia\/","url":"https:\/\/pasch.es\/index.php\/historia\/","name":"HISTORIA - pasch.es","isPartOf":{"@id":"https:\/\/pasch.es\/#website"},"primaryImageOfPage":{"@id":"https:\/\/pasch.es\/index.php\/historia\/#primaryimage"},"image":{"@id":"https:\/\/pasch.es\/index.php\/historia\/#primaryimage"},"thumbnailUrl":"https:\/\/brave-easley.5-175-45-209.plesk.page\/wp-content\/uploads\/2025\/06\/Bilbao1913.png","datePublished":"2025-06-11T07:01:37+00:00","dateModified":"2025-06-11T07:13:44+00:00","breadcrumb":{"@id":"https:\/\/pasch.es\/index.php\/historia\/#breadcrumb"},"inLanguage":"en-US","potentialAction":[{"@type":"ReadAction","target":["https:\/\/pasch.es\/index.php\/historia\/"]}]},{"@type":"ImageObject","inLanguage":"en-US","@id":"https:\/\/pasch.es\/index.php\/historia\/#primaryimage","url":"https:\/\/brave-easley.5-175-45-209.plesk.page\/wp-content\/uploads\/2025\/06\/Bilbao1913.png","contentUrl":"https:\/\/brave-easley.5-175-45-209.plesk.page\/wp-content\/uploads\/2025\/06\/Bilbao1913.png"},{"@type":"BreadcrumbList","@id":"https:\/\/pasch.es\/index.php\/historia\/#breadcrumb","itemListElement":[{"@type":"ListItem","position":1,"name":"Portada","item":"https:\/\/pasch.es\/"},{"@type":"ListItem","position":2,"name":"HISTORIA"}]},{"@type":"WebSite","@id":"https:\/\/pasch.es\/#website","url":"https:\/\/pasch.es\/","name":"pasch.es","description":"PASCH Y CIA","publisher":{"@id":"https:\/\/pasch.es\/#organization"},"potentialAction":[{"@type":"SearchAction","target":{"@type":"EntryPoint","urlTemplate":"https:\/\/pasch.es\/?s={search_term_string}"},"query-input":{"@type":"PropertyValueSpecification","valueRequired":true,"valueName":"search_term_string"}}],"inLanguage":"en-US"},{"@type":"Organization","@id":"https:\/\/pasch.es\/#organization","name":"pasch.es","url":"https:\/\/pasch.es\/","logo":{"@type":"ImageObject","inLanguage":"en-US","@id":"https:\/\/pasch.es\/#\/schema\/logo\/image\/","url":"https:\/\/pasch.es\/wp-content\/uploads\/2025\/06\/PASCH-White.png","contentUrl":"https:\/\/pasch.es\/wp-content\/uploads\/2025\/06\/PASCH-White.png","width":569,"height":147,"caption":"pasch.es"},"image":{"@id":"https:\/\/pasch.es\/#\/schema\/logo\/image\/"}}]}},"_links":{"self":[{"href":"https:\/\/pasch.es\/index.php\/wp-json\/wp\/v2\/pages\/7737","targetHints":{"allow":["GET"]}}],"collection":[{"href":"https:\/\/pasch.es\/index.php\/wp-json\/wp\/v2\/pages"}],"about":[{"href":"https:\/\/pasch.es\/index.php\/wp-json\/wp\/v2\/types\/page"}],"author":[{"embeddable":true,"href":"https:\/\/pasch.es\/index.php\/wp-json\/wp\/v2\/users\/1"}],"replies":[{"embeddable":true,"href":"https:\/\/pasch.es\/index.php\/wp-json\/wp\/v2\/comments?post=7737"}],"version-history":[{"count":16,"href":"https:\/\/pasch.es\/index.php\/wp-json\/wp\/v2\/pages\/7737\/revisions"}],"predecessor-version":[{"id":7761,"href":"https:\/\/pasch.es\/index.php\/wp-json\/wp\/v2\/pages\/7737\/revisions\/7761"}],"wp:attachment":[{"href":"https:\/\/pasch.es\/index.php\/wp-json\/wp\/v2\/media?parent=7737"}],"curies":[{"name":"wp","href":"https:\/\/api.w.org\/{rel}","templated":true}]}}