{"id":7858,"date":"2025-06-11T13:57:34","date_gmt":"2025-06-11T13:57:34","guid":{"rendered":"https:\/\/brave-easley.5-175-45-209.plesk.page\/?page_id=7858"},"modified":"2025-06-11T14:48:10","modified_gmt":"2025-06-11T14:48:10","slug":"calefactores-backer-wolff","status":"publish","type":"page","link":"https:\/\/pasch.es\/index.php\/calefactores-backer-wolff\/","title":{"rendered":"CALEFACTORES &#8211; BACKER WOLFF"},"content":{"rendered":"\t\t<div data-elementor-type=\"wp-page\" data-elementor-id=\"7858\" class=\"elementor elementor-7858\">\n\t\t\t\t<div class=\"elementor-element elementor-element-e936486 e-flex e-con-boxed e-con e-parent\" data-id=\"e936486\" data-element_type=\"container\" data-e-type=\"container\">\n\t\t\t\t\t<div class=\"e-con-inner\">\n\t\t\t\t<div class=\"elementor-element elementor-element-29dd5bd elementor-widget elementor-widget-heading\" data-id=\"29dd5bd\" data-element_type=\"widget\" data-e-type=\"widget\" data-widget_type=\"heading.default\">\n\t\t\t\t<div class=\"elementor-widget-container\">\n\t\t\t\t\t<h1 class=\"elementor-heading-title elementor-size-default\">BACKER WOLFF<\/h1>\t\t\t\t<\/div>\n\t\t\t\t<\/div>\n\t\t\t\t\t<\/div>\n\t\t\t\t<\/div>\n\t\t<div class=\"elementor-element elementor-element-6f21461 e-flex e-con-boxed e-con e-parent\" data-id=\"6f21461\" data-element_type=\"container\" data-e-type=\"container\">\n\t\t\t\t\t<div class=\"e-con-inner\">\n\t\t\t\t<div class=\"elementor-element elementor-element-eb8fb93 elementor-widget elementor-widget-text-editor\" data-id=\"eb8fb93\" data-element_type=\"widget\" data-e-type=\"widget\" data-widget_type=\"text-editor.default\">\n\t\t\t\t<div class=\"elementor-widget-container\">\n\t\t\t\t\t\t\t\t\t<div class=\"vc_row wpb_row vc_row-fluid\">\n<div class=\"wpb_column vc_column_container vc_col-sm-9\">\n<div class=\"vc_column-inner \">\n<div class=\"wpb_wrapper\">\n<div class=\"wpb_text_column wpb_content_element\">\n<div class=\"wpb_wrapper\">\n<p>Fabricante l\u00edder de sistemas de calefacci\u00f3n de agujas. La funci\u00f3n del sistema es impedir que ante las inclemencias del tiempo (hielo y nieve) los desv\u00edos se queden inmovilizados, y evitar afectar a la capacidad de la l\u00ednea ferroviaria. Backer Wolff suministra desde los tubos calefactores hasta soluciones completas de calefacci\u00f3n de agujas.<\/p>\n<\/div>\n<\/div>\n<\/div>\n<\/div>\n<\/div>\n<\/div>\n<div class=\"vc_row wpb_row vc_row-fluid\">\n<div class=\"wpb_column vc_column_container vc_col-sm-12\">\n<div class=\"vc_column-inner \">\n<div class=\"wpb_wrapper\">\u00a0<\/div>\n<\/div>\n<\/div>\n<\/div>\n\t\t\t\t\t\t\t\t<\/div>\n\t\t\t\t<\/div>\n\t\t\t\t\t<\/div>\n\t\t\t\t<\/div>\n\t\t<div class=\"elementor-element elementor-element-a923a2a e-grid e-con-boxed e-con e-parent\" data-id=\"a923a2a\" data-element_type=\"container\" data-e-type=\"container\">\n\t\t\t\t\t<div class=\"e-con-inner\">\n\t\t\t\t<div class=\"elementor-element elementor-element-32a7867 elementor-widget elementor-widget-text-editor\" data-id=\"32a7867\" data-element_type=\"widget\" data-e-type=\"widget\" data-widget_type=\"text-editor.default\">\n\t\t\t\t<div class=\"elementor-widget-container\">\n\t\t\t\t\t\t\t\t\t<div class=\"vc_custom_heading text_align_center\">\n<h3 class=\"consulting-custom-title\">Barras Calefactoras<\/h3>\n<p>Montadas en la base del carril mediante abrazaderas de acero aleado con cromo-n\u00edquel resistente a la corrosi\u00f3n. La presi\u00f3n superficial elegida garantiza una \u00f3ptima transferencia de calor. La fuerte uni\u00f3n de las cabezas no permite la entrada de humedad ni de suciedad. La cubierta de estas cabezas est\u00e1 plastificada interiormente con aislamiento t\u00e9rmico.<\/p>\n<p>\u00a0<\/p>\n<\/div>\n\t\t\t\t\t\t\t\t<\/div>\n\t\t\t\t<\/div>\n\t\t\t\t<div class=\"elementor-element elementor-element-20c03f7 elementor-widget elementor-widget-image\" data-id=\"20c03f7\" data-element_type=\"widget\" data-e-type=\"widget\" data-widget_type=\"image.default\">\n\t\t\t\t<div class=\"elementor-widget-container\">\n\t\t\t\t\t\t\t\t\t\t\t\t\t\t\t<img fetchpriority=\"high\" decoding=\"async\" width=\"450\" height=\"250\" src=\"https:\/\/pasch.es\/wp-content\/uploads\/2025\/06\/TUBOS-CALEFACTORES.jpg\" class=\"attachment-large size-large wp-image-7883\" alt=\"\" srcset=\"https:\/\/pasch.es\/wp-content\/uploads\/2025\/06\/TUBOS-CALEFACTORES.jpg 450w, https:\/\/pasch.es\/wp-content\/uploads\/2025\/06\/TUBOS-CALEFACTORES-300x167.jpg 300w, https:\/\/pasch.es\/wp-content\/uploads\/2025\/06\/TUBOS-CALEFACTORES-350x195.jpg 350w\" sizes=\"(max-width: 450px) 100vw, 450px\" \/>\t\t\t\t\t\t\t\t\t\t\t\t\t\t\t<\/div>\n\t\t\t\t<\/div>\n\t\t\t\t\t<\/div>\n\t\t\t\t<\/div>\n\t\t<div class=\"elementor-element elementor-element-4fa0c52 e-grid e-con-boxed e-con e-parent\" data-id=\"4fa0c52\" data-element_type=\"container\" data-e-type=\"container\">\n\t\t\t\t\t<div class=\"e-con-inner\">\n\t\t\t\t<div class=\"elementor-element elementor-element-8dead80 elementor-widget elementor-widget-text-editor\" data-id=\"8dead80\" data-element_type=\"widget\" data-e-type=\"widget\" data-widget_type=\"text-editor.default\">\n\t\t\t\t<div class=\"elementor-widget-container\">\n\t\t\t\t\t\t\t\t\t<div class=\"vc_custom_heading text_align_center\">\n<h3 class=\"consulting-custom-title\">Grapas y elementos de fijaci\u00f3n<\/h3>\n<\/div>\n<div class=\"wpb_text_column wpb_content_element\">\n<div class=\"wpb_wrapper\">\n<p>Se emplean para el correcto montaje de los distintos tipos de tubos calefactores y sus cabezas en distintas partes y tipos de aguja.<\/p>\n<\/div>\n<\/div>\n\t\t\t\t\t\t\t\t<\/div>\n\t\t\t\t<\/div>\n\t\t\t\t<div class=\"elementor-element elementor-element-1030dd7 elementor-widget elementor-widget-image\" data-id=\"1030dd7\" data-element_type=\"widget\" data-e-type=\"widget\" data-widget_type=\"image.default\">\n\t\t\t\t<div class=\"elementor-widget-container\">\n\t\t\t\t\t\t\t\t\t\t\t\t\t\t\t<img decoding=\"async\" width=\"450\" height=\"250\" src=\"https:\/\/pasch.es\/wp-content\/uploads\/2025\/06\/GRAPA-BACKERWOLFF.jpg\" class=\"attachment-large size-large wp-image-7882\" alt=\"\" srcset=\"https:\/\/pasch.es\/wp-content\/uploads\/2025\/06\/GRAPA-BACKERWOLFF.jpg 450w, https:\/\/pasch.es\/wp-content\/uploads\/2025\/06\/GRAPA-BACKERWOLFF-300x167.jpg 300w, https:\/\/pasch.es\/wp-content\/uploads\/2025\/06\/GRAPA-BACKERWOLFF-350x195.jpg 350w\" sizes=\"(max-width: 450px) 100vw, 450px\" \/>\t\t\t\t\t\t\t\t\t\t\t\t\t\t\t<\/div>\n\t\t\t\t<\/div>\n\t\t\t\t\t<\/div>\n\t\t\t\t<\/div>\n\t\t<div class=\"elementor-element elementor-element-2af3198 e-grid e-con-boxed e-con e-parent\" data-id=\"2af3198\" data-element_type=\"container\" data-e-type=\"container\">\n\t\t\t\t\t<div class=\"e-con-inner\">\n\t\t\t\t<div class=\"elementor-element elementor-element-104d428 elementor-widget elementor-widget-text-editor\" data-id=\"104d428\" data-element_type=\"widget\" data-e-type=\"widget\" data-widget_type=\"text-editor.default\">\n\t\t\t\t<div class=\"elementor-widget-container\">\n\t\t\t\t\t\t\t\t\t<div class=\"vc_custom_heading text_align_center\">\n<div class=\"vc_custom_heading text_align_center\">\n<h3 class=\"consulting-custom-title\">Central de control de temperatura, hielo y nieve<\/h3>\n<\/div>\n<div class=\"wpb_text_column wpb_content_element\">\n<div class=\"wpb_wrapper\">\n<p>La activaci\u00f3n y desactivaci\u00f3n de los tubos calefactores se hace en funci\u00f3n de la temperatura ambiente, la temperatura de carril y de la detecci\u00f3n de hielo o nieve mediante una unidad de control y las correspondientes sondas. Asegurando as\u00ed la\u00a0disponibilidad de la l\u00ednea y optimizando\u00a0el consumo el\u00e9ctrico<\/p>\n<\/div>\n<\/div>\n<\/div>\n\t\t\t\t\t\t\t\t<\/div>\n\t\t\t\t<\/div>\n\t\t\t\t<div class=\"elementor-element elementor-element-0f51f8d elementor-widget elementor-widget-image\" data-id=\"0f51f8d\" data-element_type=\"widget\" data-e-type=\"widget\" data-widget_type=\"image.default\">\n\t\t\t\t<div class=\"elementor-widget-container\">\n\t\t\t\t\t\t\t\t\t\t\t\t\t\t\t<img decoding=\"async\" width=\"450\" height=\"250\" src=\"https:\/\/pasch.es\/wp-content\/uploads\/2025\/06\/BackerWolffCentral.jpg\" class=\"attachment-large size-large wp-image-7881\" alt=\"\" srcset=\"https:\/\/pasch.es\/wp-content\/uploads\/2025\/06\/BackerWolffCentral.jpg 450w, https:\/\/pasch.es\/wp-content\/uploads\/2025\/06\/BackerWolffCentral-300x167.jpg 300w, https:\/\/pasch.es\/wp-content\/uploads\/2025\/06\/BackerWolffCentral-350x195.jpg 350w\" sizes=\"(max-width: 450px) 100vw, 450px\" \/>\t\t\t\t\t\t\t\t\t\t\t\t\t\t\t<\/div>\n\t\t\t\t<\/div>\n\t\t\t\t\t<\/div>\n\t\t\t\t<\/div>\n\t\t<div class=\"elementor-element elementor-element-ffda050 e-grid e-con-boxed e-con e-parent\" data-id=\"ffda050\" data-element_type=\"container\" data-e-type=\"container\">\n\t\t\t\t\t<div class=\"e-con-inner\">\n\t\t\t\t<div class=\"elementor-element elementor-element-338bcef elementor-widget elementor-widget-text-editor\" data-id=\"338bcef\" data-element_type=\"widget\" data-e-type=\"widget\" data-widget_type=\"text-editor.default\">\n\t\t\t\t<div class=\"elementor-widget-container\">\n\t\t\t\t\t\t\t\t\t<div class=\"vc_custom_heading text_align_center\">\n<div class=\"vc_custom_heading text_align_center\">\n<h3 class=\"consulting-custom-title\">Sistemas Completos de Calefacci\u00f3n de Desv\u00edos<\/h3>\n<\/div>\n<div class=\"wpb_text_column wpb_content_element\">\n<div class=\"wpb_wrapper\">\n<p>Backer Wolff realiza tambi\u00e9n la ingenier\u00eda y dise\u00f1o de soluciones completas de sistemas de calefacci\u00f3n de aguja junto con el suministro de la combinaci\u00f3n necesaria de tubos, fijaciones y armarios<\/p>\n<\/div>\n<\/div>\n<\/div>\n\t\t\t\t\t\t\t\t<\/div>\n\t\t\t\t<\/div>\n\t\t\t\t<div class=\"elementor-element elementor-element-b656ef1 elementor-widget elementor-widget-image\" data-id=\"b656ef1\" data-element_type=\"widget\" data-e-type=\"widget\" data-widget_type=\"image.default\">\n\t\t\t\t<div class=\"elementor-widget-container\">\n\t\t\t\t\t\t\t\t\t\t\t\t\t\t\t<img loading=\"lazy\" decoding=\"async\" width=\"450\" height=\"250\" src=\"https:\/\/pasch.es\/wp-content\/uploads\/2025\/06\/BackerWolffSistemaCompleto.jpg\" class=\"attachment-large size-large wp-image-7880\" alt=\"\" srcset=\"https:\/\/pasch.es\/wp-content\/uploads\/2025\/06\/BackerWolffSistemaCompleto.jpg 450w, https:\/\/pasch.es\/wp-content\/uploads\/2025\/06\/BackerWolffSistemaCompleto-300x167.jpg 300w, https:\/\/pasch.es\/wp-content\/uploads\/2025\/06\/BackerWolffSistemaCompleto-350x195.jpg 350w\" sizes=\"(max-width: 450px) 100vw, 450px\" \/>\t\t\t\t\t\t\t\t\t\t\t\t\t\t\t<\/div>\n\t\t\t\t<\/div>\n\t\t\t\t\t<\/div>\n\t\t\t\t<\/div>\n\t\t<div class=\"elementor-element elementor-element-12f3956 e-grid e-con-boxed e-con e-parent\" data-id=\"12f3956\" data-element_type=\"container\" data-e-type=\"container\">\n\t\t\t\t\t<div class=\"e-con-inner\">\n\t\t\t\t<div class=\"elementor-element elementor-element-ecdbfb0 elementor-widget elementor-widget-text-editor\" data-id=\"ecdbfb0\" data-element_type=\"widget\" data-e-type=\"widget\" data-widget_type=\"text-editor.default\">\n\t\t\t\t<div class=\"elementor-widget-container\">\n\t\t\t\t\t\t\t\t\t<div class=\"vc_custom_heading text_align_center\">\n<div class=\"vc_custom_heading text_align_center\">\n<div class=\"vc_row wpb_row vc_row-fluid\">\n<div class=\"wpb_column vc_column_container vc_col-sm-6\">\n<div class=\"vc_column-inner \">\n<div class=\"wpb_wrapper\">\n<div class=\"vc_custom_heading text_align_center\">\n<h3 class=\"consulting-custom-title\">Armarios de control de monitorizaci\u00f3n<\/h3>\n<\/div>\n<div class=\"vc_empty_space\">Armarios de campo y cabina para la distribuci\u00f3n de potencia a los tubos calefactores, control de activaci\u00f3n y desactivaci\u00f3n, monitorizaci\u00f3n de estado del sistema.<\/div>\n<div class=\"wpb_text_column wpb_content_element\">\n<div class=\"wpb_wrapper\">\n<p>Con capacidad de integraci\u00f3n en telemandos de monitorizaci\u00f3n de nivel superior.<\/p>\n<p>Puede encontrar m\u00e1s informaci\u00f3n en: <a href=\"http:\/\/weichenheizung.de\/\">www.weichenheizung.de\/<\/a><\/p>\n<\/div>\n<\/div>\n<\/div>\n<\/div>\n<\/div>\n<\/div>\n<\/div>\n<\/div>\n\t\t\t\t\t\t\t\t<\/div>\n\t\t\t\t<\/div>\n\t\t\t\t<div class=\"elementor-element elementor-element-e64b743 elementor-widget elementor-widget-image\" data-id=\"e64b743\" data-element_type=\"widget\" data-e-type=\"widget\" data-widget_type=\"image.default\">\n\t\t\t\t<div class=\"elementor-widget-container\">\n\t\t\t\t\t\t\t\t\t\t\t\t\t\t\t<img loading=\"lazy\" decoding=\"async\" width=\"450\" height=\"250\" src=\"https:\/\/pasch.es\/wp-content\/uploads\/2025\/06\/BackerWolffArmario.jpg\" class=\"attachment-large size-large wp-image-7879\" alt=\"\" srcset=\"https:\/\/pasch.es\/wp-content\/uploads\/2025\/06\/BackerWolffArmario.jpg 450w, https:\/\/pasch.es\/wp-content\/uploads\/2025\/06\/BackerWolffArmario-300x167.jpg 300w, https:\/\/pasch.es\/wp-content\/uploads\/2025\/06\/BackerWolffArmario-350x195.jpg 350w\" sizes=\"(max-width: 450px) 100vw, 450px\" \/>\t\t\t\t\t\t\t\t\t\t\t\t\t\t\t<\/div>\n\t\t\t\t<\/div>\n\t\t\t\t\t<\/div>\n\t\t\t\t<\/div>\n\t\t<div class=\"elementor-element elementor-element-fed26f4 e-flex e-con-boxed e-con e-parent\" data-id=\"fed26f4\" data-element_type=\"container\" data-e-type=\"container\">\n\t\t\t\t\t<div class=\"e-con-inner\">\n\t\t\t\t<div class=\"elementor-element elementor-element-e715c68 elementor-widget elementor-widget-heading\" data-id=\"e715c68\" data-element_type=\"widget\" data-e-type=\"widget\" data-widget_type=\"heading.default\">\n\t\t\t\t<div class=\"elementor-widget-container\">\n\t\t\t\t\t<h2 class=\"elementor-heading-title elementor-size-default\">FORMULARIO DE CONTACTO<\/h2>\t\t\t\t<\/div>\n\t\t\t\t<\/div>\n\t\t\t\t<div class=\"elementor-element elementor-element-b15cee7 elementor-widget elementor-widget-stm_contact_form_7\" data-id=\"b15cee7\" data-element_type=\"widget\" data-e-type=\"widget\" data-widget_type=\"stm_contact_form_7.default\">\n\t\t\t\t<div class=\"elementor-widget-container\">\n\t\t\t\t\t\n<div class=\"wpcf7 no-js\" id=\"wpcf7-f7674-o1\" lang=\"es-ES\" dir=\"ltr\" data-wpcf7-id=\"7674\">\n<div class=\"screen-reader-response\"><p role=\"status\" aria-live=\"polite\" aria-atomic=\"true\"><\/p> <ul><\/ul><\/div>\n<form action=\"\/index.php\/wp-json\/wp\/v2\/pages\/7858#wpcf7-f7674-o1\" method=\"post\" class=\"wpcf7-form init\" aria-label=\"Formulario de contacto\" novalidate=\"novalidate\" data-status=\"init\">\n<fieldset class=\"hidden-fields-container\"><input type=\"hidden\" name=\"_wpcf7\" value=\"7674\" \/><input type=\"hidden\" name=\"_wpcf7_version\" value=\"6.1.5\" \/><input type=\"hidden\" name=\"_wpcf7_locale\" value=\"es_ES\" \/><input type=\"hidden\" name=\"_wpcf7_unit_tag\" value=\"wpcf7-f7674-o1\" \/><input type=\"hidden\" name=\"_wpcf7_container_post\" value=\"0\" \/><input type=\"hidden\" name=\"_wpcf7_posted_data_hash\" value=\"\" \/>\n<\/fieldset>\n<label> Tu nombre\n    <span class=\"wpcf7-form-control-wrap\" data-name=\"your-name\"><input size=\"40\" maxlength=\"400\" class=\"wpcf7-form-control wpcf7-text wpcf7-validates-as-required\" autocomplete=\"name\" aria-required=\"true\" aria-invalid=\"false\" value=\"\" type=\"text\" name=\"your-name\" \/><\/span> <\/label>\n\n<label> Tu correo electr\u00f3nico\n    <span class=\"wpcf7-form-control-wrap\" data-name=\"your-email\"><input size=\"40\" maxlength=\"400\" class=\"wpcf7-form-control wpcf7-email wpcf7-validates-as-required wpcf7-text wpcf7-validates-as-email\" autocomplete=\"email\" aria-required=\"true\" aria-invalid=\"false\" value=\"\" type=\"email\" name=\"your-email\" \/><\/span> <\/label>\n\n<label> Asunto\n    <span class=\"wpcf7-form-control-wrap\" data-name=\"your-subject\"><input size=\"40\" maxlength=\"400\" class=\"wpcf7-form-control wpcf7-text wpcf7-validates-as-required\" aria-required=\"true\" aria-invalid=\"false\" value=\"\" type=\"text\" name=\"your-subject\" \/><\/span> <\/label>\n\n<label> Tu mensaje (opcional)\n    <span class=\"wpcf7-form-control-wrap\" data-name=\"your-message\"><textarea cols=\"40\" rows=\"10\" maxlength=\"2000\" class=\"wpcf7-form-control wpcf7-textarea\" aria-invalid=\"false\" name=\"your-message\"><\/textarea><\/span> <\/label>\n\n<input class=\"wpcf7-form-control wpcf7-submit has-spinner\" type=\"submit\" value=\"Enviar\" \/><div class=\"wpcf7-response-output\" aria-hidden=\"true\"><\/div>\n<\/form>\n<\/div>\n\t\t\t\t\t\t<\/div>\n\t\t\t\t<\/div>\n\t\t\t\t\t<\/div>\n\t\t\t\t<\/div>\n\t\t\t\t<\/div>\n\t\t","protected":false},"excerpt":{"rendered":"<p>BACKER WOLFF Fabricante l\u00edder de sistemas de calefacci\u00f3n de agujas. La funci\u00f3n del sistema es impedir que ante las inclemencias del tiempo (hielo y nieve) los desv\u00edos se queden inmovilizados, y evitar afectar a la capacidad de la l\u00ednea ferroviaria. Backer Wolff suministra desde los tubos calefactores hasta soluciones completas de calefacci\u00f3n de agujas. \u00a0<\/p>\n","protected":false},"author":1,"featured_media":0,"parent":0,"menu_order":0,"comment_status":"closed","ping_status":"closed","template":"","meta":{"footnotes":""},"class_list":["post-7858","page","type-page","status-publish","hentry"],"yoast_head":"<!-- This site is optimized with the Yoast SEO plugin v27.1.1 - https:\/\/yoast.com\/product\/yoast-seo-wordpress\/ -->\n<title>CALEFACTORES - BACKER WOLFF - pasch.es<\/title>\n<meta name=\"robots\" content=\"index, follow, max-snippet:-1, max-image-preview:large, max-video-preview:-1\" \/>\n<link rel=\"canonical\" href=\"https:\/\/pasch.es\/index.php\/calefactores-backer-wolff\/\" \/>\n<meta property=\"og:locale\" content=\"en_US\" \/>\n<meta property=\"og:type\" content=\"article\" \/>\n<meta property=\"og:title\" content=\"CALEFACTORES - BACKER WOLFF - pasch.es\" \/>\n<meta property=\"og:description\" content=\"BACKER WOLFF Fabricante l\u00edder de sistemas de calefacci\u00f3n de agujas. La funci\u00f3n del sistema es impedir que ante las inclemencias del tiempo (hielo y nieve) los desv\u00edos se queden inmovilizados, y evitar afectar a la capacidad de la l\u00ednea ferroviaria. Backer Wolff suministra desde los tubos calefactores hasta soluciones completas de calefacci\u00f3n de agujas. \u00a0\" \/>\n<meta property=\"og:url\" content=\"https:\/\/pasch.es\/index.php\/calefactores-backer-wolff\/\" \/>\n<meta property=\"og:site_name\" content=\"pasch.es\" \/>\n<meta property=\"article:modified_time\" content=\"2025-06-11T14:48:10+00:00\" \/>\n<meta property=\"og:image\" content=\"https:\/\/brave-easley.5-175-45-209.plesk.page\/wp-content\/uploads\/2025\/06\/TUBOS-CALEFACTORES.jpg\" \/>\n<meta name=\"twitter:card\" content=\"summary_large_image\" \/>\n<meta name=\"twitter:label1\" content=\"Est. reading time\" \/>\n\t<meta name=\"twitter:data1\" content=\"3 minutes\" \/>\n<script type=\"application\/ld+json\" class=\"yoast-schema-graph\">{\"@context\":\"https:\/\/schema.org\",\"@graph\":[{\"@type\":\"WebPage\",\"@id\":\"https:\/\/pasch.es\/index.php\/calefactores-backer-wolff\/\",\"url\":\"https:\/\/pasch.es\/index.php\/calefactores-backer-wolff\/\",\"name\":\"CALEFACTORES - BACKER WOLFF - pasch.es\",\"isPartOf\":{\"@id\":\"https:\/\/pasch.es\/#website\"},\"primaryImageOfPage\":{\"@id\":\"https:\/\/pasch.es\/index.php\/calefactores-backer-wolff\/#primaryimage\"},\"image\":{\"@id\":\"https:\/\/pasch.es\/index.php\/calefactores-backer-wolff\/#primaryimage\"},\"thumbnailUrl\":\"https:\/\/brave-easley.5-175-45-209.plesk.page\/wp-content\/uploads\/2025\/06\/TUBOS-CALEFACTORES.jpg\",\"datePublished\":\"2025-06-11T13:57:34+00:00\",\"dateModified\":\"2025-06-11T14:48:10+00:00\",\"breadcrumb\":{\"@id\":\"https:\/\/pasch.es\/index.php\/calefactores-backer-wolff\/#breadcrumb\"},\"inLanguage\":\"en-US\",\"potentialAction\":[{\"@type\":\"ReadAction\",\"target\":[\"https:\/\/pasch.es\/index.php\/calefactores-backer-wolff\/\"]}]},{\"@type\":\"ImageObject\",\"inLanguage\":\"en-US\",\"@id\":\"https:\/\/pasch.es\/index.php\/calefactores-backer-wolff\/#primaryimage\",\"url\":\"https:\/\/brave-easley.5-175-45-209.plesk.page\/wp-content\/uploads\/2025\/06\/TUBOS-CALEFACTORES.jpg\",\"contentUrl\":\"https:\/\/brave-easley.5-175-45-209.plesk.page\/wp-content\/uploads\/2025\/06\/TUBOS-CALEFACTORES.jpg\"},{\"@type\":\"BreadcrumbList\",\"@id\":\"https:\/\/pasch.es\/index.php\/calefactores-backer-wolff\/#breadcrumb\",\"itemListElement\":[{\"@type\":\"ListItem\",\"position\":1,\"name\":\"Portada\",\"item\":\"https:\/\/pasch.es\/\"},{\"@type\":\"ListItem\",\"position\":2,\"name\":\"CALEFACTORES &#8211; BACKER WOLFF\"}]},{\"@type\":\"WebSite\",\"@id\":\"https:\/\/pasch.es\/#website\",\"url\":\"https:\/\/pasch.es\/\",\"name\":\"pasch.es\",\"description\":\"PASCH Y CIA\",\"publisher\":{\"@id\":\"https:\/\/pasch.es\/#organization\"},\"potentialAction\":[{\"@type\":\"SearchAction\",\"target\":{\"@type\":\"EntryPoint\",\"urlTemplate\":\"https:\/\/pasch.es\/?s={search_term_string}\"},\"query-input\":{\"@type\":\"PropertyValueSpecification\",\"valueRequired\":true,\"valueName\":\"search_term_string\"}}],\"inLanguage\":\"en-US\"},{\"@type\":\"Organization\",\"@id\":\"https:\/\/pasch.es\/#organization\",\"name\":\"pasch.es\",\"url\":\"https:\/\/pasch.es\/\",\"logo\":{\"@type\":\"ImageObject\",\"inLanguage\":\"en-US\",\"@id\":\"https:\/\/pasch.es\/#\/schema\/logo\/image\/\",\"url\":\"https:\/\/pasch.es\/wp-content\/uploads\/2025\/06\/PASCH-White.png\",\"contentUrl\":\"https:\/\/pasch.es\/wp-content\/uploads\/2025\/06\/PASCH-White.png\",\"width\":569,\"height\":147,\"caption\":\"pasch.es\"},\"image\":{\"@id\":\"https:\/\/pasch.es\/#\/schema\/logo\/image\/\"}}]}<\/script>\n<!-- \/ Yoast SEO plugin. -->","yoast_head_json":{"title":"CALEFACTORES - BACKER WOLFF - pasch.es","robots":{"index":"index","follow":"follow","max-snippet":"max-snippet:-1","max-image-preview":"max-image-preview:large","max-video-preview":"max-video-preview:-1"},"canonical":"https:\/\/pasch.es\/index.php\/calefactores-backer-wolff\/","og_locale":"en_US","og_type":"article","og_title":"CALEFACTORES - BACKER WOLFF - pasch.es","og_description":"BACKER WOLFF Fabricante l\u00edder de sistemas de calefacci\u00f3n de agujas. La funci\u00f3n del sistema es impedir que ante las inclemencias del tiempo (hielo y nieve) los desv\u00edos se queden inmovilizados, y evitar afectar a la capacidad de la l\u00ednea ferroviaria. Backer Wolff suministra desde los tubos calefactores hasta soluciones completas de calefacci\u00f3n de agujas. \u00a0","og_url":"https:\/\/pasch.es\/index.php\/calefactores-backer-wolff\/","og_site_name":"pasch.es","article_modified_time":"2025-06-11T14:48:10+00:00","og_image":[{"url":"https:\/\/brave-easley.5-175-45-209.plesk.page\/wp-content\/uploads\/2025\/06\/TUBOS-CALEFACTORES.jpg","type":"","width":"","height":""}],"twitter_card":"summary_large_image","twitter_misc":{"Est. reading time":"3 minutes"},"schema":{"@context":"https:\/\/schema.org","@graph":[{"@type":"WebPage","@id":"https:\/\/pasch.es\/index.php\/calefactores-backer-wolff\/","url":"https:\/\/pasch.es\/index.php\/calefactores-backer-wolff\/","name":"CALEFACTORES - BACKER WOLFF - pasch.es","isPartOf":{"@id":"https:\/\/pasch.es\/#website"},"primaryImageOfPage":{"@id":"https:\/\/pasch.es\/index.php\/calefactores-backer-wolff\/#primaryimage"},"image":{"@id":"https:\/\/pasch.es\/index.php\/calefactores-backer-wolff\/#primaryimage"},"thumbnailUrl":"https:\/\/brave-easley.5-175-45-209.plesk.page\/wp-content\/uploads\/2025\/06\/TUBOS-CALEFACTORES.jpg","datePublished":"2025-06-11T13:57:34+00:00","dateModified":"2025-06-11T14:48:10+00:00","breadcrumb":{"@id":"https:\/\/pasch.es\/index.php\/calefactores-backer-wolff\/#breadcrumb"},"inLanguage":"en-US","potentialAction":[{"@type":"ReadAction","target":["https:\/\/pasch.es\/index.php\/calefactores-backer-wolff\/"]}]},{"@type":"ImageObject","inLanguage":"en-US","@id":"https:\/\/pasch.es\/index.php\/calefactores-backer-wolff\/#primaryimage","url":"https:\/\/brave-easley.5-175-45-209.plesk.page\/wp-content\/uploads\/2025\/06\/TUBOS-CALEFACTORES.jpg","contentUrl":"https:\/\/brave-easley.5-175-45-209.plesk.page\/wp-content\/uploads\/2025\/06\/TUBOS-CALEFACTORES.jpg"},{"@type":"BreadcrumbList","@id":"https:\/\/pasch.es\/index.php\/calefactores-backer-wolff\/#breadcrumb","itemListElement":[{"@type":"ListItem","position":1,"name":"Portada","item":"https:\/\/pasch.es\/"},{"@type":"ListItem","position":2,"name":"CALEFACTORES &#8211; BACKER WOLFF"}]},{"@type":"WebSite","@id":"https:\/\/pasch.es\/#website","url":"https:\/\/pasch.es\/","name":"pasch.es","description":"PASCH Y CIA","publisher":{"@id":"https:\/\/pasch.es\/#organization"},"potentialAction":[{"@type":"SearchAction","target":{"@type":"EntryPoint","urlTemplate":"https:\/\/pasch.es\/?s={search_term_string}"},"query-input":{"@type":"PropertyValueSpecification","valueRequired":true,"valueName":"search_term_string"}}],"inLanguage":"en-US"},{"@type":"Organization","@id":"https:\/\/pasch.es\/#organization","name":"pasch.es","url":"https:\/\/pasch.es\/","logo":{"@type":"ImageObject","inLanguage":"en-US","@id":"https:\/\/pasch.es\/#\/schema\/logo\/image\/","url":"https:\/\/pasch.es\/wp-content\/uploads\/2025\/06\/PASCH-White.png","contentUrl":"https:\/\/pasch.es\/wp-content\/uploads\/2025\/06\/PASCH-White.png","width":569,"height":147,"caption":"pasch.es"},"image":{"@id":"https:\/\/pasch.es\/#\/schema\/logo\/image\/"}}]}},"_links":{"self":[{"href":"https:\/\/pasch.es\/index.php\/wp-json\/wp\/v2\/pages\/7858","targetHints":{"allow":["GET"]}}],"collection":[{"href":"https:\/\/pasch.es\/index.php\/wp-json\/wp\/v2\/pages"}],"about":[{"href":"https:\/\/pasch.es\/index.php\/wp-json\/wp\/v2\/types\/page"}],"author":[{"embeddable":true,"href":"https:\/\/pasch.es\/index.php\/wp-json\/wp\/v2\/users\/1"}],"replies":[{"embeddable":true,"href":"https:\/\/pasch.es\/index.php\/wp-json\/wp\/v2\/comments?post=7858"}],"version-history":[{"count":13,"href":"https:\/\/pasch.es\/index.php\/wp-json\/wp\/v2\/pages\/7858\/revisions"}],"predecessor-version":[{"id":7896,"href":"https:\/\/pasch.es\/index.php\/wp-json\/wp\/v2\/pages\/7858\/revisions\/7896"}],"wp:attachment":[{"href":"https:\/\/pasch.es\/index.php\/wp-json\/wp\/v2\/media?parent=7858"}],"curies":[{"name":"wp","href":"https:\/\/api.w.org\/{rel}","templated":true}]}}