{"id":7862,"date":"2025-06-11T13:58:56","date_gmt":"2025-06-11T13:58:56","guid":{"rendered":"https:\/\/brave-easley.5-175-45-209.plesk.page\/?page_id=7862"},"modified":"2025-06-11T15:15:15","modified_gmt":"2025-06-11T15:15:15","slug":"toperas-rawie","status":"publish","type":"page","link":"https:\/\/pasch.es\/index.php\/toperas-rawie\/","title":{"rendered":"TOPERAS &#8211; RAWIE"},"content":{"rendered":"\t\t<div data-elementor-type=\"wp-page\" data-elementor-id=\"7862\" class=\"elementor elementor-7862\">\n\t\t\t\t<div class=\"elementor-element elementor-element-099773b e-flex e-con-boxed e-con e-parent\" data-id=\"099773b\" data-element_type=\"container\" data-e-type=\"container\">\n\t\t\t\t\t<div class=\"e-con-inner\">\n\t\t\t\t<div class=\"elementor-element elementor-element-90be0aa elementor-widget elementor-widget-image\" data-id=\"90be0aa\" data-element_type=\"widget\" data-e-type=\"widget\" data-widget_type=\"image.default\">\n\t\t\t\t<div class=\"elementor-widget-container\">\n\t\t\t\t\t\t\t\t\t\t\t\t\t\t\t<img decoding=\"async\" width=\"300\" height=\"164\" src=\"https:\/\/pasch.es\/wp-content\/uploads\/2025\/06\/logo-rawie_eng-300x164.png\" class=\"attachment-medium size-medium wp-image-7911\" alt=\"\" srcset=\"https:\/\/pasch.es\/wp-content\/uploads\/2025\/06\/logo-rawie_eng-300x164.png 300w, https:\/\/pasch.es\/wp-content\/uploads\/2025\/06\/logo-rawie_eng.png 500w\" sizes=\"(max-width: 300px) 100vw, 300px\" \/>\t\t\t\t\t\t\t\t\t\t\t\t\t\t\t<\/div>\n\t\t\t\t<\/div>\n\t\t\t\t<div class=\"elementor-element elementor-element-ddd671f elementor-widget elementor-widget-text-editor\" data-id=\"ddd671f\" data-element_type=\"widget\" data-e-type=\"widget\" data-widget_type=\"text-editor.default\">\n\t\t\t\t<div class=\"elementor-widget-container\">\n\t\t\t\t\t\t\t\t\t<p>Desde hace m\u00e1s de 100 a\u00f1ose\u00a0<strong>RAWIE<\/strong>\u00a0desarrolla, produce e instala toperas para instalaciones ferroviarias de finales de v\u00edas. Hoy en d\u00eda se encuentran en todo el mundo, en estacionamientos, en talleres y en zonas de maniobra.<\/p>\n<p>Entre los productos y servicios que ofrece RAWIE se encuentran los sistemas de protecci\u00f3n de v\u00edas; las t\u00e9cnicas de carga de ferrocarriles y de transporte; las barreras y los sistemas de control de acceso; la fabricaci\u00f3n de construcciones especiales; y la asistencia t\u00e9cnica, asesoramiento y servicio al cliente.<\/p>\n\t\t\t\t\t\t\t\t<\/div>\n\t\t\t\t<\/div>\n\t\t\t\t\t<\/div>\n\t\t\t\t<\/div>\n\t\t<div class=\"elementor-element elementor-element-1263c86 e-grid e-con-boxed e-con e-parent\" data-id=\"1263c86\" data-element_type=\"container\" data-e-type=\"container\">\n\t\t\t\t\t<div class=\"e-con-inner\">\n\t\t\t\t<div class=\"elementor-element elementor-element-a65cd2a elementor-widget elementor-widget-text-editor\" data-id=\"a65cd2a\" data-element_type=\"widget\" data-e-type=\"widget\" data-widget_type=\"text-editor.default\">\n\t\t\t\t<div class=\"elementor-widget-container\">\n\t\t\t\t\t\t\t\t\t<div class=\"vc_custom_heading text_align_center\">\n<h3 class=\"consulting-custom-title\">Toperas fijas<\/h3>\n<\/div>\n<div class=\"wpb_text_column wpb_content_element\">\n<div class=\"wpb_wrapper\">\n<p>En las v\u00edas que s\u00f3lo ofrecen espacio para una topera fija, su grado de efectividad puede aumentarse mediante un dispositivo de frenado en el frontal de la topera. En este caso, puede tratarse de dispositivos de frenado mec\u00e1nicos o hidra\u00falicos, aunque sus posibilidades de absorci\u00f3n de energ\u00eda cin\u00e9tica est\u00e1n limitadas. Las toperas fijas sin ninguna posibilidad de absorci\u00f3n de energ\u00eda solo sirven para limitar el final de la v\u00eda<\/p>\n<\/div>\n<\/div>\n\t\t\t\t\t\t\t\t<\/div>\n\t\t\t\t<\/div>\n\t\t\t\t<div class=\"elementor-element elementor-element-5b867cf elementor-widget elementor-widget-image\" data-id=\"5b867cf\" data-element_type=\"widget\" data-e-type=\"widget\" data-widget_type=\"image.default\">\n\t\t\t\t<div class=\"elementor-widget-container\">\n\t\t\t\t\t\t\t\t\t\t\t\t\t\t\t<img fetchpriority=\"high\" decoding=\"async\" width=\"450\" height=\"250\" src=\"https:\/\/pasch.es\/wp-content\/uploads\/2025\/06\/RawieFija.jpg\" class=\"attachment-large size-large wp-image-7910\" alt=\"\" srcset=\"https:\/\/pasch.es\/wp-content\/uploads\/2025\/06\/RawieFija.jpg 450w, https:\/\/pasch.es\/wp-content\/uploads\/2025\/06\/RawieFija-300x167.jpg 300w, https:\/\/pasch.es\/wp-content\/uploads\/2025\/06\/RawieFija-350x195.jpg 350w\" sizes=\"(max-width: 450px) 100vw, 450px\" \/>\t\t\t\t\t\t\t\t\t\t\t\t\t\t\t<\/div>\n\t\t\t\t<\/div>\n\t\t\t\t\t<\/div>\n\t\t\t\t<\/div>\n\t\t<div class=\"elementor-element elementor-element-4451563 e-grid e-con-boxed e-con e-parent\" data-id=\"4451563\" data-element_type=\"container\" data-e-type=\"container\">\n\t\t\t\t\t<div class=\"e-con-inner\">\n\t\t\t\t<div class=\"elementor-element elementor-element-d31a4c0 elementor-widget elementor-widget-text-editor\" data-id=\"d31a4c0\" data-element_type=\"widget\" data-e-type=\"widget\" data-widget_type=\"text-editor.default\">\n\t\t\t\t<div class=\"elementor-widget-container\">\n\t\t\t\t\t\t\t\t\t<div class=\"vc_custom_heading text_align_center\">\n<div class=\"vc_custom_heading text_align_center\">\n<h3 class=\"consulting-custom-title\">Toperas frenantes<\/h3>\n<\/div>\n<div class=\"wpb_text_column wpb_content_element\">\n<div class=\"wpb_wrapper\">\n<p>La tarea de una topera frenante consiste en asegurar el final de la v\u00eda as\u00ed como su f\u00e1cil retorno a la ubicaci\u00f3n original. En caso de una frenado incorrecto, la topera es dise\u00f1ada para frenar el veh\u00edculo hasta su parada de forma segura y controlada.<\/p>\n<p>Aqui puede encontrar algunos ensayos realizados con toperas frenantes de Rawie:<\/p>\n<p><a href=\"http:\/\/www.rawie.de\/index.php\/es\/bahntechnik\/versuche\">http:\/\/www.rawie.de\/index.php\/es\/bahntechnik\/versuche<\/a><\/p>\n<\/div>\n<\/div>\n<\/div>\n\t\t\t\t\t\t\t\t<\/div>\n\t\t\t\t<\/div>\n\t\t\t\t<div class=\"elementor-element elementor-element-638d411 elementor-widget elementor-widget-image\" data-id=\"638d411\" data-element_type=\"widget\" data-e-type=\"widget\" data-widget_type=\"image.default\">\n\t\t\t\t<div class=\"elementor-widget-container\">\n\t\t\t\t\t\t\t\t\t\t\t\t\t\t\t<img decoding=\"async\" width=\"450\" height=\"250\" src=\"https:\/\/pasch.es\/wp-content\/uploads\/2025\/06\/RawieFrenante.jpg\" class=\"attachment-large size-large wp-image-7909\" alt=\"\" srcset=\"https:\/\/pasch.es\/wp-content\/uploads\/2025\/06\/RawieFrenante.jpg 450w, https:\/\/pasch.es\/wp-content\/uploads\/2025\/06\/RawieFrenante-300x167.jpg 300w, https:\/\/pasch.es\/wp-content\/uploads\/2025\/06\/RawieFrenante-350x195.jpg 350w\" sizes=\"(max-width: 450px) 100vw, 450px\" \/>\t\t\t\t\t\t\t\t\t\t\t\t\t\t\t<\/div>\n\t\t\t\t<\/div>\n\t\t\t\t\t<\/div>\n\t\t\t\t<\/div>\n\t\t<div class=\"elementor-element elementor-element-2fa9459 e-grid e-con-boxed e-con e-parent\" data-id=\"2fa9459\" data-element_type=\"container\" data-e-type=\"container\">\n\t\t\t\t\t<div class=\"e-con-inner\">\n\t\t\t\t<div class=\"elementor-element elementor-element-836aa9f elementor-widget elementor-widget-text-editor\" data-id=\"836aa9f\" data-element_type=\"widget\" data-e-type=\"widget\" data-widget_type=\"text-editor.default\">\n\t\t\t\t<div class=\"elementor-widget-container\">\n\t\t\t\t\t\t\t\t\t<div class=\"vc_custom_heading text_align_center\">\n<div class=\"vc_custom_heading text_align_center\">\n<h3 class=\"consulting-custom-title\">Toperas abatibles<\/h3>\n<\/div>\n<div class=\"wpb_text_column wpb_content_element\">\n<div class=\"wpb_wrapper\">\n<p>Para el bloqueo temporal de v\u00edas pueden utilizarse toperas abatibles, ya sea como toperas fijas con absorbedores hidr\u00e1ulicos o como toperas deslizantes convencionales, cuyos elementos de freno estan fijados en carriles de frenado dispuestos paralelamente a la v\u00eda de circulaci\u00f3n. Como forma de construcci\u00f3n especial, estas toperas tambi\u00e9n pueden suministrarse en versi\u00f3n retractable.<\/p>\n<\/div>\n<\/div>\n<\/div>\n\t\t\t\t\t\t\t\t<\/div>\n\t\t\t\t<\/div>\n\t\t\t\t<div class=\"elementor-element elementor-element-1851cd6 elementor-widget elementor-widget-image\" data-id=\"1851cd6\" data-element_type=\"widget\" data-e-type=\"widget\" data-widget_type=\"image.default\">\n\t\t\t\t<div class=\"elementor-widget-container\">\n\t\t\t\t\t\t\t\t\t\t\t\t\t\t\t<img loading=\"lazy\" decoding=\"async\" width=\"450\" height=\"250\" src=\"https:\/\/pasch.es\/wp-content\/uploads\/2025\/06\/RawieAbatibleTrans.png\" class=\"attachment-large size-large wp-image-7908\" alt=\"\" srcset=\"https:\/\/pasch.es\/wp-content\/uploads\/2025\/06\/RawieAbatibleTrans.png 450w, https:\/\/pasch.es\/wp-content\/uploads\/2025\/06\/RawieAbatibleTrans-300x167.png 300w, https:\/\/pasch.es\/wp-content\/uploads\/2025\/06\/RawieAbatibleTrans-350x195.png 350w\" sizes=\"(max-width: 450px) 100vw, 450px\" \/>\t\t\t\t\t\t\t\t\t\t\t\t\t\t\t<\/div>\n\t\t\t\t<\/div>\n\t\t\t\t\t<\/div>\n\t\t\t\t<\/div>\n\t\t<div class=\"elementor-element elementor-element-1f76c85 e-grid e-con-boxed e-con e-parent\" data-id=\"1f76c85\" data-element_type=\"container\" data-e-type=\"container\">\n\t\t\t\t\t<div class=\"e-con-inner\">\n\t\t\t\t<div class=\"elementor-element elementor-element-73040ee elementor-widget elementor-widget-text-editor\" data-id=\"73040ee\" data-element_type=\"widget\" data-e-type=\"widget\" data-widget_type=\"text-editor.default\">\n\t\t\t\t<div class=\"elementor-widget-container\">\n\t\t\t\t\t\t\t\t\t<div class=\"vc_custom_heading text_align_center\">\n<div class=\"vc_custom_heading text_align_center\">\n<h3 class=\"consulting-custom-title\">Calces frenantes y descarriladores<\/h3>\n<\/div>\n<div class=\"wpb_text_column wpb_content_element\">\n<div class=\"wpb_wrapper\">\n<p>Si no pueden utilizarse toperas, por ejemplo en el caso de veh\u00edculos sobre carriles que no disponen de dispositivos adecuados en la parte frontal del veh\u00edculo, tambi\u00e9n pueden utilizarse dispositivos de frenado directamente en la rueda.<\/p>\n<\/div>\n<\/div>\n<\/div>\n\t\t\t\t\t\t\t\t<\/div>\n\t\t\t\t<\/div>\n\t\t\t\t<div class=\"elementor-element elementor-element-b2cf4db elementor-widget elementor-widget-image\" data-id=\"b2cf4db\" data-element_type=\"widget\" data-e-type=\"widget\" data-widget_type=\"image.default\">\n\t\t\t\t<div class=\"elementor-widget-container\">\n\t\t\t\t\t\t\t\t\t\t\t\t\t\t\t<img loading=\"lazy\" decoding=\"async\" width=\"450\" height=\"250\" src=\"https:\/\/pasch.es\/wp-content\/uploads\/2025\/06\/RawieCarrilTrans.png\" class=\"attachment-large size-large wp-image-7907\" alt=\"\" srcset=\"https:\/\/pasch.es\/wp-content\/uploads\/2025\/06\/RawieCarrilTrans.png 450w, https:\/\/pasch.es\/wp-content\/uploads\/2025\/06\/RawieCarrilTrans-300x167.png 300w, https:\/\/pasch.es\/wp-content\/uploads\/2025\/06\/RawieCarrilTrans-350x195.png 350w\" sizes=\"(max-width: 450px) 100vw, 450px\" \/>\t\t\t\t\t\t\t\t\t\t\t\t\t\t\t<\/div>\n\t\t\t\t<\/div>\n\t\t\t\t\t<\/div>\n\t\t\t\t<\/div>\n\t\t<div class=\"elementor-element elementor-element-e4baba0 e-grid e-con-boxed e-con e-parent\" data-id=\"e4baba0\" data-element_type=\"container\" data-e-type=\"container\">\n\t\t\t\t\t<div class=\"e-con-inner\">\n\t\t\t\t<div class=\"elementor-element elementor-element-783969e elementor-widget elementor-widget-text-editor\" data-id=\"783969e\" data-element_type=\"widget\" data-e-type=\"widget\" data-widget_type=\"text-editor.default\">\n\t\t\t\t<div class=\"elementor-widget-container\">\n\t\t\t\t\t\t\t\t\t<div class=\"vc_custom_heading text_align_center\">\n<div class=\"vc_custom_heading text_align_center\">\n<div class=\"vc_custom_heading text_align_center\">\n<h3 class=\"consulting-custom-title\">Barreras<\/h3>\n<\/div>\n<div class=\"wpb_text_column wpb_content_element\">\n<div class=\"wpb_wrapper\">\n<p>RAWIE fabrica barreras y sistemas de control de acceso desde 1920. Sus sistemas, con m\u00faltiples aplicaciones, consisten en una barrera simple controlada a trav\u00e9s de una ordenador con un sistema que incluye c\u00e1maras. Se encuentran instalados en diferentes lugares en Alemania, y tambi\u00e9n en Europa<\/p>\n<\/div>\n<\/div>\n<\/div>\n<\/div>\n\t\t\t\t\t\t\t\t<\/div>\n\t\t\t\t<\/div>\n\t\t\t\t<div class=\"elementor-element elementor-element-0022913 elementor-widget elementor-widget-image\" data-id=\"0022913\" data-element_type=\"widget\" data-e-type=\"widget\" data-widget_type=\"image.default\">\n\t\t\t\t<div class=\"elementor-widget-container\">\n\t\t\t\t\t\t\t\t\t\t\t\t\t\t\t<img loading=\"lazy\" decoding=\"async\" width=\"450\" height=\"250\" src=\"https:\/\/pasch.es\/wp-content\/uploads\/2025\/06\/RawieBarrera.jpg\" class=\"attachment-large size-large wp-image-7906\" alt=\"\" srcset=\"https:\/\/pasch.es\/wp-content\/uploads\/2025\/06\/RawieBarrera.jpg 450w, https:\/\/pasch.es\/wp-content\/uploads\/2025\/06\/RawieBarrera-300x167.jpg 300w, https:\/\/pasch.es\/wp-content\/uploads\/2025\/06\/RawieBarrera-350x195.jpg 350w\" sizes=\"(max-width: 450px) 100vw, 450px\" \/>\t\t\t\t\t\t\t\t\t\t\t\t\t\t\t<\/div>\n\t\t\t\t<\/div>\n\t\t\t\t\t<\/div>\n\t\t\t\t<\/div>\n\t\t<div class=\"elementor-element elementor-element-ae99f28 e-flex e-con-boxed e-con e-parent\" data-id=\"ae99f28\" data-element_type=\"container\" data-e-type=\"container\">\n\t\t\t\t\t<div class=\"e-con-inner\">\n\t\t\t\t<div class=\"elementor-element elementor-element-4005b06 elementor-widget elementor-widget-heading\" data-id=\"4005b06\" data-element_type=\"widget\" data-e-type=\"widget\" data-widget_type=\"heading.default\">\n\t\t\t\t<div class=\"elementor-widget-container\">\n\t\t\t\t\t<h3 class=\"elementor-heading-title elementor-size-default\">FORMULARIO DE CONTACTO<\/h3>\t\t\t\t<\/div>\n\t\t\t\t<\/div>\n\t\t\t\t\t<\/div>\n\t\t\t\t<\/div>\n\t\t<div class=\"elementor-element elementor-element-89c8a31 e-flex e-con-boxed e-con e-parent\" data-id=\"89c8a31\" data-element_type=\"container\" data-e-type=\"container\">\n\t\t\t\t\t<div class=\"e-con-inner\">\n\t\t\t\t<div class=\"elementor-element elementor-element-6cf329f elementor-widget elementor-widget-stm_contact_form_7\" data-id=\"6cf329f\" data-element_type=\"widget\" data-e-type=\"widget\" data-widget_type=\"stm_contact_form_7.default\">\n\t\t\t\t<div class=\"elementor-widget-container\">\n\t\t\t\t\t\n<div class=\"wpcf7 no-js\" id=\"wpcf7-f7674-o1\" lang=\"es-ES\" dir=\"ltr\" data-wpcf7-id=\"7674\">\n<div class=\"screen-reader-response\"><p role=\"status\" aria-live=\"polite\" aria-atomic=\"true\"><\/p> <ul><\/ul><\/div>\n<form action=\"\/index.php\/wp-json\/wp\/v2\/pages\/7862#wpcf7-f7674-o1\" method=\"post\" class=\"wpcf7-form init\" aria-label=\"Formulario de contacto\" novalidate=\"novalidate\" data-status=\"init\">\n<fieldset class=\"hidden-fields-container\"><input type=\"hidden\" name=\"_wpcf7\" value=\"7674\" \/><input type=\"hidden\" name=\"_wpcf7_version\" value=\"6.1.5\" \/><input type=\"hidden\" name=\"_wpcf7_locale\" value=\"es_ES\" \/><input type=\"hidden\" name=\"_wpcf7_unit_tag\" value=\"wpcf7-f7674-o1\" \/><input type=\"hidden\" name=\"_wpcf7_container_post\" value=\"0\" \/><input type=\"hidden\" name=\"_wpcf7_posted_data_hash\" value=\"\" \/>\n<\/fieldset>\n<label> Tu nombre\n    <span class=\"wpcf7-form-control-wrap\" data-name=\"your-name\"><input size=\"40\" maxlength=\"400\" class=\"wpcf7-form-control wpcf7-text wpcf7-validates-as-required\" autocomplete=\"name\" aria-required=\"true\" aria-invalid=\"false\" value=\"\" type=\"text\" name=\"your-name\" \/><\/span> <\/label>\n\n<label> Tu correo electr\u00f3nico\n    <span class=\"wpcf7-form-control-wrap\" data-name=\"your-email\"><input size=\"40\" maxlength=\"400\" class=\"wpcf7-form-control wpcf7-email wpcf7-validates-as-required wpcf7-text wpcf7-validates-as-email\" autocomplete=\"email\" aria-required=\"true\" aria-invalid=\"false\" value=\"\" type=\"email\" name=\"your-email\" \/><\/span> <\/label>\n\n<label> Asunto\n    <span class=\"wpcf7-form-control-wrap\" data-name=\"your-subject\"><input size=\"40\" maxlength=\"400\" class=\"wpcf7-form-control wpcf7-text wpcf7-validates-as-required\" aria-required=\"true\" aria-invalid=\"false\" value=\"\" type=\"text\" name=\"your-subject\" \/><\/span> <\/label>\n\n<label> Tu mensaje (opcional)\n    <span class=\"wpcf7-form-control-wrap\" data-name=\"your-message\"><textarea cols=\"40\" rows=\"10\" maxlength=\"2000\" class=\"wpcf7-form-control wpcf7-textarea\" aria-invalid=\"false\" name=\"your-message\"><\/textarea><\/span> <\/label>\n\n<input class=\"wpcf7-form-control wpcf7-submit has-spinner\" type=\"submit\" value=\"Enviar\" \/><div class=\"wpcf7-response-output\" aria-hidden=\"true\"><\/div>\n<\/form>\n<\/div>\n\t\t\t\t\t\t<\/div>\n\t\t\t\t<\/div>\n\t\t\t\t\t<\/div>\n\t\t\t\t<\/div>\n\t\t\t\t<\/div>\n\t\t","protected":false},"excerpt":{"rendered":"<p>Desde hace m\u00e1s de 100 a\u00f1ose\u00a0RAWIE\u00a0desarrolla, produce e instala toperas para instalaciones ferroviarias de finales de v\u00edas. Hoy en d\u00eda se encuentran en todo el mundo, en estacionamientos, en talleres y en zonas de maniobra. Entre los productos y servicios que ofrece RAWIE se encuentran los sistemas de protecci\u00f3n de v\u00edas; las t\u00e9cnicas de carga<\/p>\n","protected":false},"author":1,"featured_media":0,"parent":0,"menu_order":0,"comment_status":"closed","ping_status":"closed","template":"","meta":{"footnotes":""},"class_list":["post-7862","page","type-page","status-publish","hentry"],"yoast_head":"<!-- This site is optimized with the Yoast SEO plugin v27.4 - https:\/\/yoast.com\/product\/yoast-seo-wordpress\/ -->\n<title>TOPERAS - RAWIE - pasch.es<\/title>\n<meta name=\"robots\" content=\"index, follow, max-snippet:-1, max-image-preview:large, max-video-preview:-1\" \/>\n<link rel=\"canonical\" href=\"https:\/\/pasch.es\/index.php\/toperas-rawie\/\" \/>\n<meta property=\"og:locale\" content=\"en_US\" \/>\n<meta property=\"og:type\" content=\"article\" \/>\n<meta property=\"og:title\" content=\"TOPERAS - RAWIE - pasch.es\" \/>\n<meta property=\"og:description\" content=\"Desde hace m\u00e1s de 100 a\u00f1ose\u00a0RAWIE\u00a0desarrolla, produce e instala toperas para instalaciones ferroviarias de finales de v\u00edas. Hoy en d\u00eda se encuentran en todo el mundo, en estacionamientos, en talleres y en zonas de maniobra. Entre los productos y servicios que ofrece RAWIE se encuentran los sistemas de protecci\u00f3n de v\u00edas; las t\u00e9cnicas de carga\" \/>\n<meta property=\"og:url\" content=\"https:\/\/pasch.es\/index.php\/toperas-rawie\/\" \/>\n<meta property=\"og:site_name\" content=\"pasch.es\" \/>\n<meta property=\"article:modified_time\" content=\"2025-06-11T15:15:15+00:00\" \/>\n<meta property=\"og:image\" content=\"https:\/\/brave-easley.5-175-45-209.plesk.page\/wp-content\/uploads\/2025\/06\/logo-rawie_eng-300x164.png\" \/>\n<meta name=\"twitter:card\" content=\"summary_large_image\" \/>\n<meta name=\"twitter:label1\" content=\"Est. reading time\" \/>\n\t<meta name=\"twitter:data1\" content=\"3 minutes\" \/>\n<script type=\"application\/ld+json\" class=\"yoast-schema-graph\">{\"@context\":\"https:\\\/\\\/schema.org\",\"@graph\":[{\"@type\":\"WebPage\",\"@id\":\"https:\\\/\\\/pasch.es\\\/index.php\\\/toperas-rawie\\\/\",\"url\":\"https:\\\/\\\/pasch.es\\\/index.php\\\/toperas-rawie\\\/\",\"name\":\"TOPERAS - RAWIE - pasch.es\",\"isPartOf\":{\"@id\":\"https:\\\/\\\/pasch.es\\\/#website\"},\"primaryImageOfPage\":{\"@id\":\"https:\\\/\\\/pasch.es\\\/index.php\\\/toperas-rawie\\\/#primaryimage\"},\"image\":{\"@id\":\"https:\\\/\\\/pasch.es\\\/index.php\\\/toperas-rawie\\\/#primaryimage\"},\"thumbnailUrl\":\"https:\\\/\\\/brave-easley.5-175-45-209.plesk.page\\\/wp-content\\\/uploads\\\/2025\\\/06\\\/logo-rawie_eng-300x164.png\",\"datePublished\":\"2025-06-11T13:58:56+00:00\",\"dateModified\":\"2025-06-11T15:15:15+00:00\",\"breadcrumb\":{\"@id\":\"https:\\\/\\\/pasch.es\\\/index.php\\\/toperas-rawie\\\/#breadcrumb\"},\"inLanguage\":\"en-US\",\"potentialAction\":[{\"@type\":\"ReadAction\",\"target\":[\"https:\\\/\\\/pasch.es\\\/index.php\\\/toperas-rawie\\\/\"]}]},{\"@type\":\"ImageObject\",\"inLanguage\":\"en-US\",\"@id\":\"https:\\\/\\\/pasch.es\\\/index.php\\\/toperas-rawie\\\/#primaryimage\",\"url\":\"https:\\\/\\\/brave-easley.5-175-45-209.plesk.page\\\/wp-content\\\/uploads\\\/2025\\\/06\\\/logo-rawie_eng-300x164.png\",\"contentUrl\":\"https:\\\/\\\/brave-easley.5-175-45-209.plesk.page\\\/wp-content\\\/uploads\\\/2025\\\/06\\\/logo-rawie_eng-300x164.png\"},{\"@type\":\"BreadcrumbList\",\"@id\":\"https:\\\/\\\/pasch.es\\\/index.php\\\/toperas-rawie\\\/#breadcrumb\",\"itemListElement\":[{\"@type\":\"ListItem\",\"position\":1,\"name\":\"Portada\",\"item\":\"https:\\\/\\\/pasch.es\\\/\"},{\"@type\":\"ListItem\",\"position\":2,\"name\":\"TOPERAS &#8211; RAWIE\"}]},{\"@type\":\"WebSite\",\"@id\":\"https:\\\/\\\/pasch.es\\\/#website\",\"url\":\"https:\\\/\\\/pasch.es\\\/\",\"name\":\"pasch.es\",\"description\":\"PASCH Y CIA\",\"publisher\":{\"@id\":\"https:\\\/\\\/pasch.es\\\/#organization\"},\"potentialAction\":[{\"@type\":\"SearchAction\",\"target\":{\"@type\":\"EntryPoint\",\"urlTemplate\":\"https:\\\/\\\/pasch.es\\\/?s={search_term_string}\"},\"query-input\":{\"@type\":\"PropertyValueSpecification\",\"valueRequired\":true,\"valueName\":\"search_term_string\"}}],\"inLanguage\":\"en-US\"},{\"@type\":\"Organization\",\"@id\":\"https:\\\/\\\/pasch.es\\\/#organization\",\"name\":\"pasch.es\",\"url\":\"https:\\\/\\\/pasch.es\\\/\",\"logo\":{\"@type\":\"ImageObject\",\"inLanguage\":\"en-US\",\"@id\":\"https:\\\/\\\/pasch.es\\\/#\\\/schema\\\/logo\\\/image\\\/\",\"url\":\"https:\\\/\\\/pasch.es\\\/wp-content\\\/uploads\\\/2025\\\/06\\\/PASCH-White.png\",\"contentUrl\":\"https:\\\/\\\/pasch.es\\\/wp-content\\\/uploads\\\/2025\\\/06\\\/PASCH-White.png\",\"width\":569,\"height\":147,\"caption\":\"pasch.es\"},\"image\":{\"@id\":\"https:\\\/\\\/pasch.es\\\/#\\\/schema\\\/logo\\\/image\\\/\"}}]}<\/script>\n<!-- \/ Yoast SEO plugin. -->","yoast_head_json":{"title":"TOPERAS - RAWIE - pasch.es","robots":{"index":"index","follow":"follow","max-snippet":"max-snippet:-1","max-image-preview":"max-image-preview:large","max-video-preview":"max-video-preview:-1"},"canonical":"https:\/\/pasch.es\/index.php\/toperas-rawie\/","og_locale":"en_US","og_type":"article","og_title":"TOPERAS - RAWIE - pasch.es","og_description":"Desde hace m\u00e1s de 100 a\u00f1ose\u00a0RAWIE\u00a0desarrolla, produce e instala toperas para instalaciones ferroviarias de finales de v\u00edas. Hoy en d\u00eda se encuentran en todo el mundo, en estacionamientos, en talleres y en zonas de maniobra. Entre los productos y servicios que ofrece RAWIE se encuentran los sistemas de protecci\u00f3n de v\u00edas; las t\u00e9cnicas de carga","og_url":"https:\/\/pasch.es\/index.php\/toperas-rawie\/","og_site_name":"pasch.es","article_modified_time":"2025-06-11T15:15:15+00:00","og_image":[{"url":"https:\/\/brave-easley.5-175-45-209.plesk.page\/wp-content\/uploads\/2025\/06\/logo-rawie_eng-300x164.png","type":"","width":"","height":""}],"twitter_card":"summary_large_image","twitter_misc":{"Est. reading time":"3 minutes"},"schema":{"@context":"https:\/\/schema.org","@graph":[{"@type":"WebPage","@id":"https:\/\/pasch.es\/index.php\/toperas-rawie\/","url":"https:\/\/pasch.es\/index.php\/toperas-rawie\/","name":"TOPERAS - RAWIE - pasch.es","isPartOf":{"@id":"https:\/\/pasch.es\/#website"},"primaryImageOfPage":{"@id":"https:\/\/pasch.es\/index.php\/toperas-rawie\/#primaryimage"},"image":{"@id":"https:\/\/pasch.es\/index.php\/toperas-rawie\/#primaryimage"},"thumbnailUrl":"https:\/\/brave-easley.5-175-45-209.plesk.page\/wp-content\/uploads\/2025\/06\/logo-rawie_eng-300x164.png","datePublished":"2025-06-11T13:58:56+00:00","dateModified":"2025-06-11T15:15:15+00:00","breadcrumb":{"@id":"https:\/\/pasch.es\/index.php\/toperas-rawie\/#breadcrumb"},"inLanguage":"en-US","potentialAction":[{"@type":"ReadAction","target":["https:\/\/pasch.es\/index.php\/toperas-rawie\/"]}]},{"@type":"ImageObject","inLanguage":"en-US","@id":"https:\/\/pasch.es\/index.php\/toperas-rawie\/#primaryimage","url":"https:\/\/brave-easley.5-175-45-209.plesk.page\/wp-content\/uploads\/2025\/06\/logo-rawie_eng-300x164.png","contentUrl":"https:\/\/brave-easley.5-175-45-209.plesk.page\/wp-content\/uploads\/2025\/06\/logo-rawie_eng-300x164.png"},{"@type":"BreadcrumbList","@id":"https:\/\/pasch.es\/index.php\/toperas-rawie\/#breadcrumb","itemListElement":[{"@type":"ListItem","position":1,"name":"Portada","item":"https:\/\/pasch.es\/"},{"@type":"ListItem","position":2,"name":"TOPERAS &#8211; RAWIE"}]},{"@type":"WebSite","@id":"https:\/\/pasch.es\/#website","url":"https:\/\/pasch.es\/","name":"pasch.es","description":"PASCH Y CIA","publisher":{"@id":"https:\/\/pasch.es\/#organization"},"potentialAction":[{"@type":"SearchAction","target":{"@type":"EntryPoint","urlTemplate":"https:\/\/pasch.es\/?s={search_term_string}"},"query-input":{"@type":"PropertyValueSpecification","valueRequired":true,"valueName":"search_term_string"}}],"inLanguage":"en-US"},{"@type":"Organization","@id":"https:\/\/pasch.es\/#organization","name":"pasch.es","url":"https:\/\/pasch.es\/","logo":{"@type":"ImageObject","inLanguage":"en-US","@id":"https:\/\/pasch.es\/#\/schema\/logo\/image\/","url":"https:\/\/pasch.es\/wp-content\/uploads\/2025\/06\/PASCH-White.png","contentUrl":"https:\/\/pasch.es\/wp-content\/uploads\/2025\/06\/PASCH-White.png","width":569,"height":147,"caption":"pasch.es"},"image":{"@id":"https:\/\/pasch.es\/#\/schema\/logo\/image\/"}}]}},"_links":{"self":[{"href":"https:\/\/pasch.es\/index.php\/wp-json\/wp\/v2\/pages\/7862","targetHints":{"allow":["GET"]}}],"collection":[{"href":"https:\/\/pasch.es\/index.php\/wp-json\/wp\/v2\/pages"}],"about":[{"href":"https:\/\/pasch.es\/index.php\/wp-json\/wp\/v2\/types\/page"}],"author":[{"embeddable":true,"href":"https:\/\/pasch.es\/index.php\/wp-json\/wp\/v2\/users\/1"}],"replies":[{"embeddable":true,"href":"https:\/\/pasch.es\/index.php\/wp-json\/wp\/v2\/comments?post=7862"}],"version-history":[{"count":4,"href":"https:\/\/pasch.es\/index.php\/wp-json\/wp\/v2\/pages\/7862\/revisions"}],"predecessor-version":[{"id":7914,"href":"https:\/\/pasch.es\/index.php\/wp-json\/wp\/v2\/pages\/7862\/revisions\/7914"}],"wp:attachment":[{"href":"https:\/\/pasch.es\/index.php\/wp-json\/wp\/v2\/media?parent=7862"}],"curies":[{"name":"wp","href":"https:\/\/api.w.org\/{rel}","templated":true}]}}