{"id":7868,"date":"2025-06-11T14:00:57","date_gmt":"2025-06-11T14:00:57","guid":{"rendered":"https:\/\/brave-easley.5-175-45-209.plesk.page\/?page_id=7868"},"modified":"2025-06-11T15:34:57","modified_gmt":"2025-06-11T15:34:57","slug":"carril","status":"publish","type":"page","link":"https:\/\/pasch.es\/index.php\/carril\/","title":{"rendered":"CARRIL"},"content":{"rendered":"\t\t<div data-elementor-type=\"wp-page\" data-elementor-id=\"7868\" class=\"elementor elementor-7868\">\n\t\t\t\t<div class=\"elementor-element elementor-element-099773b e-flex e-con-boxed e-con e-parent\" data-id=\"099773b\" data-element_type=\"container\" data-e-type=\"container\">\n\t\t\t\t\t<div class=\"e-con-inner\">\n\t\t\t\t<div class=\"elementor-element elementor-element-90be0aa elementor-widget elementor-widget-image\" data-id=\"90be0aa\" data-element_type=\"widget\" data-e-type=\"widget\" data-widget_type=\"image.default\">\n\t\t\t\t<div class=\"elementor-widget-container\">\n\t\t\t\t\t\t\t\t\t\t\t\t\t\t\t<img fetchpriority=\"high\" decoding=\"async\" width=\"768\" height=\"118\" src=\"https:\/\/pasch.es\/wp-content\/uploads\/2025\/06\/Voestalpine-768x118.png\" class=\"attachment-medium_large size-medium_large wp-image-7915\" alt=\"\" srcset=\"https:\/\/pasch.es\/wp-content\/uploads\/2025\/06\/Voestalpine-768x118.png 768w, https:\/\/pasch.es\/wp-content\/uploads\/2025\/06\/Voestalpine-300x46.png 300w, https:\/\/pasch.es\/wp-content\/uploads\/2025\/06\/Voestalpine-1024x157.png 1024w, https:\/\/pasch.es\/wp-content\/uploads\/2025\/06\/Voestalpine-1536x236.png 1536w, https:\/\/pasch.es\/wp-content\/uploads\/2025\/06\/Voestalpine-2048x314.png 2048w, https:\/\/pasch.es\/wp-content\/uploads\/2025\/06\/Voestalpine-900x138.png 900w, https:\/\/pasch.es\/wp-content\/uploads\/2025\/06\/Voestalpine-600x92.png 600w\" sizes=\"(max-width: 768px) 100vw, 768px\" \/>\t\t\t\t\t\t\t\t\t\t\t\t\t\t\t<\/div>\n\t\t\t\t<\/div>\n\t\t\t\t\t<\/div>\n\t\t\t\t<\/div>\n\t\t<div class=\"elementor-element elementor-element-6f21461 e-flex e-con-boxed e-con e-parent\" data-id=\"6f21461\" data-element_type=\"container\" data-e-type=\"container\">\n\t\t\t\t\t<div class=\"e-con-inner\">\n\t\t\t\t<div class=\"elementor-element elementor-element-eb8fb93 elementor-widget elementor-widget-text-editor\" data-id=\"eb8fb93\" data-element_type=\"widget\" data-e-type=\"widget\" data-widget_type=\"text-editor.default\">\n\t\t\t\t<div class=\"elementor-widget-container\">\n\t\t\t\t\t\t\t\t\t<div class=\"wpb_text_column wpb_content_element\">\n<div class=\"wpb_wrapper\">\n<p><strong>voestalpine Rail Technology\u00a0<\/strong>es uno de los fabricantes m\u00e1s importantes de carriles ferroviarios a nivel mundial. A d\u00eda de hoy gran parte del carril que lamina Voestalpine Schienen, sale de f\u00e1brica en calidad endurecida Head Special Hardened. Ha suministrado, entre otros, todo el carril para los desv\u00edos de Alta Velocidad en Espa\u00f1a en calidad HSH, con el fin de minimizar el desgaste en las zonas m\u00e1s conflictivas de estos desv\u00edos. Voestalpine Schienen dispone de un dispositivo denominado Railputler empleado para la descarga de carriles de entre 50 y 120 metros.<\/p>\n<\/div>\n<div class=\"wpb_text_column wpb_content_element\">\n<div class=\"wpb_wrapper\">\n<p>Dispone de todos los tipos de carriles:<\/p>\n<p>Carriles Vignol: Son los carriles normales, los suministra en diferentes longitudes seg\u00fan las necesidades del cliente.<\/p>\n<p>Carriles de garganta: Se utilizan principalmente en tranv\u00edas. El principal da\u00f1o que sufren estos carriles es el desgaste abrasivo. Con el tratamiento HSH de los carriles de garganta, se crea una microestructura con alta resistencia al desgaste, que alarga su vida y que presenta la gran ventaja de poder ser recargados sin necesidad de calentamiento previo.<\/p>\n<p>Carriles de agujas: Se utilizan en los desv\u00edos. Es conveniente un endurecimiento de los mismos, ya que as\u00ed se consigue mayor resistencia en sitios donde el carril es considerablemente m\u00e1s estrecho.<\/p>\n<p>En cuanto al nivel de endurecimiento, se encuentran distintos tipos de acabado. Algunos de ellos son:<\/p>\n<\/div>\n<\/div>\n<\/div>\n\t\t\t\t\t\t\t\t<\/div>\n\t\t\t\t<\/div>\n\t\t\t\t\t<\/div>\n\t\t\t\t<\/div>\n\t\t<div class=\"elementor-element elementor-element-f09269e e-grid e-con-boxed e-con e-parent\" data-id=\"f09269e\" data-element_type=\"container\" data-e-type=\"container\">\n\t\t\t\t\t<div class=\"e-con-inner\">\n\t\t\t\t<div class=\"elementor-element elementor-element-8f3fbd9 elementor-widget elementor-widget-text-editor\" data-id=\"8f3fbd9\" data-element_type=\"widget\" data-e-type=\"widget\" data-widget_type=\"text-editor.default\">\n\t\t\t\t<div class=\"elementor-widget-container\">\n\t\t\t\t\t\t\t\t\t<div class=\"vc_custom_heading text_align_center\">\n<h3 class=\"consulting-custom-title\">350HT HSH<\/h3>\n<\/div>\n<div class=\"wpb_text_column wpb_content_element\">\n<div class=\"wpb_wrapper\">\n<p>El campo de aplicaci\u00f3n de este carril son las zonas de tr\u00e1fico mixto y el sector del ferrocarril ligero.<\/p>\n<\/div>\n<\/div>\n\t\t\t\t\t\t\t\t<\/div>\n\t\t\t\t<\/div>\n\t\t\t\t<div class=\"elementor-element elementor-element-a7076f9 elementor-widget elementor-widget-image\" data-id=\"a7076f9\" data-element_type=\"widget\" data-e-type=\"widget\" data-widget_type=\"image.default\">\n\t\t\t\t<div class=\"elementor-widget-container\">\n\t\t\t\t\t\t\t\t\t\t\t\t\t\t\t<img decoding=\"async\" width=\"450\" height=\"250\" src=\"https:\/\/pasch.es\/wp-content\/uploads\/2025\/06\/hsh350.jpg\" class=\"attachment-large size-large wp-image-7940\" alt=\"\" srcset=\"https:\/\/pasch.es\/wp-content\/uploads\/2025\/06\/hsh350.jpg 450w, https:\/\/pasch.es\/wp-content\/uploads\/2025\/06\/hsh350-300x167.jpg 300w, https:\/\/pasch.es\/wp-content\/uploads\/2025\/06\/hsh350-350x195.jpg 350w\" sizes=\"(max-width: 450px) 100vw, 450px\" \/>\t\t\t\t\t\t\t\t\t\t\t\t\t\t\t<\/div>\n\t\t\t\t<\/div>\n\t\t\t\t\t<\/div>\n\t\t\t\t<\/div>\n\t\t<div class=\"elementor-element elementor-element-0b601ec e-grid e-con-boxed e-con e-parent\" data-id=\"0b601ec\" data-element_type=\"container\" data-e-type=\"container\">\n\t\t\t\t\t<div class=\"e-con-inner\">\n\t\t\t\t<div class=\"elementor-element elementor-element-f3b6c55 elementor-widget elementor-widget-text-editor\" data-id=\"f3b6c55\" data-element_type=\"widget\" data-e-type=\"widget\" data-widget_type=\"text-editor.default\">\n\t\t\t\t<div class=\"elementor-widget-container\">\n\t\t\t\t\t\t\t\t\t<div class=\"vc_custom_heading text_align_center\">\n<div class=\"vc_custom_heading text_align_center\">\n<h3 class=\"consulting-custom-title\">400HT UHC<\/h3>\n<\/div>\n<div class=\"wpb_text_column wpb_content_element\">\n<div class=\"wpb_wrapper\">\n<p>Se emplea en el sector del ferrocarril pesado.<\/p>\n<\/div>\n<\/div>\n<\/div>\n\t\t\t\t\t\t\t\t<\/div>\n\t\t\t\t<\/div>\n\t\t\t\t<div class=\"elementor-element elementor-element-22a8cfb elementor-widget elementor-widget-image\" data-id=\"22a8cfb\" data-element_type=\"widget\" data-e-type=\"widget\" data-widget_type=\"image.default\">\n\t\t\t\t<div class=\"elementor-widget-container\">\n\t\t\t\t\t\t\t\t\t\t\t\t\t\t\t<img decoding=\"async\" width=\"450\" height=\"250\" src=\"https:\/\/pasch.es\/wp-content\/uploads\/2025\/06\/400UHC.jpg\" class=\"attachment-large size-large wp-image-7939\" alt=\"\" srcset=\"https:\/\/pasch.es\/wp-content\/uploads\/2025\/06\/400UHC.jpg 450w, https:\/\/pasch.es\/wp-content\/uploads\/2025\/06\/400UHC-300x167.jpg 300w, https:\/\/pasch.es\/wp-content\/uploads\/2025\/06\/400UHC-350x195.jpg 350w\" sizes=\"(max-width: 450px) 100vw, 450px\" \/>\t\t\t\t\t\t\t\t\t\t\t\t\t\t\t<\/div>\n\t\t\t\t<\/div>\n\t\t\t\t\t<\/div>\n\t\t\t\t<\/div>\n\t\t<div class=\"elementor-element elementor-element-567b522 e-grid e-con-boxed e-con e-parent\" data-id=\"567b522\" data-element_type=\"container\" data-e-type=\"container\">\n\t\t\t\t\t<div class=\"e-con-inner\">\n\t\t\t\t<div class=\"elementor-element elementor-element-63c7e8c elementor-widget elementor-widget-text-editor\" data-id=\"63c7e8c\" data-element_type=\"widget\" data-e-type=\"widget\" data-widget_type=\"text-editor.default\">\n\t\t\t\t<div class=\"elementor-widget-container\">\n\t\t\t\t\t\t\t\t\t<div class=\"vc_custom_heading text_align_center\">\n<div class=\"vc_custom_heading text_align_center\">\n<h3 class=\"consulting-custom-title\">CARRILES ULTRA LARGOS<\/h3>\n<\/div>\n<div class=\"wpb_text_column wpb_content_element\">\n<div class=\"wpb_wrapper\">\n<p>Voestalpine Schienen\u00a0ha sido la primera empresa en fabricar\u00a0<strong>carriles ultra largos<\/strong>, al ser consciente de sus beneficios. Estos carriles suponen un notable descenso en los costes de soldadura y mantenimiento. A la vez tambi\u00e9n reducen los defectos causados por la soldadura en la v\u00eda. Estos carriles se han convertido en los carriles est\u00e1ndar en muchos pa\u00edses. La \u00a0longitud m\u00e1xima sin soldadura es de 120 metros.<\/p>\n<\/div>\n<\/div>\n<\/div>\n\t\t\t\t\t\t\t\t<\/div>\n\t\t\t\t<\/div>\n\t\t\t\t<div class=\"elementor-element elementor-element-3835dc1 elementor-widget elementor-widget-image\" data-id=\"3835dc1\" data-element_type=\"widget\" data-e-type=\"widget\" data-widget_type=\"image.default\">\n\t\t\t\t<div class=\"elementor-widget-container\">\n\t\t\t\t\t\t\t\t\t\t\t\t\t\t\t<img loading=\"lazy\" decoding=\"async\" width=\"450\" height=\"250\" src=\"https:\/\/pasch.es\/wp-content\/uploads\/2025\/06\/UltraLargos.jpg\" class=\"attachment-large size-large wp-image-7938\" alt=\"\" srcset=\"https:\/\/pasch.es\/wp-content\/uploads\/2025\/06\/UltraLargos.jpg 450w, https:\/\/pasch.es\/wp-content\/uploads\/2025\/06\/UltraLargos-300x167.jpg 300w, https:\/\/pasch.es\/wp-content\/uploads\/2025\/06\/UltraLargos-350x195.jpg 350w\" sizes=\"(max-width: 450px) 100vw, 450px\" \/>\t\t\t\t\t\t\t\t\t\t\t\t\t\t\t<\/div>\n\t\t\t\t<\/div>\n\t\t\t\t\t<\/div>\n\t\t\t\t<\/div>\n\t\t<div class=\"elementor-element elementor-element-52fe92c e-grid e-con-boxed e-con e-parent\" data-id=\"52fe92c\" data-element_type=\"container\" data-e-type=\"container\">\n\t\t\t\t\t<div class=\"e-con-inner\">\n\t\t\t\t<div class=\"elementor-element elementor-element-0d4945d elementor-widget elementor-widget-text-editor\" data-id=\"0d4945d\" data-element_type=\"widget\" data-e-type=\"widget\" data-widget_type=\"text-editor.default\">\n\t\t\t\t<div class=\"elementor-widget-container\">\n\t\t\t\t\t\t\t\t\t<div class=\"vc_custom_heading text_align_center\">\n<div class=\"vc_custom_heading text_align_center\">\n<h3 class=\"consulting-custom-title\">RAILPUTLER<\/h3>\n<\/div>\n<div class=\"wpb_text_column wpb_content_element\">\n<div class=\"wpb_wrapper\">\n<p>Dispositivo para la descarga de carriles largos de hasta 120 m y para perfiles 60E1, 54E1, etc. Se puede montar sobre vagones de plataforma est\u00e1ndar de manera f\u00e1cil y r\u00e1pida, consiguiendo una descarga fluida de los carriles con una m\u00e1xima protecci\u00f3n de sus propiedades mec\u00e1nicas<\/p>\n<p>Puede encontrar m\u00e1s informaci\u00f3n en:<\/p>\n<p>https:\/\/www.voestalpine.com\/railway-systems\/en\/locations\/voestalpine-rail-technology\/<\/p>\n<\/div>\n<\/div>\n<\/div>\n\t\t\t\t\t\t\t\t<\/div>\n\t\t\t\t<\/div>\n\t\t\t\t<div class=\"elementor-element elementor-element-1047c29 elementor-widget elementor-widget-image\" data-id=\"1047c29\" data-element_type=\"widget\" data-e-type=\"widget\" data-widget_type=\"image.default\">\n\t\t\t\t<div class=\"elementor-widget-container\">\n\t\t\t\t\t\t\t\t\t\t\t\t\t\t\t<img loading=\"lazy\" decoding=\"async\" width=\"450\" height=\"250\" src=\"https:\/\/pasch.es\/wp-content\/uploads\/2025\/06\/railputler.jpg\" class=\"attachment-large size-large wp-image-7937\" alt=\"\" srcset=\"https:\/\/pasch.es\/wp-content\/uploads\/2025\/06\/railputler.jpg 450w, https:\/\/pasch.es\/wp-content\/uploads\/2025\/06\/railputler-300x167.jpg 300w, https:\/\/pasch.es\/wp-content\/uploads\/2025\/06\/railputler-350x195.jpg 350w\" sizes=\"(max-width: 450px) 100vw, 450px\" \/>\t\t\t\t\t\t\t\t\t\t\t\t\t\t\t<\/div>\n\t\t\t\t<\/div>\n\t\t\t\t\t<\/div>\n\t\t\t\t<\/div>\n\t\t<div class=\"elementor-element elementor-element-fed26f4 e-flex e-con-boxed e-con e-parent\" data-id=\"fed26f4\" data-element_type=\"container\" data-e-type=\"container\">\n\t\t\t\t\t<div class=\"e-con-inner\">\n\t\t\t\t<div class=\"elementor-element elementor-element-e715c68 elementor-widget elementor-widget-heading\" data-id=\"e715c68\" data-element_type=\"widget\" data-e-type=\"widget\" data-widget_type=\"heading.default\">\n\t\t\t\t<div class=\"elementor-widget-container\">\n\t\t\t\t\t<h2 class=\"elementor-heading-title elementor-size-default\">FORMULARIO DE CONTACTO<\/h2>\t\t\t\t<\/div>\n\t\t\t\t<\/div>\n\t\t\t\t<div class=\"elementor-element elementor-element-b15cee7 elementor-widget elementor-widget-stm_contact_form_7\" data-id=\"b15cee7\" data-element_type=\"widget\" data-e-type=\"widget\" data-widget_type=\"stm_contact_form_7.default\">\n\t\t\t\t<div class=\"elementor-widget-container\">\n\t\t\t\t\t\n<div class=\"wpcf7 no-js\" id=\"wpcf7-f7674-o1\" lang=\"es-ES\" dir=\"ltr\" data-wpcf7-id=\"7674\">\n<div class=\"screen-reader-response\"><p role=\"status\" aria-live=\"polite\" aria-atomic=\"true\"><\/p> <ul><\/ul><\/div>\n<form action=\"\/index.php\/wp-json\/wp\/v2\/pages\/7868#wpcf7-f7674-o1\" method=\"post\" class=\"wpcf7-form init\" aria-label=\"Formulario de contacto\" novalidate=\"novalidate\" data-status=\"init\">\n<fieldset class=\"hidden-fields-container\"><input type=\"hidden\" name=\"_wpcf7\" value=\"7674\" \/><input type=\"hidden\" name=\"_wpcf7_version\" value=\"6.1.5\" \/><input type=\"hidden\" name=\"_wpcf7_locale\" value=\"es_ES\" \/><input type=\"hidden\" name=\"_wpcf7_unit_tag\" value=\"wpcf7-f7674-o1\" \/><input type=\"hidden\" name=\"_wpcf7_container_post\" value=\"0\" \/><input type=\"hidden\" name=\"_wpcf7_posted_data_hash\" value=\"\" \/>\n<\/fieldset>\n<label> Tu nombre\n    <span class=\"wpcf7-form-control-wrap\" data-name=\"your-name\"><input size=\"40\" maxlength=\"400\" class=\"wpcf7-form-control wpcf7-text wpcf7-validates-as-required\" autocomplete=\"name\" aria-required=\"true\" aria-invalid=\"false\" value=\"\" type=\"text\" name=\"your-name\" \/><\/span> <\/label>\n\n<label> Tu correo electr\u00f3nico\n    <span class=\"wpcf7-form-control-wrap\" data-name=\"your-email\"><input size=\"40\" maxlength=\"400\" class=\"wpcf7-form-control wpcf7-email wpcf7-validates-as-required wpcf7-text wpcf7-validates-as-email\" autocomplete=\"email\" aria-required=\"true\" aria-invalid=\"false\" value=\"\" type=\"email\" name=\"your-email\" \/><\/span> <\/label>\n\n<label> Asunto\n    <span class=\"wpcf7-form-control-wrap\" data-name=\"your-subject\"><input size=\"40\" maxlength=\"400\" class=\"wpcf7-form-control wpcf7-text wpcf7-validates-as-required\" aria-required=\"true\" aria-invalid=\"false\" value=\"\" type=\"text\" name=\"your-subject\" \/><\/span> <\/label>\n\n<label> Tu mensaje (opcional)\n    <span class=\"wpcf7-form-control-wrap\" data-name=\"your-message\"><textarea cols=\"40\" rows=\"10\" maxlength=\"2000\" class=\"wpcf7-form-control wpcf7-textarea\" aria-invalid=\"false\" name=\"your-message\"><\/textarea><\/span> <\/label>\n\n<input class=\"wpcf7-form-control wpcf7-submit has-spinner\" type=\"submit\" value=\"Enviar\" \/><div class=\"wpcf7-response-output\" aria-hidden=\"true\"><\/div>\n<\/form>\n<\/div>\n\t\t\t\t\t\t<\/div>\n\t\t\t\t<\/div>\n\t\t\t\t\t<\/div>\n\t\t\t\t<\/div>\n\t\t\t\t<\/div>\n\t\t","protected":false},"excerpt":{"rendered":"<p>voestalpine Rail Technology\u00a0es uno de los fabricantes m\u00e1s importantes de carriles ferroviarios a nivel mundial. A d\u00eda de hoy gran parte del carril que lamina Voestalpine Schienen, sale de f\u00e1brica en calidad endurecida Head Special Hardened. Ha suministrado, entre otros, todo el carril para los desv\u00edos de Alta Velocidad en Espa\u00f1a en calidad HSH, con<\/p>\n","protected":false},"author":1,"featured_media":0,"parent":0,"menu_order":0,"comment_status":"closed","ping_status":"closed","template":"","meta":{"footnotes":""},"class_list":["post-7868","page","type-page","status-publish","hentry"],"yoast_head":"<!-- This site is optimized with the Yoast SEO plugin v27.4 - https:\/\/yoast.com\/product\/yoast-seo-wordpress\/ -->\n<title>CARRIL - pasch.es<\/title>\n<meta name=\"robots\" content=\"index, follow, max-snippet:-1, max-image-preview:large, max-video-preview:-1\" \/>\n<link rel=\"canonical\" href=\"https:\/\/pasch.es\/index.php\/carril\/\" \/>\n<meta property=\"og:locale\" content=\"en_US\" \/>\n<meta property=\"og:type\" content=\"article\" \/>\n<meta property=\"og:title\" content=\"CARRIL - pasch.es\" \/>\n<meta property=\"og:description\" content=\"voestalpine Rail Technology\u00a0es uno de los fabricantes m\u00e1s importantes de carriles ferroviarios a nivel mundial. A d\u00eda de hoy gran parte del carril que lamina Voestalpine Schienen, sale de f\u00e1brica en calidad endurecida Head Special Hardened. Ha suministrado, entre otros, todo el carril para los desv\u00edos de Alta Velocidad en Espa\u00f1a en calidad HSH, con\" \/>\n<meta property=\"og:url\" content=\"https:\/\/pasch.es\/index.php\/carril\/\" \/>\n<meta property=\"og:site_name\" content=\"pasch.es\" \/>\n<meta property=\"article:modified_time\" content=\"2025-06-11T15:34:57+00:00\" \/>\n<meta property=\"og:image\" content=\"https:\/\/brave-easley.5-175-45-209.plesk.page\/wp-content\/uploads\/2025\/06\/Voestalpine-768x118.png\" \/>\n<meta name=\"twitter:card\" content=\"summary_large_image\" \/>\n<meta name=\"twitter:label1\" content=\"Est. reading time\" \/>\n\t<meta name=\"twitter:data1\" content=\"3 minutes\" \/>\n<script type=\"application\/ld+json\" class=\"yoast-schema-graph\">{\"@context\":\"https:\\\/\\\/schema.org\",\"@graph\":[{\"@type\":\"WebPage\",\"@id\":\"https:\\\/\\\/pasch.es\\\/index.php\\\/carril\\\/\",\"url\":\"https:\\\/\\\/pasch.es\\\/index.php\\\/carril\\\/\",\"name\":\"CARRIL - pasch.es\",\"isPartOf\":{\"@id\":\"https:\\\/\\\/pasch.es\\\/#website\"},\"primaryImageOfPage\":{\"@id\":\"https:\\\/\\\/pasch.es\\\/index.php\\\/carril\\\/#primaryimage\"},\"image\":{\"@id\":\"https:\\\/\\\/pasch.es\\\/index.php\\\/carril\\\/#primaryimage\"},\"thumbnailUrl\":\"https:\\\/\\\/brave-easley.5-175-45-209.plesk.page\\\/wp-content\\\/uploads\\\/2025\\\/06\\\/Voestalpine-768x118.png\",\"datePublished\":\"2025-06-11T14:00:57+00:00\",\"dateModified\":\"2025-06-11T15:34:57+00:00\",\"breadcrumb\":{\"@id\":\"https:\\\/\\\/pasch.es\\\/index.php\\\/carril\\\/#breadcrumb\"},\"inLanguage\":\"en-US\",\"potentialAction\":[{\"@type\":\"ReadAction\",\"target\":[\"https:\\\/\\\/pasch.es\\\/index.php\\\/carril\\\/\"]}]},{\"@type\":\"ImageObject\",\"inLanguage\":\"en-US\",\"@id\":\"https:\\\/\\\/pasch.es\\\/index.php\\\/carril\\\/#primaryimage\",\"url\":\"https:\\\/\\\/brave-easley.5-175-45-209.plesk.page\\\/wp-content\\\/uploads\\\/2025\\\/06\\\/Voestalpine-768x118.png\",\"contentUrl\":\"https:\\\/\\\/brave-easley.5-175-45-209.plesk.page\\\/wp-content\\\/uploads\\\/2025\\\/06\\\/Voestalpine-768x118.png\"},{\"@type\":\"BreadcrumbList\",\"@id\":\"https:\\\/\\\/pasch.es\\\/index.php\\\/carril\\\/#breadcrumb\",\"itemListElement\":[{\"@type\":\"ListItem\",\"position\":1,\"name\":\"Portada\",\"item\":\"https:\\\/\\\/pasch.es\\\/\"},{\"@type\":\"ListItem\",\"position\":2,\"name\":\"CARRIL\"}]},{\"@type\":\"WebSite\",\"@id\":\"https:\\\/\\\/pasch.es\\\/#website\",\"url\":\"https:\\\/\\\/pasch.es\\\/\",\"name\":\"pasch.es\",\"description\":\"PASCH Y CIA\",\"publisher\":{\"@id\":\"https:\\\/\\\/pasch.es\\\/#organization\"},\"potentialAction\":[{\"@type\":\"SearchAction\",\"target\":{\"@type\":\"EntryPoint\",\"urlTemplate\":\"https:\\\/\\\/pasch.es\\\/?s={search_term_string}\"},\"query-input\":{\"@type\":\"PropertyValueSpecification\",\"valueRequired\":true,\"valueName\":\"search_term_string\"}}],\"inLanguage\":\"en-US\"},{\"@type\":\"Organization\",\"@id\":\"https:\\\/\\\/pasch.es\\\/#organization\",\"name\":\"pasch.es\",\"url\":\"https:\\\/\\\/pasch.es\\\/\",\"logo\":{\"@type\":\"ImageObject\",\"inLanguage\":\"en-US\",\"@id\":\"https:\\\/\\\/pasch.es\\\/#\\\/schema\\\/logo\\\/image\\\/\",\"url\":\"https:\\\/\\\/pasch.es\\\/wp-content\\\/uploads\\\/2025\\\/06\\\/PASCH-White.png\",\"contentUrl\":\"https:\\\/\\\/pasch.es\\\/wp-content\\\/uploads\\\/2025\\\/06\\\/PASCH-White.png\",\"width\":569,\"height\":147,\"caption\":\"pasch.es\"},\"image\":{\"@id\":\"https:\\\/\\\/pasch.es\\\/#\\\/schema\\\/logo\\\/image\\\/\"}}]}<\/script>\n<!-- \/ Yoast SEO plugin. -->","yoast_head_json":{"title":"CARRIL - pasch.es","robots":{"index":"index","follow":"follow","max-snippet":"max-snippet:-1","max-image-preview":"max-image-preview:large","max-video-preview":"max-video-preview:-1"},"canonical":"https:\/\/pasch.es\/index.php\/carril\/","og_locale":"en_US","og_type":"article","og_title":"CARRIL - pasch.es","og_description":"voestalpine Rail Technology\u00a0es uno de los fabricantes m\u00e1s importantes de carriles ferroviarios a nivel mundial. A d\u00eda de hoy gran parte del carril que lamina Voestalpine Schienen, sale de f\u00e1brica en calidad endurecida Head Special Hardened. Ha suministrado, entre otros, todo el carril para los desv\u00edos de Alta Velocidad en Espa\u00f1a en calidad HSH, con","og_url":"https:\/\/pasch.es\/index.php\/carril\/","og_site_name":"pasch.es","article_modified_time":"2025-06-11T15:34:57+00:00","og_image":[{"url":"https:\/\/brave-easley.5-175-45-209.plesk.page\/wp-content\/uploads\/2025\/06\/Voestalpine-768x118.png","type":"","width":"","height":""}],"twitter_card":"summary_large_image","twitter_misc":{"Est. reading time":"3 minutes"},"schema":{"@context":"https:\/\/schema.org","@graph":[{"@type":"WebPage","@id":"https:\/\/pasch.es\/index.php\/carril\/","url":"https:\/\/pasch.es\/index.php\/carril\/","name":"CARRIL - pasch.es","isPartOf":{"@id":"https:\/\/pasch.es\/#website"},"primaryImageOfPage":{"@id":"https:\/\/pasch.es\/index.php\/carril\/#primaryimage"},"image":{"@id":"https:\/\/pasch.es\/index.php\/carril\/#primaryimage"},"thumbnailUrl":"https:\/\/brave-easley.5-175-45-209.plesk.page\/wp-content\/uploads\/2025\/06\/Voestalpine-768x118.png","datePublished":"2025-06-11T14:00:57+00:00","dateModified":"2025-06-11T15:34:57+00:00","breadcrumb":{"@id":"https:\/\/pasch.es\/index.php\/carril\/#breadcrumb"},"inLanguage":"en-US","potentialAction":[{"@type":"ReadAction","target":["https:\/\/pasch.es\/index.php\/carril\/"]}]},{"@type":"ImageObject","inLanguage":"en-US","@id":"https:\/\/pasch.es\/index.php\/carril\/#primaryimage","url":"https:\/\/brave-easley.5-175-45-209.plesk.page\/wp-content\/uploads\/2025\/06\/Voestalpine-768x118.png","contentUrl":"https:\/\/brave-easley.5-175-45-209.plesk.page\/wp-content\/uploads\/2025\/06\/Voestalpine-768x118.png"},{"@type":"BreadcrumbList","@id":"https:\/\/pasch.es\/index.php\/carril\/#breadcrumb","itemListElement":[{"@type":"ListItem","position":1,"name":"Portada","item":"https:\/\/pasch.es\/"},{"@type":"ListItem","position":2,"name":"CARRIL"}]},{"@type":"WebSite","@id":"https:\/\/pasch.es\/#website","url":"https:\/\/pasch.es\/","name":"pasch.es","description":"PASCH Y CIA","publisher":{"@id":"https:\/\/pasch.es\/#organization"},"potentialAction":[{"@type":"SearchAction","target":{"@type":"EntryPoint","urlTemplate":"https:\/\/pasch.es\/?s={search_term_string}"},"query-input":{"@type":"PropertyValueSpecification","valueRequired":true,"valueName":"search_term_string"}}],"inLanguage":"en-US"},{"@type":"Organization","@id":"https:\/\/pasch.es\/#organization","name":"pasch.es","url":"https:\/\/pasch.es\/","logo":{"@type":"ImageObject","inLanguage":"en-US","@id":"https:\/\/pasch.es\/#\/schema\/logo\/image\/","url":"https:\/\/pasch.es\/wp-content\/uploads\/2025\/06\/PASCH-White.png","contentUrl":"https:\/\/pasch.es\/wp-content\/uploads\/2025\/06\/PASCH-White.png","width":569,"height":147,"caption":"pasch.es"},"image":{"@id":"https:\/\/pasch.es\/#\/schema\/logo\/image\/"}}]}},"_links":{"self":[{"href":"https:\/\/pasch.es\/index.php\/wp-json\/wp\/v2\/pages\/7868","targetHints":{"allow":["GET"]}}],"collection":[{"href":"https:\/\/pasch.es\/index.php\/wp-json\/wp\/v2\/pages"}],"about":[{"href":"https:\/\/pasch.es\/index.php\/wp-json\/wp\/v2\/types\/page"}],"author":[{"embeddable":true,"href":"https:\/\/pasch.es\/index.php\/wp-json\/wp\/v2\/users\/1"}],"replies":[{"embeddable":true,"href":"https:\/\/pasch.es\/index.php\/wp-json\/wp\/v2\/comments?post=7868"}],"version-history":[{"count":4,"href":"https:\/\/pasch.es\/index.php\/wp-json\/wp\/v2\/pages\/7868\/revisions"}],"predecessor-version":[{"id":7944,"href":"https:\/\/pasch.es\/index.php\/wp-json\/wp\/v2\/pages\/7868\/revisions\/7944"}],"wp:attachment":[{"href":"https:\/\/pasch.es\/index.php\/wp-json\/wp\/v2\/media?parent=7868"}],"curies":[{"name":"wp","href":"https:\/\/api.w.org\/{rel}","templated":true}]}}