{"id":7989,"date":"2025-10-09T13:21:46","date_gmt":"2025-10-09T13:21:46","guid":{"rendered":"https:\/\/brave-easley.5-175-45-209.plesk.page\/?page_id=7989"},"modified":"2025-10-09T13:48:22","modified_gmt":"2025-10-09T13:48:22","slug":"akw-av-protec-rail","status":"publish","type":"page","link":"https:\/\/pasch.es\/index.php\/akw-av-protec-rail\/","title":{"rendered":"AKW A+V PROTEC RAIL"},"content":{"rendered":"\t\t<div data-elementor-type=\"wp-page\" data-elementor-id=\"7989\" class=\"elementor elementor-7989\">\n\t\t\t\t<div class=\"elementor-element elementor-element-e936486 e-flex e-con-boxed e-con e-parent\" data-id=\"e936486\" data-element_type=\"container\" data-e-type=\"container\">\n\t\t\t\t\t<div class=\"e-con-inner\">\n\t\t\t\t<div class=\"elementor-element elementor-element-29dd5bd elementor-widget elementor-widget-heading\" data-id=\"29dd5bd\" data-element_type=\"widget\" data-e-type=\"widget\" data-widget_type=\"heading.default\">\n\t\t\t\t<div class=\"elementor-widget-container\">\n\t\t\t\t\t<h1 class=\"elementor-heading-title elementor-size-default\">AKW A+V Protec Rail GmbH<\/h1>\t\t\t\t<\/div>\n\t\t\t\t<\/div>\n\t\t\t\t\t<\/div>\n\t\t\t\t<\/div>\n\t\t<div class=\"elementor-element elementor-element-6f21461 e-flex e-con-boxed e-con e-parent\" data-id=\"6f21461\" data-element_type=\"container\" data-e-type=\"container\">\n\t\t\t\t\t<div class=\"e-con-inner\">\n\t\t\t\t<div class=\"elementor-element elementor-element-eb8fb93 elementor-widget elementor-widget-text-editor\" data-id=\"eb8fb93\" data-element_type=\"widget\" data-e-type=\"widget\" data-widget_type=\"text-editor.default\">\n\t\t\t\t<div class=\"elementor-widget-container\">\n\t\t\t\t\t\t\t\t\t<div class=\"vc_row wpb_row vc_row-fluid\">\n<div class=\"wpb_column vc_column_container vc_col-sm-9\">\n<div class=\"vc_column-inner \">\n<div class=\"wpb_wrapper\">\n<div class=\"wpb_text_column wpb_content_element\">\n<div class=\"wpb_wrapper\">\n<div class=\"wpb_text_column wpb_content_element\">\n<div class=\"wpb_wrapper\">\n<p><strong>AKW A+V Protec Rail GmbH<\/strong>\u00a0comercializa desde hace 2 d\u00e9cadas internacionalmente aparatos e instalaciones en los campos del tratamiento de aguas y t\u00e9cnicas medioambientales. Para ello se ha especializado en la b\u00fasqueda de soluciones pr\u00e1cticas para los problemas espec\u00edficos de sus clientes.<\/p>\n<\/div>\n<\/div>\n<\/div>\n<\/div>\n<\/div>\n<\/div>\n<\/div>\n<\/div>\n<div class=\"vc_row wpb_row vc_row-fluid\">\n<div class=\"wpb_column vc_column_container vc_col-sm-12\">\n<div class=\"vc_column-inner \">\n<div class=\"wpb_wrapper\">\u00a0<\/div>\n<\/div>\n<\/div>\n<\/div>\n\t\t\t\t\t\t\t\t<\/div>\n\t\t\t\t<\/div>\n\t\t\t\t\t<\/div>\n\t\t\t\t<\/div>\n\t\t<div class=\"elementor-element elementor-element-a923a2a e-grid e-con-boxed e-con e-parent\" data-id=\"a923a2a\" data-element_type=\"container\" data-e-type=\"container\">\n\t\t\t\t\t<div class=\"e-con-inner\">\n\t\t\t\t<div class=\"elementor-element elementor-element-32a7867 elementor-widget elementor-widget-text-editor\" data-id=\"32a7867\" data-element_type=\"widget\" data-e-type=\"widget\" data-widget_type=\"text-editor.default\">\n\t\t\t\t<div class=\"elementor-widget-container\">\n\t\t\t\t\t\t\t\t\t<div class=\"vc_custom_heading text_align_center\">\n<div class=\"vc_custom_heading text_align_center\">\n<h3 class=\"consulting-custom-title\">Biorreactores para veh\u00edculos ferroviarios<\/h3>\n<\/div>\n<p>Este dispositivo aporta soluci\u00f3n al tratamiento de aguas residuales en los servicios del tren. Aporta tratamiento biol\u00f3gico, permitiendo que el tren pueda funcionar durante semanas o meses sin necesidad de vaciar tanques.<\/p>\n<p>La principal ventaja del biorreactor es el bajo coste que supone el mantenimiento del dispositivo. Normalmente la limpieza del dispositivo se lleva a cabo una vez cada 2-3 meses.<\/p>\n<\/div>\n\t\t\t\t\t\t\t\t<\/div>\n\t\t\t\t<\/div>\n\t\t\t\t<div class=\"elementor-element elementor-element-20c03f7 elementor-widget elementor-widget-image\" data-id=\"20c03f7\" data-element_type=\"widget\" data-e-type=\"widget\" data-widget_type=\"image.default\">\n\t\t\t\t<div class=\"elementor-widget-container\">\n\t\t\t\t\t\t\t\t\t\t\t\t\t\t\t<img fetchpriority=\"high\" decoding=\"async\" width=\"300\" height=\"277\" src=\"https:\/\/pasch.es\/wp-content\/uploads\/2025\/10\/AKW-Bioreactor2-300x277-1.jpg\" class=\"attachment-large size-large wp-image-8061\" alt=\"\" \/>\t\t\t\t\t\t\t\t\t\t\t\t\t\t\t<\/div>\n\t\t\t\t<\/div>\n\t\t\t\t\t<\/div>\n\t\t\t\t<\/div>\n\t\t<div class=\"elementor-element elementor-element-4fa0c52 e-grid e-con-boxed e-con e-parent\" data-id=\"4fa0c52\" data-element_type=\"container\" data-e-type=\"container\">\n\t\t\t\t\t<div class=\"e-con-inner\">\n\t\t\t\t<div class=\"elementor-element elementor-element-8dead80 elementor-widget elementor-widget-text-editor\" data-id=\"8dead80\" data-element_type=\"widget\" data-e-type=\"widget\" data-widget_type=\"text-editor.default\">\n\t\t\t\t<div class=\"elementor-widget-container\">\n\t\t\t\t\t\t\t\t\t<div class=\"vc_custom_heading text_align_center\">\n<h3 class=\"consulting-custom-title\">Sistemas m\u00f3viles de vaciado<\/h3>\n<\/div>\n<div class=\"wpb_text_column wpb_content_element\">\n<div class=\"wpb_wrapper\">\n<p>La clave de los beneficios del biorreactor es la larga duraci\u00f3n de los intervalos de tiempo entre vaciado y vaciado. Para conseguir estos intervalos es necesario vaciar completamente el compartimento de filtraci\u00f3n del dispositivo. El biorreactor es peri\u00f3dicamente rellenado con agua y vaciado despu\u00e9s con un proceso combinado de aspirado y vaciado. La empresa proporciona un equipo que contiene todo lo necesario.<\/p>\n<\/div>\n<\/div>\n\t\t\t\t\t\t\t\t<\/div>\n\t\t\t\t<\/div>\n\t\t\t\t<div class=\"elementor-element elementor-element-1030dd7 elementor-widget elementor-widget-image\" data-id=\"1030dd7\" data-element_type=\"widget\" data-e-type=\"widget\" data-widget_type=\"image.default\">\n\t\t\t\t<div class=\"elementor-widget-container\">\n\t\t\t\t\t\t\t\t\t\t\t\t\t\t\t<img decoding=\"async\" width=\"450\" height=\"250\" src=\"https:\/\/pasch.es\/wp-content\/uploads\/2025\/10\/AKW-Mobile.jpg\" class=\"attachment-large size-large wp-image-8062\" alt=\"\" srcset=\"https:\/\/pasch.es\/wp-content\/uploads\/2025\/10\/AKW-Mobile.jpg 450w, https:\/\/pasch.es\/wp-content\/uploads\/2025\/10\/AKW-Mobile-300x167.jpg 300w, https:\/\/pasch.es\/wp-content\/uploads\/2025\/10\/AKW-Mobile-350x195.jpg 350w\" sizes=\"(max-width: 450px) 100vw, 450px\" \/>\t\t\t\t\t\t\t\t\t\t\t\t\t\t\t<\/div>\n\t\t\t\t<\/div>\n\t\t\t\t\t<\/div>\n\t\t\t\t<\/div>\n\t\t<div class=\"elementor-element elementor-element-2af3198 e-grid e-con-boxed e-con e-parent\" data-id=\"2af3198\" data-element_type=\"container\" data-e-type=\"container\">\n\t\t\t\t\t<div class=\"e-con-inner\">\n\t\t\t\t<div class=\"elementor-element elementor-element-104d428 elementor-widget elementor-widget-text-editor\" data-id=\"104d428\" data-element_type=\"widget\" data-e-type=\"widget\" data-widget_type=\"text-editor.default\">\n\t\t\t\t<div class=\"elementor-widget-container\">\n\t\t\t\t\t\t\t\t\t<div class=\"vc_custom_heading text_align_center\">\n<div class=\"vc_custom_heading text_align_center\">\n<h3 class=\"consulting-custom-title\">Central de control de temperatura, hielo y nieve<\/h3>\n<\/div>\n<div class=\"wpb_text_column wpb_content_element\">\n<div class=\"wpb_wrapper\">\n<p>La activaci\u00f3n y desactivaci\u00f3n de los tubos calefactores se hace en funci\u00f3n de la temperatura ambiente, la temperatura de carril y de la detecci\u00f3n de hielo o nieve mediante una unidad de control y las correspondientes sondas. Asegurando as\u00ed la\u00a0disponibilidad de la l\u00ednea y optimizando\u00a0el consumo el\u00e9ctrico<\/p>\n<\/div>\n<\/div>\n<\/div>\n\t\t\t\t\t\t\t\t<\/div>\n\t\t\t\t<\/div>\n\t\t\t\t<div class=\"elementor-element elementor-element-0f51f8d elementor-widget elementor-widget-image\" data-id=\"0f51f8d\" data-element_type=\"widget\" data-e-type=\"widget\" data-widget_type=\"image.default\">\n\t\t\t\t<div class=\"elementor-widget-container\">\n\t\t\t\t\t\t\t\t\t\t\t\t\t\t\t<img decoding=\"async\" width=\"450\" height=\"250\" src=\"https:\/\/pasch.es\/wp-content\/uploads\/2025\/06\/BackerWolffCentral.jpg\" class=\"attachment-large size-large wp-image-7881\" alt=\"\" srcset=\"https:\/\/pasch.es\/wp-content\/uploads\/2025\/06\/BackerWolffCentral.jpg 450w, https:\/\/pasch.es\/wp-content\/uploads\/2025\/06\/BackerWolffCentral-300x167.jpg 300w, https:\/\/pasch.es\/wp-content\/uploads\/2025\/06\/BackerWolffCentral-350x195.jpg 350w\" sizes=\"(max-width: 450px) 100vw, 450px\" \/>\t\t\t\t\t\t\t\t\t\t\t\t\t\t\t<\/div>\n\t\t\t\t<\/div>\n\t\t\t\t\t<\/div>\n\t\t\t\t<\/div>\n\t\t<div class=\"elementor-element elementor-element-ffda050 e-grid e-con-boxed e-con e-parent\" data-id=\"ffda050\" data-element_type=\"container\" data-e-type=\"container\">\n\t\t\t\t\t<div class=\"e-con-inner\">\n\t\t\t\t<div class=\"elementor-element elementor-element-338bcef elementor-widget elementor-widget-text-editor\" data-id=\"338bcef\" data-element_type=\"widget\" data-e-type=\"widget\" data-widget_type=\"text-editor.default\">\n\t\t\t\t<div class=\"elementor-widget-container\">\n\t\t\t\t\t\t\t\t\t<div class=\"vc_custom_heading text_align_center\">\n<div class=\"vc_custom_heading text_align_center\">\n<div class=\"vc_custom_heading text_align_center\">\n<h3 class=\"consulting-custom-title\">Sistemas Sanitarios Biol\u00f3gicos<\/h3>\n<\/div>\n<\/div>\n<div class=\"wpb_text_column wpb_content_element\">\n<div class=\"wpb_wrapper\">\n<p>El aseo biol\u00f3gico SANICO\u00a0de AKW A+V Protec GmbH consite en una unidad sanitaria que lleva integrada una peque\u00f1a planta de tratamiento de aguas residuales. El agua es purificada en el interior del aseo dentro de un recipiente que despu\u00e9s puede ser vaciado al medio ambiente asegur\u00e1ndose el cumplimiento de la normativa.<\/p>\n<\/div>\n<\/div>\n<\/div>\n\t\t\t\t\t\t\t\t<\/div>\n\t\t\t\t<\/div>\n\t\t\t\t<div class=\"elementor-element elementor-element-b656ef1 elementor-widget elementor-widget-image\" data-id=\"b656ef1\" data-element_type=\"widget\" data-e-type=\"widget\" data-widget_type=\"image.default\">\n\t\t\t\t<div class=\"elementor-widget-container\">\n\t\t\t\t\t\t\t\t\t\t\t\t\t\t\t<img loading=\"lazy\" decoding=\"async\" width=\"450\" height=\"250\" src=\"https:\/\/pasch.es\/wp-content\/uploads\/2025\/10\/AKW-Sanitarios.jpg\" class=\"attachment-large size-large wp-image-8063\" alt=\"\" srcset=\"https:\/\/pasch.es\/wp-content\/uploads\/2025\/10\/AKW-Sanitarios.jpg 450w, https:\/\/pasch.es\/wp-content\/uploads\/2025\/10\/AKW-Sanitarios-300x167.jpg 300w, https:\/\/pasch.es\/wp-content\/uploads\/2025\/10\/AKW-Sanitarios-350x195.jpg 350w\" sizes=\"(max-width: 450px) 100vw, 450px\" \/>\t\t\t\t\t\t\t\t\t\t\t\t\t\t\t<\/div>\n\t\t\t\t<\/div>\n\t\t\t\t\t<\/div>\n\t\t\t\t<\/div>\n\t\t<div class=\"elementor-element elementor-element-12f3956 e-grid e-con-boxed e-con e-parent\" data-id=\"12f3956\" data-element_type=\"container\" data-e-type=\"container\">\n\t\t\t\t\t<div class=\"e-con-inner\">\n\t\t\t\t<div class=\"elementor-element elementor-element-ecdbfb0 elementor-widget elementor-widget-text-editor\" data-id=\"ecdbfb0\" data-element_type=\"widget\" data-e-type=\"widget\" data-widget_type=\"text-editor.default\">\n\t\t\t\t<div class=\"elementor-widget-container\">\n\t\t\t\t\t\t\t\t\t<div class=\"vc_custom_heading text_align_center\">\n<div class=\"vc_custom_heading text_align_center\">\n<div class=\"vc_row wpb_row vc_row-fluid\">\n<div class=\"wpb_column vc_column_container vc_col-sm-6\">\n<div class=\"vc_column-inner \">\n<div class=\"wpb_wrapper\">\n<div class=\"vc_custom_heading text_align_center\">\n<h4 class=\"consulting-custom-title\">Sistemas industriales de tratamiento de aguas.<\/h4>\n<\/div>\n<div class=\"vc_empty_space\">\n<div class=\"vc_row wpb_row vc_row-fluid\">\n<div class=\"wpb_column vc_column_container vc_col-sm-6\">\n<div class=\"vc_column-inner \">\n<div class=\"wpb_wrapper\">\n<div class=\"wpb_text_column wpb_content_element\">\n<div class=\"wpb_wrapper\">\n<p>Se trata de plantas de reciclaje de aguas dise\u00f1adas seg\u00fan los requerimientos del cliente.<\/p>\n<p>Sus aplicaciones principales son el reciclaje del agua industrial en procesos de rectificado y procesos de aserrado que ha sido contaminada con lubricantes org\u00e1nicos (PEG), eliminaci\u00f3n de la mater\u00eda s\u00f3lida del lodo que contiene agentes org\u00e1nicos adicionales de uni\u00f3n y la purificaci\u00f3n en varias etapas de las aguas residuales altamente contaminadas org\u00e1nicamente.<\/p>\n<\/div>\n<\/div>\n<\/div>\n<\/div>\n<\/div>\n<\/div>\n<div class=\"vc_row wpb_row vc_row-fluid\">\n<div class=\"wpb_column vc_column_container vc_col-sm-12\">\n<div class=\"vc_column-inner \">\n<div class=\"wpb_wrapper\">\n<div class=\"vc_empty_space\">\u00a0<\/div>\n<\/div>\n<\/div>\n<\/div>\n<\/div>\n<div class=\"vc_row wpb_row vc_row-fluid\">\n<div class=\"wpb_column vc_column_container vc_col-sm-12\">\n<div class=\"vc_column-inner \">\n<div class=\"wpb_wrapper\">\n<div class=\"wpb_text_column wpb_content_element\">\n<div class=\"wpb_wrapper\">\n<p>Puede encontrar m\u00e1s informaci\u00f3n en:<\/p>\n<p><a href=\"http:\/\/www.akwauv-protec.com\/\">www.akwauv-protec.com<\/a><\/p>\n<\/div>\n<\/div>\n<\/div>\n<\/div>\n<\/div>\n<\/div>\n<\/div>\n<div class=\"wpb_text_column wpb_content_element\">\n<div class=\"wpb_wrapper\">\u00a0<\/div>\n<\/div>\n<\/div>\n<\/div>\n<\/div>\n<\/div>\n<\/div>\n<\/div>\n\t\t\t\t\t\t\t\t<\/div>\n\t\t\t\t<\/div>\n\t\t\t\t<div class=\"elementor-element elementor-element-e64b743 elementor-widget elementor-widget-image\" data-id=\"e64b743\" data-element_type=\"widget\" data-e-type=\"widget\" data-widget_type=\"image.default\">\n\t\t\t\t<div class=\"elementor-widget-container\">\n\t\t\t\t\t\t\t\t\t\t\t\t\t\t\t<img loading=\"lazy\" decoding=\"async\" width=\"450\" height=\"250\" src=\"https:\/\/pasch.es\/wp-content\/uploads\/2025\/10\/AKW-WaterTreatment.jpg\" class=\"attachment-large size-large wp-image-8064\" alt=\"\" srcset=\"https:\/\/pasch.es\/wp-content\/uploads\/2025\/10\/AKW-WaterTreatment.jpg 450w, https:\/\/pasch.es\/wp-content\/uploads\/2025\/10\/AKW-WaterTreatment-300x167.jpg 300w, https:\/\/pasch.es\/wp-content\/uploads\/2025\/10\/AKW-WaterTreatment-350x195.jpg 350w\" sizes=\"(max-width: 450px) 100vw, 450px\" \/>\t\t\t\t\t\t\t\t\t\t\t\t\t\t\t<\/div>\n\t\t\t\t<\/div>\n\t\t\t\t\t<\/div>\n\t\t\t\t<\/div>\n\t\t<div class=\"elementor-element elementor-element-fed26f4 e-flex e-con-boxed e-con e-parent\" data-id=\"fed26f4\" data-element_type=\"container\" data-e-type=\"container\">\n\t\t\t\t\t<div class=\"e-con-inner\">\n\t\t\t\t<div class=\"elementor-element elementor-element-e715c68 elementor-widget elementor-widget-heading\" data-id=\"e715c68\" data-element_type=\"widget\" data-e-type=\"widget\" data-widget_type=\"heading.default\">\n\t\t\t\t<div class=\"elementor-widget-container\">\n\t\t\t\t\t<h2 class=\"elementor-heading-title elementor-size-default\">FORMULARIO DE CONTACTO<\/h2>\t\t\t\t<\/div>\n\t\t\t\t<\/div>\n\t\t\t\t<div class=\"elementor-element elementor-element-b15cee7 elementor-widget elementor-widget-stm_contact_form_7\" data-id=\"b15cee7\" data-element_type=\"widget\" data-e-type=\"widget\" data-widget_type=\"stm_contact_form_7.default\">\n\t\t\t\t<div class=\"elementor-widget-container\">\n\t\t\t\t\t\n<div class=\"wpcf7 no-js\" id=\"wpcf7-f7674-o1\" lang=\"es-ES\" dir=\"ltr\" data-wpcf7-id=\"7674\">\n<div class=\"screen-reader-response\"><p role=\"status\" aria-live=\"polite\" aria-atomic=\"true\"><\/p> <ul><\/ul><\/div>\n<form action=\"\/index.php\/wp-json\/wp\/v2\/pages\/7989#wpcf7-f7674-o1\" method=\"post\" class=\"wpcf7-form init\" aria-label=\"Formulario de contacto\" novalidate=\"novalidate\" data-status=\"init\">\n<fieldset class=\"hidden-fields-container\"><input type=\"hidden\" name=\"_wpcf7\" value=\"7674\" \/><input type=\"hidden\" name=\"_wpcf7_version\" value=\"6.1.5\" \/><input type=\"hidden\" name=\"_wpcf7_locale\" value=\"es_ES\" \/><input type=\"hidden\" name=\"_wpcf7_unit_tag\" value=\"wpcf7-f7674-o1\" \/><input type=\"hidden\" name=\"_wpcf7_container_post\" value=\"0\" \/><input type=\"hidden\" name=\"_wpcf7_posted_data_hash\" value=\"\" \/>\n<\/fieldset>\n<label> Tu nombre\n    <span class=\"wpcf7-form-control-wrap\" data-name=\"your-name\"><input size=\"40\" maxlength=\"400\" class=\"wpcf7-form-control wpcf7-text wpcf7-validates-as-required\" autocomplete=\"name\" aria-required=\"true\" aria-invalid=\"false\" value=\"\" type=\"text\" name=\"your-name\" \/><\/span> <\/label>\n\n<label> Tu correo electr\u00f3nico\n    <span class=\"wpcf7-form-control-wrap\" data-name=\"your-email\"><input size=\"40\" maxlength=\"400\" class=\"wpcf7-form-control wpcf7-email wpcf7-validates-as-required wpcf7-text wpcf7-validates-as-email\" autocomplete=\"email\" aria-required=\"true\" aria-invalid=\"false\" value=\"\" type=\"email\" name=\"your-email\" \/><\/span> <\/label>\n\n<label> Asunto\n    <span class=\"wpcf7-form-control-wrap\" data-name=\"your-subject\"><input size=\"40\" maxlength=\"400\" class=\"wpcf7-form-control wpcf7-text wpcf7-validates-as-required\" aria-required=\"true\" aria-invalid=\"false\" value=\"\" type=\"text\" name=\"your-subject\" \/><\/span> <\/label>\n\n<label> Tu mensaje (opcional)\n    <span class=\"wpcf7-form-control-wrap\" data-name=\"your-message\"><textarea cols=\"40\" rows=\"10\" maxlength=\"2000\" class=\"wpcf7-form-control wpcf7-textarea\" aria-invalid=\"false\" name=\"your-message\"><\/textarea><\/span> <\/label>\n\n<input class=\"wpcf7-form-control wpcf7-submit has-spinner\" type=\"submit\" value=\"Enviar\" \/><div class=\"wpcf7-response-output\" aria-hidden=\"true\"><\/div>\n<\/form>\n<\/div>\n\t\t\t\t\t\t<\/div>\n\t\t\t\t<\/div>\n\t\t\t\t\t<\/div>\n\t\t\t\t<\/div>\n\t\t\t\t<\/div>\n\t\t","protected":false},"excerpt":{"rendered":"<p>AKW A+V Protec Rail GmbH AKW A+V Protec Rail GmbH\u00a0comercializa desde hace 2 d\u00e9cadas internacionalmente aparatos e instalaciones en los campos del tratamiento de aguas y t\u00e9cnicas medioambientales. Para ello se ha especializado en la b\u00fasqueda de soluciones pr\u00e1cticas para los problemas espec\u00edficos de sus clientes. \u00a0 Biorreactores para veh\u00edculos ferroviarios Este dispositivo aporta soluci\u00f3n<\/p>\n","protected":false},"author":1,"featured_media":0,"parent":0,"menu_order":0,"comment_status":"closed","ping_status":"closed","template":"","meta":{"footnotes":""},"class_list":["post-7989","page","type-page","status-publish","hentry"],"yoast_head":"<!-- This site is optimized with the Yoast SEO plugin v27.4 - https:\/\/yoast.com\/product\/yoast-seo-wordpress\/ -->\n<title>AKW A+V PROTEC RAIL - pasch.es<\/title>\n<meta name=\"robots\" content=\"index, follow, max-snippet:-1, max-image-preview:large, max-video-preview:-1\" \/>\n<link rel=\"canonical\" href=\"https:\/\/pasch.es\/index.php\/akw-av-protec-rail\/\" \/>\n<meta property=\"og:locale\" content=\"en_US\" \/>\n<meta property=\"og:type\" content=\"article\" \/>\n<meta property=\"og:title\" content=\"AKW A+V PROTEC RAIL - pasch.es\" \/>\n<meta property=\"og:description\" content=\"AKW A+V Protec Rail GmbH AKW A+V Protec Rail GmbH\u00a0comercializa desde hace 2 d\u00e9cadas internacionalmente aparatos e instalaciones en los campos del tratamiento de aguas y t\u00e9cnicas medioambientales. Para ello se ha especializado en la b\u00fasqueda de soluciones pr\u00e1cticas para los problemas espec\u00edficos de sus clientes. \u00a0 Biorreactores para veh\u00edculos ferroviarios Este dispositivo aporta soluci\u00f3n\" \/>\n<meta property=\"og:url\" content=\"https:\/\/pasch.es\/index.php\/akw-av-protec-rail\/\" \/>\n<meta property=\"og:site_name\" content=\"pasch.es\" \/>\n<meta property=\"article:modified_time\" content=\"2025-10-09T13:48:22+00:00\" \/>\n<meta property=\"og:image\" content=\"https:\/\/brave-easley.5-175-45-209.plesk.page\/wp-content\/uploads\/2025\/10\/AKW-Bioreactor2-300x277-1.jpg\" \/>\n<meta name=\"twitter:card\" content=\"summary_large_image\" \/>\n<meta name=\"twitter:label1\" content=\"Est. reading time\" \/>\n\t<meta name=\"twitter:data1\" content=\"3 minutes\" \/>\n<script type=\"application\/ld+json\" class=\"yoast-schema-graph\">{\"@context\":\"https:\\\/\\\/schema.org\",\"@graph\":[{\"@type\":\"WebPage\",\"@id\":\"https:\\\/\\\/pasch.es\\\/index.php\\\/akw-av-protec-rail\\\/\",\"url\":\"https:\\\/\\\/pasch.es\\\/index.php\\\/akw-av-protec-rail\\\/\",\"name\":\"AKW A+V PROTEC RAIL - pasch.es\",\"isPartOf\":{\"@id\":\"https:\\\/\\\/pasch.es\\\/#website\"},\"primaryImageOfPage\":{\"@id\":\"https:\\\/\\\/pasch.es\\\/index.php\\\/akw-av-protec-rail\\\/#primaryimage\"},\"image\":{\"@id\":\"https:\\\/\\\/pasch.es\\\/index.php\\\/akw-av-protec-rail\\\/#primaryimage\"},\"thumbnailUrl\":\"https:\\\/\\\/brave-easley.5-175-45-209.plesk.page\\\/wp-content\\\/uploads\\\/2025\\\/10\\\/AKW-Bioreactor2-300x277-1.jpg\",\"datePublished\":\"2025-10-09T13:21:46+00:00\",\"dateModified\":\"2025-10-09T13:48:22+00:00\",\"breadcrumb\":{\"@id\":\"https:\\\/\\\/pasch.es\\\/index.php\\\/akw-av-protec-rail\\\/#breadcrumb\"},\"inLanguage\":\"en-US\",\"potentialAction\":[{\"@type\":\"ReadAction\",\"target\":[\"https:\\\/\\\/pasch.es\\\/index.php\\\/akw-av-protec-rail\\\/\"]}]},{\"@type\":\"ImageObject\",\"inLanguage\":\"en-US\",\"@id\":\"https:\\\/\\\/pasch.es\\\/index.php\\\/akw-av-protec-rail\\\/#primaryimage\",\"url\":\"https:\\\/\\\/brave-easley.5-175-45-209.plesk.page\\\/wp-content\\\/uploads\\\/2025\\\/10\\\/AKW-Bioreactor2-300x277-1.jpg\",\"contentUrl\":\"https:\\\/\\\/brave-easley.5-175-45-209.plesk.page\\\/wp-content\\\/uploads\\\/2025\\\/10\\\/AKW-Bioreactor2-300x277-1.jpg\"},{\"@type\":\"BreadcrumbList\",\"@id\":\"https:\\\/\\\/pasch.es\\\/index.php\\\/akw-av-protec-rail\\\/#breadcrumb\",\"itemListElement\":[{\"@type\":\"ListItem\",\"position\":1,\"name\":\"Portada\",\"item\":\"https:\\\/\\\/pasch.es\\\/\"},{\"@type\":\"ListItem\",\"position\":2,\"name\":\"AKW A+V PROTEC RAIL\"}]},{\"@type\":\"WebSite\",\"@id\":\"https:\\\/\\\/pasch.es\\\/#website\",\"url\":\"https:\\\/\\\/pasch.es\\\/\",\"name\":\"pasch.es\",\"description\":\"PASCH Y CIA\",\"publisher\":{\"@id\":\"https:\\\/\\\/pasch.es\\\/#organization\"},\"potentialAction\":[{\"@type\":\"SearchAction\",\"target\":{\"@type\":\"EntryPoint\",\"urlTemplate\":\"https:\\\/\\\/pasch.es\\\/?s={search_term_string}\"},\"query-input\":{\"@type\":\"PropertyValueSpecification\",\"valueRequired\":true,\"valueName\":\"search_term_string\"}}],\"inLanguage\":\"en-US\"},{\"@type\":\"Organization\",\"@id\":\"https:\\\/\\\/pasch.es\\\/#organization\",\"name\":\"pasch.es\",\"url\":\"https:\\\/\\\/pasch.es\\\/\",\"logo\":{\"@type\":\"ImageObject\",\"inLanguage\":\"en-US\",\"@id\":\"https:\\\/\\\/pasch.es\\\/#\\\/schema\\\/logo\\\/image\\\/\",\"url\":\"https:\\\/\\\/pasch.es\\\/wp-content\\\/uploads\\\/2025\\\/06\\\/PASCH-White.png\",\"contentUrl\":\"https:\\\/\\\/pasch.es\\\/wp-content\\\/uploads\\\/2025\\\/06\\\/PASCH-White.png\",\"width\":569,\"height\":147,\"caption\":\"pasch.es\"},\"image\":{\"@id\":\"https:\\\/\\\/pasch.es\\\/#\\\/schema\\\/logo\\\/image\\\/\"}}]}<\/script>\n<!-- \/ Yoast SEO plugin. -->","yoast_head_json":{"title":"AKW A+V PROTEC RAIL - pasch.es","robots":{"index":"index","follow":"follow","max-snippet":"max-snippet:-1","max-image-preview":"max-image-preview:large","max-video-preview":"max-video-preview:-1"},"canonical":"https:\/\/pasch.es\/index.php\/akw-av-protec-rail\/","og_locale":"en_US","og_type":"article","og_title":"AKW A+V PROTEC RAIL - pasch.es","og_description":"AKW A+V Protec Rail GmbH AKW A+V Protec Rail GmbH\u00a0comercializa desde hace 2 d\u00e9cadas internacionalmente aparatos e instalaciones en los campos del tratamiento de aguas y t\u00e9cnicas medioambientales. Para ello se ha especializado en la b\u00fasqueda de soluciones pr\u00e1cticas para los problemas espec\u00edficos de sus clientes. \u00a0 Biorreactores para veh\u00edculos ferroviarios Este dispositivo aporta soluci\u00f3n","og_url":"https:\/\/pasch.es\/index.php\/akw-av-protec-rail\/","og_site_name":"pasch.es","article_modified_time":"2025-10-09T13:48:22+00:00","og_image":[{"url":"https:\/\/brave-easley.5-175-45-209.plesk.page\/wp-content\/uploads\/2025\/10\/AKW-Bioreactor2-300x277-1.jpg","type":"","width":"","height":""}],"twitter_card":"summary_large_image","twitter_misc":{"Est. reading time":"3 minutes"},"schema":{"@context":"https:\/\/schema.org","@graph":[{"@type":"WebPage","@id":"https:\/\/pasch.es\/index.php\/akw-av-protec-rail\/","url":"https:\/\/pasch.es\/index.php\/akw-av-protec-rail\/","name":"AKW A+V PROTEC RAIL - pasch.es","isPartOf":{"@id":"https:\/\/pasch.es\/#website"},"primaryImageOfPage":{"@id":"https:\/\/pasch.es\/index.php\/akw-av-protec-rail\/#primaryimage"},"image":{"@id":"https:\/\/pasch.es\/index.php\/akw-av-protec-rail\/#primaryimage"},"thumbnailUrl":"https:\/\/brave-easley.5-175-45-209.plesk.page\/wp-content\/uploads\/2025\/10\/AKW-Bioreactor2-300x277-1.jpg","datePublished":"2025-10-09T13:21:46+00:00","dateModified":"2025-10-09T13:48:22+00:00","breadcrumb":{"@id":"https:\/\/pasch.es\/index.php\/akw-av-protec-rail\/#breadcrumb"},"inLanguage":"en-US","potentialAction":[{"@type":"ReadAction","target":["https:\/\/pasch.es\/index.php\/akw-av-protec-rail\/"]}]},{"@type":"ImageObject","inLanguage":"en-US","@id":"https:\/\/pasch.es\/index.php\/akw-av-protec-rail\/#primaryimage","url":"https:\/\/brave-easley.5-175-45-209.plesk.page\/wp-content\/uploads\/2025\/10\/AKW-Bioreactor2-300x277-1.jpg","contentUrl":"https:\/\/brave-easley.5-175-45-209.plesk.page\/wp-content\/uploads\/2025\/10\/AKW-Bioreactor2-300x277-1.jpg"},{"@type":"BreadcrumbList","@id":"https:\/\/pasch.es\/index.php\/akw-av-protec-rail\/#breadcrumb","itemListElement":[{"@type":"ListItem","position":1,"name":"Portada","item":"https:\/\/pasch.es\/"},{"@type":"ListItem","position":2,"name":"AKW A+V PROTEC RAIL"}]},{"@type":"WebSite","@id":"https:\/\/pasch.es\/#website","url":"https:\/\/pasch.es\/","name":"pasch.es","description":"PASCH Y CIA","publisher":{"@id":"https:\/\/pasch.es\/#organization"},"potentialAction":[{"@type":"SearchAction","target":{"@type":"EntryPoint","urlTemplate":"https:\/\/pasch.es\/?s={search_term_string}"},"query-input":{"@type":"PropertyValueSpecification","valueRequired":true,"valueName":"search_term_string"}}],"inLanguage":"en-US"},{"@type":"Organization","@id":"https:\/\/pasch.es\/#organization","name":"pasch.es","url":"https:\/\/pasch.es\/","logo":{"@type":"ImageObject","inLanguage":"en-US","@id":"https:\/\/pasch.es\/#\/schema\/logo\/image\/","url":"https:\/\/pasch.es\/wp-content\/uploads\/2025\/06\/PASCH-White.png","contentUrl":"https:\/\/pasch.es\/wp-content\/uploads\/2025\/06\/PASCH-White.png","width":569,"height":147,"caption":"pasch.es"},"image":{"@id":"https:\/\/pasch.es\/#\/schema\/logo\/image\/"}}]}},"_links":{"self":[{"href":"https:\/\/pasch.es\/index.php\/wp-json\/wp\/v2\/pages\/7989","targetHints":{"allow":["GET"]}}],"collection":[{"href":"https:\/\/pasch.es\/index.php\/wp-json\/wp\/v2\/pages"}],"about":[{"href":"https:\/\/pasch.es\/index.php\/wp-json\/wp\/v2\/types\/page"}],"author":[{"embeddable":true,"href":"https:\/\/pasch.es\/index.php\/wp-json\/wp\/v2\/users\/1"}],"replies":[{"embeddable":true,"href":"https:\/\/pasch.es\/index.php\/wp-json\/wp\/v2\/comments?post=7989"}],"version-history":[{"count":7,"href":"https:\/\/pasch.es\/index.php\/wp-json\/wp\/v2\/pages\/7989\/revisions"}],"predecessor-version":[{"id":8067,"href":"https:\/\/pasch.es\/index.php\/wp-json\/wp\/v2\/pages\/7989\/revisions\/8067"}],"wp:attachment":[{"href":"https:\/\/pasch.es\/index.php\/wp-json\/wp\/v2\/media?parent=7989"}],"curies":[{"name":"wp","href":"https:\/\/api.w.org\/{rel}","templated":true}]}}