{"id":8264,"date":"2025-10-10T11:33:33","date_gmt":"2025-10-10T11:33:33","guid":{"rendered":"https:\/\/brave-easley.5-175-45-209.plesk.page\/?page_id=8264"},"modified":"2025-10-10T11:49:05","modified_gmt":"2025-10-10T11:49:05","slug":"compresores-howden-turbo","status":"publish","type":"page","link":"https:\/\/pasch.es\/index.php\/compresores-howden-turbo\/","title":{"rendered":"COMPRESORES HOWDEN TURBO"},"content":{"rendered":"\t\t<div data-elementor-type=\"wp-page\" data-elementor-id=\"8264\" class=\"elementor elementor-8264\">\n\t\t\t\t<div class=\"elementor-element elementor-element-e936486 e-flex e-con-boxed e-con e-parent\" data-id=\"e936486\" data-element_type=\"container\" data-e-type=\"container\">\n\t\t\t\t\t<div class=\"e-con-inner\">\n\t\t\t\t<div class=\"elementor-element elementor-element-a29ae99 elementor-widget elementor-widget-image\" data-id=\"a29ae99\" data-element_type=\"widget\" data-e-type=\"widget\" data-widget_type=\"image.default\">\n\t\t\t\t<div class=\"elementor-widget-container\">\n\t\t\t\t\t\t\t\t\t\t\t\t\t\t\t<img fetchpriority=\"high\" decoding=\"async\" width=\"300\" height=\"167\" src=\"https:\/\/pasch.es\/wp-content\/uploads\/2025\/10\/howden1-300x167.png\" class=\"attachment-medium size-medium wp-image-8376\" alt=\"\" srcset=\"https:\/\/pasch.es\/wp-content\/uploads\/2025\/10\/howden1-300x167.png 300w, https:\/\/pasch.es\/wp-content\/uploads\/2025\/10\/howden1-350x195.png 350w, https:\/\/pasch.es\/wp-content\/uploads\/2025\/10\/howden1.png 450w\" sizes=\"(max-width: 300px) 100vw, 300px\" \/>\t\t\t\t\t\t\t\t\t\t\t\t\t\t\t<\/div>\n\t\t\t\t<\/div>\n\t\t\t\t<div class=\"elementor-element elementor-element-29dd5bd elementor-widget elementor-widget-heading\" data-id=\"29dd5bd\" data-element_type=\"widget\" data-e-type=\"widget\" data-widget_type=\"heading.default\">\n\t\t\t\t<div class=\"elementor-widget-container\">\n\t\t\t\t\t<h1 class=\"elementor-heading-title elementor-size-default\">COMPRESORES HOWDEN TURBO<\/h1>\t\t\t\t<\/div>\n\t\t\t\t<\/div>\n\t\t\t\t\t<\/div>\n\t\t\t\t<\/div>\n\t\t<div class=\"elementor-element elementor-element-6f21461 e-flex e-con-boxed e-con e-parent\" data-id=\"6f21461\" data-element_type=\"container\" data-e-type=\"container\">\n\t\t\t\t\t<div class=\"e-con-inner\">\n\t\t\t\t<div class=\"elementor-element elementor-element-eb8fb93 elementor-widget elementor-widget-text-editor\" data-id=\"eb8fb93\" data-element_type=\"widget\" data-e-type=\"widget\" data-widget_type=\"text-editor.default\">\n\t\t\t\t<div class=\"elementor-widget-container\">\n\t\t\t\t\t\t\t\t\t<div class=\"vc_row wpb_row vc_row-fluid\">\n<div class=\"wpb_column vc_column_container vc_col-sm-9\">\n<div class=\"vc_column-inner \">\n<div class=\"wpb_wrapper\">\n<div class=\"wpb_text_column wpb_content_element\">\n<div class=\"wpb_wrapper\">\n<p>Compresores centr\u00edfugos monoetapa\u00a0 de aire, gas SO2, gas de coke, vapor y gases de proceso para las industrias qu\u00edmica, petroqu\u00edmica y metal\u00fargica. Entre las aplicaciones m\u00e1s destacadas se encuentran la producci\u00f3n de \u00e1cido sulf\u00farico, las unidades de recuperaci\u00f3n de azufre, la compresi\u00f3n mec\u00e1nica de vapor, as\u00ed como las extractoras de gas de coke para el sector sider\u00fargico.<\/p>\n<\/div>\n<\/div>\n<\/div>\n<\/div>\n<\/div>\n<\/div>\n\t\t\t\t\t\t\t\t<\/div>\n\t\t\t\t<\/div>\n\t\t\t\t\t<\/div>\n\t\t\t\t<\/div>\n\t\t<div class=\"elementor-element elementor-element-a923a2a e-grid e-con-boxed e-con e-parent\" data-id=\"a923a2a\" data-element_type=\"container\" data-e-type=\"container\">\n\t\t\t\t\t<div class=\"e-con-inner\">\n\t\t\t\t<div class=\"elementor-element elementor-element-32a7867 elementor-widget elementor-widget-text-editor\" data-id=\"32a7867\" data-element_type=\"widget\" data-e-type=\"widget\" data-widget_type=\"text-editor.default\">\n\t\t\t\t<div class=\"elementor-widget-container\">\n\t\t\t\t\t\t\t\t\t<div class=\"vc_custom_heading text_align_center\">\n<div class=\"vc_custom_heading text_align_left\">\n<div class=\"vc_custom_heading text_align_left\">\n<h3 class=\"consulting-custom-title\">REFERENTE EN EL MERCADO<\/h3>\n<\/div>\n<\/div>\n<p>Los \u00e1labes directrices en la aspiraci\u00f3n permiten al compresor regular el caudal nominal entre el 100% y el 45% sin necesidad de incorporar variaci\u00f3n de velocidad.<\/p>\n<\/div>\n\t\t\t\t\t\t\t\t<\/div>\n\t\t\t\t<\/div>\n\t\t\t\t<div class=\"elementor-element elementor-element-20c03f7 elementor-widget elementor-widget-image\" data-id=\"20c03f7\" data-element_type=\"widget\" data-e-type=\"widget\" data-widget_type=\"image.default\">\n\t\t\t\t<div class=\"elementor-widget-container\">\n\t\t\t\t\t\t\t\t\t\t\t\t\t\t\t<img decoding=\"async\" width=\"450\" height=\"250\" src=\"https:\/\/pasch.es\/wp-content\/uploads\/2025\/10\/SIEMENS-450x250-1.jpg\" class=\"attachment-large size-large wp-image-8378\" alt=\"\" srcset=\"https:\/\/pasch.es\/wp-content\/uploads\/2025\/10\/SIEMENS-450x250-1.jpg 450w, https:\/\/pasch.es\/wp-content\/uploads\/2025\/10\/SIEMENS-450x250-1-300x167.jpg 300w, https:\/\/pasch.es\/wp-content\/uploads\/2025\/10\/SIEMENS-450x250-1-350x195.jpg 350w\" sizes=\"(max-width: 450px) 100vw, 450px\" \/>\t\t\t\t\t\t\t\t\t\t\t\t\t\t\t<\/div>\n\t\t\t\t<\/div>\n\t\t\t\t\t<\/div>\n\t\t\t\t<\/div>\n\t\t<div class=\"elementor-element elementor-element-4fa0c52 e-grid e-con-boxed e-con e-parent\" data-id=\"4fa0c52\" data-element_type=\"container\" data-e-type=\"container\">\n\t\t\t\t\t<div class=\"e-con-inner\">\n\t\t\t\t<div class=\"elementor-element elementor-element-8dead80 elementor-widget elementor-widget-text-editor\" data-id=\"8dead80\" data-element_type=\"widget\" data-e-type=\"widget\" data-widget_type=\"text-editor.default\">\n\t\t\t\t<div class=\"elementor-widget-container\">\n\t\t\t\t\t\t\t\t\t<div>\n<div>\n<div>\n<h3>ESPEC\u00cdFICAMENTE DISE\u00d1ADOS<\/h3>\n<\/div>\n<\/div>\n<\/div>\n<div>\n<div>\n<p><span style=\"color: #777777;\">El rango de fabricaci\u00f3n abarca desde 1 m3\/s hasta 150 m3\/s con presiones de descarga hasta 3,0 bar(a) y potencias que oscilan entre 100 kW y 10 MW. Se dise\u00f1an espec\u00edficamente de acuerdo con la aplicaci\u00f3n y los datos de operaci\u00f3n.<\/span><\/p>\n<\/div>\n<\/div>\n\t\t\t\t\t\t\t\t<\/div>\n\t\t\t\t<\/div>\n\t\t\t\t<div class=\"elementor-element elementor-element-1030dd7 elementor-widget elementor-widget-image\" data-id=\"1030dd7\" data-element_type=\"widget\" data-e-type=\"widget\" data-widget_type=\"image.default\">\n\t\t\t\t<div class=\"elementor-widget-container\">\n\t\t\t\t\t\t\t\t\t\t\t\t\t\t\t<img decoding=\"async\" width=\"450\" height=\"250\" src=\"https:\/\/pasch.es\/wp-content\/uploads\/2025\/10\/Siemens2-450x250-1.jpg\" class=\"attachment-large size-large wp-image-8377\" alt=\"\" srcset=\"https:\/\/pasch.es\/wp-content\/uploads\/2025\/10\/Siemens2-450x250-1.jpg 450w, https:\/\/pasch.es\/wp-content\/uploads\/2025\/10\/Siemens2-450x250-1-300x167.jpg 300w, https:\/\/pasch.es\/wp-content\/uploads\/2025\/10\/Siemens2-450x250-1-350x195.jpg 350w\" sizes=\"(max-width: 450px) 100vw, 450px\" \/>\t\t\t\t\t\t\t\t\t\t\t\t\t\t\t<\/div>\n\t\t\t\t<\/div>\n\t\t\t\t\t<\/div>\n\t\t\t\t<\/div>\n\t\t<div class=\"elementor-element elementor-element-fed26f4 e-flex e-con-boxed e-con e-parent\" data-id=\"fed26f4\" data-element_type=\"container\" data-e-type=\"container\">\n\t\t\t\t\t<div class=\"e-con-inner\">\n\t\t\t\t<div class=\"elementor-element elementor-element-e715c68 elementor-widget elementor-widget-heading\" data-id=\"e715c68\" data-element_type=\"widget\" data-e-type=\"widget\" data-widget_type=\"heading.default\">\n\t\t\t\t<div class=\"elementor-widget-container\">\n\t\t\t\t\t<h2 class=\"elementor-heading-title elementor-size-default\">FORMULARIO DE CONTACTO<\/h2>\t\t\t\t<\/div>\n\t\t\t\t<\/div>\n\t\t\t\t<div class=\"elementor-element elementor-element-b15cee7 elementor-widget elementor-widget-stm_contact_form_7\" data-id=\"b15cee7\" data-element_type=\"widget\" data-e-type=\"widget\" data-widget_type=\"stm_contact_form_7.default\">\n\t\t\t\t<div class=\"elementor-widget-container\">\n\t\t\t\t\t\n<div class=\"wpcf7 no-js\" id=\"wpcf7-f5-o1\" lang=\"es-ES\" dir=\"ltr\" data-wpcf7-id=\"5\">\n<div class=\"screen-reader-response\"><p role=\"status\" aria-live=\"polite\" aria-atomic=\"true\"><\/p> <ul><\/ul><\/div>\n<form action=\"\/index.php\/wp-json\/wp\/v2\/pages\/8264#wpcf7-f5-o1\" method=\"post\" class=\"wpcf7-form init\" aria-label=\"Formulario de contacto\" novalidate=\"novalidate\" data-status=\"init\">\n<fieldset class=\"hidden-fields-container\"><input type=\"hidden\" name=\"_wpcf7\" value=\"5\" \/><input type=\"hidden\" name=\"_wpcf7_version\" value=\"6.1.5\" \/><input type=\"hidden\" name=\"_wpcf7_locale\" value=\"es_ES\" \/><input type=\"hidden\" name=\"_wpcf7_unit_tag\" value=\"wpcf7-f5-o1\" \/><input type=\"hidden\" name=\"_wpcf7_container_post\" value=\"0\" \/><input type=\"hidden\" name=\"_wpcf7_posted_data_hash\" value=\"\" \/>\n<\/fieldset>\n<label> Tu nombre\n    <span class=\"wpcf7-form-control-wrap\" data-name=\"your-name\"><input size=\"40\" maxlength=\"400\" class=\"wpcf7-form-control wpcf7-text wpcf7-validates-as-required\" autocomplete=\"name\" aria-required=\"true\" aria-invalid=\"false\" value=\"\" type=\"text\" name=\"your-name\" \/><\/span> <\/label>\n\n<label> Tu correo electr\u00f3nico\n    <span class=\"wpcf7-form-control-wrap\" data-name=\"your-email\"><input size=\"40\" maxlength=\"400\" class=\"wpcf7-form-control wpcf7-email wpcf7-validates-as-required wpcf7-text wpcf7-validates-as-email\" autocomplete=\"email\" aria-required=\"true\" aria-invalid=\"false\" value=\"\" type=\"email\" name=\"your-email\" \/><\/span> <\/label>\n\n<label> Asunto\n    <span class=\"wpcf7-form-control-wrap\" data-name=\"your-subject\"><input size=\"40\" maxlength=\"400\" class=\"wpcf7-form-control wpcf7-text wpcf7-validates-as-required\" aria-required=\"true\" aria-invalid=\"false\" value=\"\" type=\"text\" name=\"your-subject\" \/><\/span> <\/label>\n\n<label> Tu mensaje (opcional)\n    <span class=\"wpcf7-form-control-wrap\" data-name=\"your-message\"><textarea cols=\"40\" rows=\"10\" maxlength=\"2000\" class=\"wpcf7-form-control wpcf7-textarea\" aria-invalid=\"false\" name=\"your-message\"><\/textarea><\/span> <\/label>\n\n<input class=\"wpcf7-form-control wpcf7-submit has-spinner\" type=\"submit\" value=\"Enviar\" \/><div class=\"wpcf7-response-output\" aria-hidden=\"true\"><\/div>\n<\/form>\n<\/div>\n\t\t\t\t\t\t<\/div>\n\t\t\t\t<\/div>\n\t\t\t\t\t<\/div>\n\t\t\t\t<\/div>\n\t\t\t\t<\/div>\n\t\t","protected":false},"excerpt":{"rendered":"<p>COMPRESORES HOWDEN TURBO Compresores centr\u00edfugos monoetapa\u00a0 de aire, gas SO2, gas de coke, vapor y gases de proceso para las industrias qu\u00edmica, petroqu\u00edmica y metal\u00fargica. Entre las aplicaciones m\u00e1s destacadas se encuentran la producci\u00f3n de \u00e1cido sulf\u00farico, las unidades de recuperaci\u00f3n de azufre, la compresi\u00f3n mec\u00e1nica de vapor, as\u00ed como las extractoras de gas de<\/p>\n","protected":false},"author":1,"featured_media":0,"parent":0,"menu_order":0,"comment_status":"closed","ping_status":"closed","template":"","meta":{"footnotes":""},"class_list":["post-8264","page","type-page","status-publish","hentry"],"yoast_head":"<!-- This site is optimized with the Yoast SEO plugin v27.1.1 - https:\/\/yoast.com\/product\/yoast-seo-wordpress\/ -->\n<title>COMPRESORES HOWDEN TURBO - pasch.es<\/title>\n<meta name=\"robots\" content=\"index, follow, max-snippet:-1, max-image-preview:large, max-video-preview:-1\" \/>\n<link rel=\"canonical\" href=\"https:\/\/pasch.es\/index.php\/compresores-howden-turbo\/\" \/>\n<meta property=\"og:locale\" content=\"en_US\" \/>\n<meta property=\"og:type\" content=\"article\" \/>\n<meta property=\"og:title\" content=\"COMPRESORES HOWDEN TURBO - pasch.es\" \/>\n<meta property=\"og:description\" content=\"COMPRESORES HOWDEN TURBO Compresores centr\u00edfugos monoetapa\u00a0 de aire, gas SO2, gas de coke, vapor y gases de proceso para las industrias qu\u00edmica, petroqu\u00edmica y metal\u00fargica. Entre las aplicaciones m\u00e1s destacadas se encuentran la producci\u00f3n de \u00e1cido sulf\u00farico, las unidades de recuperaci\u00f3n de azufre, la compresi\u00f3n mec\u00e1nica de vapor, as\u00ed como las extractoras de gas de\" \/>\n<meta property=\"og:url\" content=\"https:\/\/pasch.es\/index.php\/compresores-howden-turbo\/\" \/>\n<meta property=\"og:site_name\" content=\"pasch.es\" \/>\n<meta property=\"article:modified_time\" content=\"2025-10-10T11:49:05+00:00\" \/>\n<meta property=\"og:image\" content=\"https:\/\/brave-easley.5-175-45-209.plesk.page\/wp-content\/uploads\/2025\/10\/howden1-300x167.png\" \/>\n<meta name=\"twitter:card\" content=\"summary_large_image\" \/>\n<meta name=\"twitter:label1\" content=\"Est. reading time\" \/>\n\t<meta name=\"twitter:data1\" content=\"2 minutes\" \/>\n<script type=\"application\/ld+json\" class=\"yoast-schema-graph\">{\"@context\":\"https:\/\/schema.org\",\"@graph\":[{\"@type\":\"WebPage\",\"@id\":\"https:\/\/pasch.es\/index.php\/compresores-howden-turbo\/\",\"url\":\"https:\/\/pasch.es\/index.php\/compresores-howden-turbo\/\",\"name\":\"COMPRESORES HOWDEN TURBO - pasch.es\",\"isPartOf\":{\"@id\":\"https:\/\/pasch.es\/#website\"},\"primaryImageOfPage\":{\"@id\":\"https:\/\/pasch.es\/index.php\/compresores-howden-turbo\/#primaryimage\"},\"image\":{\"@id\":\"https:\/\/pasch.es\/index.php\/compresores-howden-turbo\/#primaryimage\"},\"thumbnailUrl\":\"https:\/\/brave-easley.5-175-45-209.plesk.page\/wp-content\/uploads\/2025\/10\/howden1-300x167.png\",\"datePublished\":\"2025-10-10T11:33:33+00:00\",\"dateModified\":\"2025-10-10T11:49:05+00:00\",\"breadcrumb\":{\"@id\":\"https:\/\/pasch.es\/index.php\/compresores-howden-turbo\/#breadcrumb\"},\"inLanguage\":\"en-US\",\"potentialAction\":[{\"@type\":\"ReadAction\",\"target\":[\"https:\/\/pasch.es\/index.php\/compresores-howden-turbo\/\"]}]},{\"@type\":\"ImageObject\",\"inLanguage\":\"en-US\",\"@id\":\"https:\/\/pasch.es\/index.php\/compresores-howden-turbo\/#primaryimage\",\"url\":\"https:\/\/brave-easley.5-175-45-209.plesk.page\/wp-content\/uploads\/2025\/10\/howden1-300x167.png\",\"contentUrl\":\"https:\/\/brave-easley.5-175-45-209.plesk.page\/wp-content\/uploads\/2025\/10\/howden1-300x167.png\"},{\"@type\":\"BreadcrumbList\",\"@id\":\"https:\/\/pasch.es\/index.php\/compresores-howden-turbo\/#breadcrumb\",\"itemListElement\":[{\"@type\":\"ListItem\",\"position\":1,\"name\":\"Portada\",\"item\":\"https:\/\/pasch.es\/\"},{\"@type\":\"ListItem\",\"position\":2,\"name\":\"COMPRESORES HOWDEN TURBO\"}]},{\"@type\":\"WebSite\",\"@id\":\"https:\/\/pasch.es\/#website\",\"url\":\"https:\/\/pasch.es\/\",\"name\":\"pasch.es\",\"description\":\"PASCH Y CIA\",\"publisher\":{\"@id\":\"https:\/\/pasch.es\/#organization\"},\"potentialAction\":[{\"@type\":\"SearchAction\",\"target\":{\"@type\":\"EntryPoint\",\"urlTemplate\":\"https:\/\/pasch.es\/?s={search_term_string}\"},\"query-input\":{\"@type\":\"PropertyValueSpecification\",\"valueRequired\":true,\"valueName\":\"search_term_string\"}}],\"inLanguage\":\"en-US\"},{\"@type\":\"Organization\",\"@id\":\"https:\/\/pasch.es\/#organization\",\"name\":\"pasch.es\",\"url\":\"https:\/\/pasch.es\/\",\"logo\":{\"@type\":\"ImageObject\",\"inLanguage\":\"en-US\",\"@id\":\"https:\/\/pasch.es\/#\/schema\/logo\/image\/\",\"url\":\"https:\/\/pasch.es\/wp-content\/uploads\/2025\/06\/PASCH-White.png\",\"contentUrl\":\"https:\/\/pasch.es\/wp-content\/uploads\/2025\/06\/PASCH-White.png\",\"width\":569,\"height\":147,\"caption\":\"pasch.es\"},\"image\":{\"@id\":\"https:\/\/pasch.es\/#\/schema\/logo\/image\/\"}}]}<\/script>\n<!-- \/ Yoast SEO plugin. -->","yoast_head_json":{"title":"COMPRESORES HOWDEN TURBO - pasch.es","robots":{"index":"index","follow":"follow","max-snippet":"max-snippet:-1","max-image-preview":"max-image-preview:large","max-video-preview":"max-video-preview:-1"},"canonical":"https:\/\/pasch.es\/index.php\/compresores-howden-turbo\/","og_locale":"en_US","og_type":"article","og_title":"COMPRESORES HOWDEN TURBO - pasch.es","og_description":"COMPRESORES HOWDEN TURBO Compresores centr\u00edfugos monoetapa\u00a0 de aire, gas SO2, gas de coke, vapor y gases de proceso para las industrias qu\u00edmica, petroqu\u00edmica y metal\u00fargica. Entre las aplicaciones m\u00e1s destacadas se encuentran la producci\u00f3n de \u00e1cido sulf\u00farico, las unidades de recuperaci\u00f3n de azufre, la compresi\u00f3n mec\u00e1nica de vapor, as\u00ed como las extractoras de gas de","og_url":"https:\/\/pasch.es\/index.php\/compresores-howden-turbo\/","og_site_name":"pasch.es","article_modified_time":"2025-10-10T11:49:05+00:00","og_image":[{"url":"https:\/\/brave-easley.5-175-45-209.plesk.page\/wp-content\/uploads\/2025\/10\/howden1-300x167.png","type":"","width":"","height":""}],"twitter_card":"summary_large_image","twitter_misc":{"Est. reading time":"2 minutes"},"schema":{"@context":"https:\/\/schema.org","@graph":[{"@type":"WebPage","@id":"https:\/\/pasch.es\/index.php\/compresores-howden-turbo\/","url":"https:\/\/pasch.es\/index.php\/compresores-howden-turbo\/","name":"COMPRESORES HOWDEN TURBO - pasch.es","isPartOf":{"@id":"https:\/\/pasch.es\/#website"},"primaryImageOfPage":{"@id":"https:\/\/pasch.es\/index.php\/compresores-howden-turbo\/#primaryimage"},"image":{"@id":"https:\/\/pasch.es\/index.php\/compresores-howden-turbo\/#primaryimage"},"thumbnailUrl":"https:\/\/brave-easley.5-175-45-209.plesk.page\/wp-content\/uploads\/2025\/10\/howden1-300x167.png","datePublished":"2025-10-10T11:33:33+00:00","dateModified":"2025-10-10T11:49:05+00:00","breadcrumb":{"@id":"https:\/\/pasch.es\/index.php\/compresores-howden-turbo\/#breadcrumb"},"inLanguage":"en-US","potentialAction":[{"@type":"ReadAction","target":["https:\/\/pasch.es\/index.php\/compresores-howden-turbo\/"]}]},{"@type":"ImageObject","inLanguage":"en-US","@id":"https:\/\/pasch.es\/index.php\/compresores-howden-turbo\/#primaryimage","url":"https:\/\/brave-easley.5-175-45-209.plesk.page\/wp-content\/uploads\/2025\/10\/howden1-300x167.png","contentUrl":"https:\/\/brave-easley.5-175-45-209.plesk.page\/wp-content\/uploads\/2025\/10\/howden1-300x167.png"},{"@type":"BreadcrumbList","@id":"https:\/\/pasch.es\/index.php\/compresores-howden-turbo\/#breadcrumb","itemListElement":[{"@type":"ListItem","position":1,"name":"Portada","item":"https:\/\/pasch.es\/"},{"@type":"ListItem","position":2,"name":"COMPRESORES HOWDEN TURBO"}]},{"@type":"WebSite","@id":"https:\/\/pasch.es\/#website","url":"https:\/\/pasch.es\/","name":"pasch.es","description":"PASCH Y CIA","publisher":{"@id":"https:\/\/pasch.es\/#organization"},"potentialAction":[{"@type":"SearchAction","target":{"@type":"EntryPoint","urlTemplate":"https:\/\/pasch.es\/?s={search_term_string}"},"query-input":{"@type":"PropertyValueSpecification","valueRequired":true,"valueName":"search_term_string"}}],"inLanguage":"en-US"},{"@type":"Organization","@id":"https:\/\/pasch.es\/#organization","name":"pasch.es","url":"https:\/\/pasch.es\/","logo":{"@type":"ImageObject","inLanguage":"en-US","@id":"https:\/\/pasch.es\/#\/schema\/logo\/image\/","url":"https:\/\/pasch.es\/wp-content\/uploads\/2025\/06\/PASCH-White.png","contentUrl":"https:\/\/pasch.es\/wp-content\/uploads\/2025\/06\/PASCH-White.png","width":569,"height":147,"caption":"pasch.es"},"image":{"@id":"https:\/\/pasch.es\/#\/schema\/logo\/image\/"}}]}},"_links":{"self":[{"href":"https:\/\/pasch.es\/index.php\/wp-json\/wp\/v2\/pages\/8264","targetHints":{"allow":["GET"]}}],"collection":[{"href":"https:\/\/pasch.es\/index.php\/wp-json\/wp\/v2\/pages"}],"about":[{"href":"https:\/\/pasch.es\/index.php\/wp-json\/wp\/v2\/types\/page"}],"author":[{"embeddable":true,"href":"https:\/\/pasch.es\/index.php\/wp-json\/wp\/v2\/users\/1"}],"replies":[{"embeddable":true,"href":"https:\/\/pasch.es\/index.php\/wp-json\/wp\/v2\/comments?post=8264"}],"version-history":[{"count":10,"href":"https:\/\/pasch.es\/index.php\/wp-json\/wp\/v2\/pages\/8264\/revisions"}],"predecessor-version":[{"id":8381,"href":"https:\/\/pasch.es\/index.php\/wp-json\/wp\/v2\/pages\/8264\/revisions\/8381"}],"wp:attachment":[{"href":"https:\/\/pasch.es\/index.php\/wp-json\/wp\/v2\/media?parent=8264"}],"curies":[{"name":"wp","href":"https:\/\/api.w.org\/{rel}","templated":true}]}}