{"id":8266,"date":"2025-10-10T11:34:06","date_gmt":"2025-10-10T11:34:06","guid":{"rendered":"https:\/\/brave-easley.5-175-45-209.plesk.page\/?page_id=8266"},"modified":"2025-10-10T11:53:03","modified_gmt":"2025-10-10T11:53:03","slug":"soplantes-howden-hv-turbo","status":"publish","type":"page","link":"https:\/\/pasch.es\/index.php\/soplantes-howden-hv-turbo\/","title":{"rendered":"SOPLANTES HOWDEN HV-TURBO"},"content":{"rendered":"\t\t<div data-elementor-type=\"wp-page\" data-elementor-id=\"8266\" class=\"elementor elementor-8266\">\n\t\t\t\t<div class=\"elementor-element elementor-element-e936486 e-flex e-con-boxed e-con e-parent\" data-id=\"e936486\" data-element_type=\"container\" data-e-type=\"container\">\n\t\t\t\t\t<div class=\"e-con-inner\">\n\t\t\t\t<div class=\"elementor-element elementor-element-a29ae99 elementor-widget elementor-widget-image\" data-id=\"a29ae99\" data-element_type=\"widget\" data-e-type=\"widget\" data-widget_type=\"image.default\">\n\t\t\t\t<div class=\"elementor-widget-container\">\n\t\t\t\t\t\t\t\t\t\t\t\t\t\t\t<img fetchpriority=\"high\" decoding=\"async\" width=\"300\" height=\"167\" src=\"https:\/\/pasch.es\/wp-content\/uploads\/2025\/10\/howden2-300x167.png\" class=\"attachment-medium size-medium wp-image-8387\" alt=\"\" srcset=\"https:\/\/pasch.es\/wp-content\/uploads\/2025\/10\/howden2-300x167.png 300w, https:\/\/pasch.es\/wp-content\/uploads\/2025\/10\/howden2-350x195.png 350w, https:\/\/pasch.es\/wp-content\/uploads\/2025\/10\/howden2.png 450w\" sizes=\"(max-width: 300px) 100vw, 300px\" \/>\t\t\t\t\t\t\t\t\t\t\t\t\t\t\t<\/div>\n\t\t\t\t<\/div>\n\t\t\t\t<div class=\"elementor-element elementor-element-29dd5bd elementor-widget elementor-widget-heading\" data-id=\"29dd5bd\" data-element_type=\"widget\" data-e-type=\"widget\" data-widget_type=\"heading.default\">\n\t\t\t\t<div class=\"elementor-widget-container\">\n\t\t\t\t\t<h1 class=\"elementor-heading-title elementor-size-default\">SOPLANTES HOWDEN HV-TURBO<\/h1>\t\t\t\t<\/div>\n\t\t\t\t<\/div>\n\t\t\t\t\t<\/div>\n\t\t\t\t<\/div>\n\t\t<div class=\"elementor-element elementor-element-6f21461 e-flex e-con-boxed e-con e-parent\" data-id=\"6f21461\" data-element_type=\"container\" data-e-type=\"container\">\n\t\t\t\t\t<div class=\"e-con-inner\">\n\t\t\t\t<div class=\"elementor-element elementor-element-eb8fb93 elementor-widget elementor-widget-text-editor\" data-id=\"eb8fb93\" data-element_type=\"widget\" data-e-type=\"widget\" data-widget_type=\"text-editor.default\">\n\t\t\t\t<div class=\"elementor-widget-container\">\n\t\t\t\t\t\t\t\t\t<div class=\"vc_row wpb_row vc_row-fluid\">\n<div class=\"wpb_column vc_column_container vc_col-sm-9\">\n<div class=\"vc_column-inner \">\n<div class=\"wpb_wrapper\">\n<div class=\"wpb_text_column wpb_content_element\">\n<div class=\"wpb_wrapper\">\n<p>Compresores centr\u00edfugos para aplicaci\u00f3n en el sistema de aireaci\u00f3n del biol\u00f3gico tanto en plantas depuradores como en los sistemas de desulfuraci\u00f3n u otras aplicaciones industriales donde se requieran amplios caudales y una alta eficiencia frente a cambios en la demanda de caudal o en la temperatura de aspiraci\u00f3n.<\/p>\n<\/div>\n<\/div>\n<\/div>\n<\/div>\n<\/div>\n<\/div>\n\t\t\t\t\t\t\t\t<\/div>\n\t\t\t\t<\/div>\n\t\t\t\t\t<\/div>\n\t\t\t\t<\/div>\n\t\t<div class=\"elementor-element elementor-element-a923a2a e-grid e-con-boxed e-con e-parent\" data-id=\"a923a2a\" data-element_type=\"container\" data-e-type=\"container\">\n\t\t\t\t\t<div class=\"e-con-inner\">\n\t\t\t\t<div class=\"elementor-element elementor-element-32a7867 elementor-widget elementor-widget-text-editor\" data-id=\"32a7867\" data-element_type=\"widget\" data-e-type=\"widget\" data-widget_type=\"text-editor.default\">\n\t\t\t\t<div class=\"elementor-widget-container\">\n\t\t\t\t\t\t\t\t\t<div class=\"vc_custom_heading text_align_center\">\n<div class=\"vc_custom_heading text_align_left\">\n<div class=\"vc_custom_heading text_align_left\">\n<h3 class=\"consulting-custom-title\">COMPRESORES MONO-ETAPA ENGRANADOS<\/h3>\n<\/div>\n<\/div>\n<p>Serie Howden KA, compresores centr\u00edfugos, mono-etapa y engranados a trav\u00e9s de multiplicador, con caudales de aspiraci\u00f3n entre 1.500 y 100.000 Nm^3\/h e incrementos de presi\u00f3n t\u00edpicos entre 300 y 1800mbar, con posibilidad de alcanzar 2500mbar en configuraci\u00f3n t\u00e1ndem de dos etapas.<\/p>\n<p>La regulaci\u00f3n de caudal se realiza mediante \u00e1labes difusores variables en la impulsi\u00f3n (tipo S), \u00e1labes gu\u00eda de prerrotaci\u00f3n en la aspiraci\u00f3n (tipo V) o bien la acci\u00f3n combinada (SV) para optimizaci\u00f3n del consumo en todo el rango de regulaci\u00f3n (entre 100%-45% del caudal nominal).<\/p>\n<p>El control de caudal mediante \u00e1labes variables, permite mantener la velocidad del rotor constante, sin necesidad de variador de frecuencia, ni de sobredimensionar el compresor por el riesgo de bombeo a bajos caudales.<\/p>\n<p>El conjunto de compresor engranado, motor de accionamiento y resto de auxiliares, est\u00e1 disponible en versiones est\u00e1ndar (Baseline) y customizadas (Custom).<\/p>\n<\/div>\n\t\t\t\t\t\t\t\t<\/div>\n\t\t\t\t<\/div>\n\t\t\t\t<div class=\"elementor-element elementor-element-20c03f7 elementor-widget elementor-widget-image\" data-id=\"20c03f7\" data-element_type=\"widget\" data-e-type=\"widget\" data-widget_type=\"image.default\">\n\t\t\t\t<div class=\"elementor-widget-container\">\n\t\t\t\t\t\t\t\t\t\t\t\t\t\t\t<img decoding=\"async\" width=\"341\" height=\"211\" src=\"https:\/\/pasch.es\/wp-content\/uploads\/2025\/10\/HowdenKA1.png\" class=\"attachment-large size-large wp-image-8389\" alt=\"\" srcset=\"https:\/\/pasch.es\/wp-content\/uploads\/2025\/10\/HowdenKA1.png 341w, https:\/\/pasch.es\/wp-content\/uploads\/2025\/10\/HowdenKA1-300x186.png 300w\" sizes=\"(max-width: 341px) 100vw, 341px\" \/>\t\t\t\t\t\t\t\t\t\t\t\t\t\t\t<\/div>\n\t\t\t\t<\/div>\n\t\t\t\t\t<\/div>\n\t\t\t\t<\/div>\n\t\t<div class=\"elementor-element elementor-element-4fa0c52 e-grid e-con-boxed e-con e-parent\" data-id=\"4fa0c52\" data-element_type=\"container\" data-e-type=\"container\">\n\t\t\t\t\t<div class=\"e-con-inner\">\n\t\t\t\t<div class=\"elementor-element elementor-element-8dead80 elementor-widget elementor-widget-text-editor\" data-id=\"8dead80\" data-element_type=\"widget\" data-e-type=\"widget\" data-widget_type=\"text-editor.default\">\n\t\t\t\t<div class=\"elementor-widget-container\">\n\t\t\t\t\t\t\t\t\t<div>\n<h3 class=\"consulting-custom-title\">COMPRESORES MONO-ETAPA DE ACCIONAMIENTO DIRECTO<\/h3>\n<\/div>\n<div>\n<p>Los nuevos Howden Easy AirTM Turbo (EAT) son compresores centr\u00edfugos, mono-etapa y de accionamiento directo para caudales de aspiraci\u00f3n entre 500 y 8.000 Nm^3\/h e incrementos de presi\u00f3n t\u00edpicos entre 250 y 1000mbar.<\/p>\n<p>Combinan la tecnolog\u00eda l\u00edder en aerodin\u00e1mica de los compresores KA con tecnolog\u00eda de cojinetes magn\u00e9ticos y motor de imanes permanentes para ofrecer una muy alta fiabilidad y eficiencia en todo su amplio rango de regulaci\u00f3n as\u00ed como el m\u00ednimo mantenimiento.<\/p>\n<p>El alto rendimiento y amplia capacidad de reducci\u00f3n de caudal se logra mediante la combinaci\u00f3n de \u00e1labes difusores variables en la impulsi\u00f3n con un variador de frecuencia para un ajuste optimo de la velocidad del rotor<\/p>\n<\/div>\n\t\t\t\t\t\t\t\t<\/div>\n\t\t\t\t<\/div>\n\t\t\t\t<div class=\"elementor-element elementor-element-1030dd7 elementor-widget elementor-widget-image\" data-id=\"1030dd7\" data-element_type=\"widget\" data-e-type=\"widget\" data-widget_type=\"image.default\">\n\t\t\t\t<div class=\"elementor-widget-container\">\n\t\t\t\t\t\t\t\t\t\t\t\t\t\t\t<img decoding=\"async\" width=\"243\" height=\"140\" src=\"https:\/\/pasch.es\/wp-content\/uploads\/2025\/10\/HowdenEasyAir2.png\" class=\"attachment-large size-large wp-image-8388\" alt=\"\" \/>\t\t\t\t\t\t\t\t\t\t\t\t\t\t\t<\/div>\n\t\t\t\t<\/div>\n\t\t\t\t\t<\/div>\n\t\t\t\t<\/div>\n\t\t<div class=\"elementor-element elementor-element-fec893e e-grid e-con-boxed e-con e-parent\" data-id=\"fec893e\" data-element_type=\"container\" data-e-type=\"container\">\n\t\t\t\t\t<div class=\"e-con-inner\">\n\t\t\t\t<div class=\"elementor-element elementor-element-8e708c1 elementor-widget elementor-widget-text-editor\" data-id=\"8e708c1\" data-element_type=\"widget\" data-e-type=\"widget\" data-widget_type=\"text-editor.default\">\n\t\t\t\t<div class=\"elementor-widget-container\">\n\t\t\t\t\t\t\t\t\t<div>\n<h3 class=\"consulting-custom-title\">PUESTA EN MARCHA Y MANTENIMIENTO<\/h3>\n<\/div>\n<div>\n<p>PASCH es responsable tanto de la puesta en marcha, as\u00ed como del mantenimiento de los equipos, como mediante contratos de mantenimiento regular de diversos niveles o servicios bajo pedido.<\/p>\n<\/div>\n\t\t\t\t\t\t\t\t<\/div>\n\t\t\t\t<\/div>\n\t\t\t\t<div class=\"elementor-element elementor-element-0645a0e elementor-widget elementor-widget-image\" data-id=\"0645a0e\" data-element_type=\"widget\" data-e-type=\"widget\" data-widget_type=\"image.default\">\n\t\t\t\t<div class=\"elementor-widget-container\">\n\t\t\t\t\t\t\t\t\t\t\t\t\t\t\t<img loading=\"lazy\" decoding=\"async\" width=\"450\" height=\"250\" src=\"https:\/\/pasch.es\/wp-content\/uploads\/2025\/10\/ingenieria-1.jpg\" class=\"attachment-large size-large wp-image-8390\" alt=\"\" srcset=\"https:\/\/pasch.es\/wp-content\/uploads\/2025\/10\/ingenieria-1.jpg 450w, https:\/\/pasch.es\/wp-content\/uploads\/2025\/10\/ingenieria-1-300x167.jpg 300w, https:\/\/pasch.es\/wp-content\/uploads\/2025\/10\/ingenieria-1-350x195.jpg 350w\" sizes=\"(max-width: 450px) 100vw, 450px\" \/>\t\t\t\t\t\t\t\t\t\t\t\t\t\t\t<\/div>\n\t\t\t\t<\/div>\n\t\t\t\t\t<\/div>\n\t\t\t\t<\/div>\n\t\t<div class=\"elementor-element elementor-element-fed26f4 e-flex e-con-boxed e-con e-parent\" data-id=\"fed26f4\" data-element_type=\"container\" data-e-type=\"container\">\n\t\t\t\t\t<div class=\"e-con-inner\">\n\t\t\t\t<div class=\"elementor-element elementor-element-e715c68 elementor-widget elementor-widget-heading\" data-id=\"e715c68\" data-element_type=\"widget\" data-e-type=\"widget\" data-widget_type=\"heading.default\">\n\t\t\t\t<div class=\"elementor-widget-container\">\n\t\t\t\t\t<h2 class=\"elementor-heading-title elementor-size-default\">FORMULARIO DE CONTACTO<\/h2>\t\t\t\t<\/div>\n\t\t\t\t<\/div>\n\t\t\t\t<div class=\"elementor-element elementor-element-b15cee7 elementor-widget elementor-widget-stm_contact_form_7\" data-id=\"b15cee7\" data-element_type=\"widget\" data-e-type=\"widget\" data-widget_type=\"stm_contact_form_7.default\">\n\t\t\t\t<div class=\"elementor-widget-container\">\n\t\t\t\t\t\n<div class=\"wpcf7 no-js\" id=\"wpcf7-f5-o1\" lang=\"es-ES\" dir=\"ltr\" data-wpcf7-id=\"5\">\n<div class=\"screen-reader-response\"><p role=\"status\" aria-live=\"polite\" aria-atomic=\"true\"><\/p> <ul><\/ul><\/div>\n<form action=\"\/index.php\/wp-json\/wp\/v2\/pages\/8266#wpcf7-f5-o1\" method=\"post\" class=\"wpcf7-form init\" aria-label=\"Formulario de contacto\" novalidate=\"novalidate\" data-status=\"init\">\n<fieldset class=\"hidden-fields-container\"><input type=\"hidden\" name=\"_wpcf7\" value=\"5\" \/><input type=\"hidden\" name=\"_wpcf7_version\" value=\"6.1.5\" \/><input type=\"hidden\" name=\"_wpcf7_locale\" value=\"es_ES\" \/><input type=\"hidden\" name=\"_wpcf7_unit_tag\" value=\"wpcf7-f5-o1\" \/><input type=\"hidden\" name=\"_wpcf7_container_post\" value=\"0\" \/><input type=\"hidden\" name=\"_wpcf7_posted_data_hash\" value=\"\" \/>\n<\/fieldset>\n<label> Tu nombre\n    <span class=\"wpcf7-form-control-wrap\" data-name=\"your-name\"><input size=\"40\" maxlength=\"400\" class=\"wpcf7-form-control wpcf7-text wpcf7-validates-as-required\" autocomplete=\"name\" aria-required=\"true\" aria-invalid=\"false\" value=\"\" type=\"text\" name=\"your-name\" \/><\/span> <\/label>\n\n<label> Tu correo electr\u00f3nico\n    <span class=\"wpcf7-form-control-wrap\" data-name=\"your-email\"><input size=\"40\" maxlength=\"400\" class=\"wpcf7-form-control wpcf7-email wpcf7-validates-as-required wpcf7-text wpcf7-validates-as-email\" autocomplete=\"email\" aria-required=\"true\" aria-invalid=\"false\" value=\"\" type=\"email\" name=\"your-email\" \/><\/span> <\/label>\n\n<label> Asunto\n    <span class=\"wpcf7-form-control-wrap\" data-name=\"your-subject\"><input size=\"40\" maxlength=\"400\" class=\"wpcf7-form-control wpcf7-text wpcf7-validates-as-required\" aria-required=\"true\" aria-invalid=\"false\" value=\"\" type=\"text\" name=\"your-subject\" \/><\/span> <\/label>\n\n<label> Tu mensaje (opcional)\n    <span class=\"wpcf7-form-control-wrap\" data-name=\"your-message\"><textarea cols=\"40\" rows=\"10\" maxlength=\"2000\" class=\"wpcf7-form-control wpcf7-textarea\" aria-invalid=\"false\" name=\"your-message\"><\/textarea><\/span> <\/label>\n\n<input class=\"wpcf7-form-control wpcf7-submit has-spinner\" type=\"submit\" value=\"Enviar\" \/><div class=\"wpcf7-response-output\" aria-hidden=\"true\"><\/div>\n<\/form>\n<\/div>\n\t\t\t\t\t\t<\/div>\n\t\t\t\t<\/div>\n\t\t\t\t\t<\/div>\n\t\t\t\t<\/div>\n\t\t\t\t<\/div>\n\t\t","protected":false},"excerpt":{"rendered":"<p>SOPLANTES HOWDEN HV-TURBO Compresores centr\u00edfugos para aplicaci\u00f3n en el sistema de aireaci\u00f3n del biol\u00f3gico tanto en plantas depuradores como en los sistemas de desulfuraci\u00f3n u otras aplicaciones industriales donde se requieran amplios caudales y una alta eficiencia frente a cambios en la demanda de caudal o en la temperatura de aspiraci\u00f3n. COMPRESORES MONO-ETAPA ENGRANADOS Serie<\/p>\n","protected":false},"author":1,"featured_media":0,"parent":0,"menu_order":0,"comment_status":"closed","ping_status":"closed","template":"","meta":{"footnotes":""},"class_list":["post-8266","page","type-page","status-publish","hentry"],"yoast_head":"<!-- This site is optimized with the Yoast SEO plugin v27.1.1 - https:\/\/yoast.com\/product\/yoast-seo-wordpress\/ -->\n<title>SOPLANTES HOWDEN HV-TURBO - pasch.es<\/title>\n<meta name=\"robots\" content=\"index, follow, max-snippet:-1, max-image-preview:large, max-video-preview:-1\" \/>\n<link rel=\"canonical\" href=\"https:\/\/pasch.es\/index.php\/soplantes-howden-hv-turbo\/\" \/>\n<meta property=\"og:locale\" content=\"en_US\" \/>\n<meta property=\"og:type\" content=\"article\" \/>\n<meta property=\"og:title\" content=\"SOPLANTES HOWDEN HV-TURBO - pasch.es\" \/>\n<meta property=\"og:description\" content=\"SOPLANTES HOWDEN HV-TURBO Compresores centr\u00edfugos para aplicaci\u00f3n en el sistema de aireaci\u00f3n del biol\u00f3gico tanto en plantas depuradores como en los sistemas de desulfuraci\u00f3n u otras aplicaciones industriales donde se requieran amplios caudales y una alta eficiencia frente a cambios en la demanda de caudal o en la temperatura de aspiraci\u00f3n. COMPRESORES MONO-ETAPA ENGRANADOS Serie\" \/>\n<meta property=\"og:url\" content=\"https:\/\/pasch.es\/index.php\/soplantes-howden-hv-turbo\/\" \/>\n<meta property=\"og:site_name\" content=\"pasch.es\" \/>\n<meta property=\"article:modified_time\" content=\"2025-10-10T11:53:03+00:00\" \/>\n<meta property=\"og:image\" content=\"https:\/\/brave-easley.5-175-45-209.plesk.page\/wp-content\/uploads\/2025\/10\/howden2-300x167.png\" \/>\n<meta name=\"twitter:card\" content=\"summary_large_image\" \/>\n<meta name=\"twitter:label1\" content=\"Est. reading time\" \/>\n\t<meta name=\"twitter:data1\" content=\"3 minutes\" \/>\n<script type=\"application\/ld+json\" class=\"yoast-schema-graph\">{\"@context\":\"https:\/\/schema.org\",\"@graph\":[{\"@type\":\"WebPage\",\"@id\":\"https:\/\/pasch.es\/index.php\/soplantes-howden-hv-turbo\/\",\"url\":\"https:\/\/pasch.es\/index.php\/soplantes-howden-hv-turbo\/\",\"name\":\"SOPLANTES HOWDEN HV-TURBO - pasch.es\",\"isPartOf\":{\"@id\":\"https:\/\/pasch.es\/#website\"},\"primaryImageOfPage\":{\"@id\":\"https:\/\/pasch.es\/index.php\/soplantes-howden-hv-turbo\/#primaryimage\"},\"image\":{\"@id\":\"https:\/\/pasch.es\/index.php\/soplantes-howden-hv-turbo\/#primaryimage\"},\"thumbnailUrl\":\"https:\/\/brave-easley.5-175-45-209.plesk.page\/wp-content\/uploads\/2025\/10\/howden2-300x167.png\",\"datePublished\":\"2025-10-10T11:34:06+00:00\",\"dateModified\":\"2025-10-10T11:53:03+00:00\",\"breadcrumb\":{\"@id\":\"https:\/\/pasch.es\/index.php\/soplantes-howden-hv-turbo\/#breadcrumb\"},\"inLanguage\":\"en-US\",\"potentialAction\":[{\"@type\":\"ReadAction\",\"target\":[\"https:\/\/pasch.es\/index.php\/soplantes-howden-hv-turbo\/\"]}]},{\"@type\":\"ImageObject\",\"inLanguage\":\"en-US\",\"@id\":\"https:\/\/pasch.es\/index.php\/soplantes-howden-hv-turbo\/#primaryimage\",\"url\":\"https:\/\/brave-easley.5-175-45-209.plesk.page\/wp-content\/uploads\/2025\/10\/howden2-300x167.png\",\"contentUrl\":\"https:\/\/brave-easley.5-175-45-209.plesk.page\/wp-content\/uploads\/2025\/10\/howden2-300x167.png\"},{\"@type\":\"BreadcrumbList\",\"@id\":\"https:\/\/pasch.es\/index.php\/soplantes-howden-hv-turbo\/#breadcrumb\",\"itemListElement\":[{\"@type\":\"ListItem\",\"position\":1,\"name\":\"Portada\",\"item\":\"https:\/\/pasch.es\/\"},{\"@type\":\"ListItem\",\"position\":2,\"name\":\"SOPLANTES HOWDEN HV-TURBO\"}]},{\"@type\":\"WebSite\",\"@id\":\"https:\/\/pasch.es\/#website\",\"url\":\"https:\/\/pasch.es\/\",\"name\":\"pasch.es\",\"description\":\"PASCH Y CIA\",\"publisher\":{\"@id\":\"https:\/\/pasch.es\/#organization\"},\"potentialAction\":[{\"@type\":\"SearchAction\",\"target\":{\"@type\":\"EntryPoint\",\"urlTemplate\":\"https:\/\/pasch.es\/?s={search_term_string}\"},\"query-input\":{\"@type\":\"PropertyValueSpecification\",\"valueRequired\":true,\"valueName\":\"search_term_string\"}}],\"inLanguage\":\"en-US\"},{\"@type\":\"Organization\",\"@id\":\"https:\/\/pasch.es\/#organization\",\"name\":\"pasch.es\",\"url\":\"https:\/\/pasch.es\/\",\"logo\":{\"@type\":\"ImageObject\",\"inLanguage\":\"en-US\",\"@id\":\"https:\/\/pasch.es\/#\/schema\/logo\/image\/\",\"url\":\"https:\/\/pasch.es\/wp-content\/uploads\/2025\/06\/PASCH-White.png\",\"contentUrl\":\"https:\/\/pasch.es\/wp-content\/uploads\/2025\/06\/PASCH-White.png\",\"width\":569,\"height\":147,\"caption\":\"pasch.es\"},\"image\":{\"@id\":\"https:\/\/pasch.es\/#\/schema\/logo\/image\/\"}}]}<\/script>\n<!-- \/ Yoast SEO plugin. -->","yoast_head_json":{"title":"SOPLANTES HOWDEN HV-TURBO - pasch.es","robots":{"index":"index","follow":"follow","max-snippet":"max-snippet:-1","max-image-preview":"max-image-preview:large","max-video-preview":"max-video-preview:-1"},"canonical":"https:\/\/pasch.es\/index.php\/soplantes-howden-hv-turbo\/","og_locale":"en_US","og_type":"article","og_title":"SOPLANTES HOWDEN HV-TURBO - pasch.es","og_description":"SOPLANTES HOWDEN HV-TURBO Compresores centr\u00edfugos para aplicaci\u00f3n en el sistema de aireaci\u00f3n del biol\u00f3gico tanto en plantas depuradores como en los sistemas de desulfuraci\u00f3n u otras aplicaciones industriales donde se requieran amplios caudales y una alta eficiencia frente a cambios en la demanda de caudal o en la temperatura de aspiraci\u00f3n. COMPRESORES MONO-ETAPA ENGRANADOS Serie","og_url":"https:\/\/pasch.es\/index.php\/soplantes-howden-hv-turbo\/","og_site_name":"pasch.es","article_modified_time":"2025-10-10T11:53:03+00:00","og_image":[{"url":"https:\/\/brave-easley.5-175-45-209.plesk.page\/wp-content\/uploads\/2025\/10\/howden2-300x167.png","type":"","width":"","height":""}],"twitter_card":"summary_large_image","twitter_misc":{"Est. reading time":"3 minutes"},"schema":{"@context":"https:\/\/schema.org","@graph":[{"@type":"WebPage","@id":"https:\/\/pasch.es\/index.php\/soplantes-howden-hv-turbo\/","url":"https:\/\/pasch.es\/index.php\/soplantes-howden-hv-turbo\/","name":"SOPLANTES HOWDEN HV-TURBO - pasch.es","isPartOf":{"@id":"https:\/\/pasch.es\/#website"},"primaryImageOfPage":{"@id":"https:\/\/pasch.es\/index.php\/soplantes-howden-hv-turbo\/#primaryimage"},"image":{"@id":"https:\/\/pasch.es\/index.php\/soplantes-howden-hv-turbo\/#primaryimage"},"thumbnailUrl":"https:\/\/brave-easley.5-175-45-209.plesk.page\/wp-content\/uploads\/2025\/10\/howden2-300x167.png","datePublished":"2025-10-10T11:34:06+00:00","dateModified":"2025-10-10T11:53:03+00:00","breadcrumb":{"@id":"https:\/\/pasch.es\/index.php\/soplantes-howden-hv-turbo\/#breadcrumb"},"inLanguage":"en-US","potentialAction":[{"@type":"ReadAction","target":["https:\/\/pasch.es\/index.php\/soplantes-howden-hv-turbo\/"]}]},{"@type":"ImageObject","inLanguage":"en-US","@id":"https:\/\/pasch.es\/index.php\/soplantes-howden-hv-turbo\/#primaryimage","url":"https:\/\/brave-easley.5-175-45-209.plesk.page\/wp-content\/uploads\/2025\/10\/howden2-300x167.png","contentUrl":"https:\/\/brave-easley.5-175-45-209.plesk.page\/wp-content\/uploads\/2025\/10\/howden2-300x167.png"},{"@type":"BreadcrumbList","@id":"https:\/\/pasch.es\/index.php\/soplantes-howden-hv-turbo\/#breadcrumb","itemListElement":[{"@type":"ListItem","position":1,"name":"Portada","item":"https:\/\/pasch.es\/"},{"@type":"ListItem","position":2,"name":"SOPLANTES HOWDEN HV-TURBO"}]},{"@type":"WebSite","@id":"https:\/\/pasch.es\/#website","url":"https:\/\/pasch.es\/","name":"pasch.es","description":"PASCH Y CIA","publisher":{"@id":"https:\/\/pasch.es\/#organization"},"potentialAction":[{"@type":"SearchAction","target":{"@type":"EntryPoint","urlTemplate":"https:\/\/pasch.es\/?s={search_term_string}"},"query-input":{"@type":"PropertyValueSpecification","valueRequired":true,"valueName":"search_term_string"}}],"inLanguage":"en-US"},{"@type":"Organization","@id":"https:\/\/pasch.es\/#organization","name":"pasch.es","url":"https:\/\/pasch.es\/","logo":{"@type":"ImageObject","inLanguage":"en-US","@id":"https:\/\/pasch.es\/#\/schema\/logo\/image\/","url":"https:\/\/pasch.es\/wp-content\/uploads\/2025\/06\/PASCH-White.png","contentUrl":"https:\/\/pasch.es\/wp-content\/uploads\/2025\/06\/PASCH-White.png","width":569,"height":147,"caption":"pasch.es"},"image":{"@id":"https:\/\/pasch.es\/#\/schema\/logo\/image\/"}}]}},"_links":{"self":[{"href":"https:\/\/pasch.es\/index.php\/wp-json\/wp\/v2\/pages\/8266","targetHints":{"allow":["GET"]}}],"collection":[{"href":"https:\/\/pasch.es\/index.php\/wp-json\/wp\/v2\/pages"}],"about":[{"href":"https:\/\/pasch.es\/index.php\/wp-json\/wp\/v2\/types\/page"}],"author":[{"embeddable":true,"href":"https:\/\/pasch.es\/index.php\/wp-json\/wp\/v2\/users\/1"}],"replies":[{"embeddable":true,"href":"https:\/\/pasch.es\/index.php\/wp-json\/wp\/v2\/comments?post=8266"}],"version-history":[{"count":10,"href":"https:\/\/pasch.es\/index.php\/wp-json\/wp\/v2\/pages\/8266\/revisions"}],"predecessor-version":[{"id":8393,"href":"https:\/\/pasch.es\/index.php\/wp-json\/wp\/v2\/pages\/8266\/revisions\/8393"}],"wp:attachment":[{"href":"https:\/\/pasch.es\/index.php\/wp-json\/wp\/v2\/media?parent=8266"}],"curies":[{"name":"wp","href":"https:\/\/api.w.org\/{rel}","templated":true}]}}