{"id":8540,"date":"2025-11-18T13:47:00","date_gmt":"2025-11-18T13:47:00","guid":{"rendered":"https:\/\/brave-easley.5-175-45-209.plesk.page\/?page_id=8540"},"modified":"2025-11-19T10:35:03","modified_gmt":"2025-11-19T10:35:03","slug":"acoplamientos","status":"publish","type":"page","link":"https:\/\/pasch.es\/index.php\/acoplamientos\/","title":{"rendered":"ACOPLAMIENTOS"},"content":{"rendered":"\t\t<div data-elementor-type=\"wp-page\" data-elementor-id=\"8540\" class=\"elementor elementor-8540\">\n\t\t\t\t<div class=\"elementor-element elementor-element-099773b e-flex e-con-boxed e-con e-parent\" data-id=\"099773b\" data-element_type=\"container\" data-e-type=\"container\">\n\t\t\t\t\t<div class=\"e-con-inner\">\n\t\t\t\t<div class=\"elementor-element elementor-element-90be0aa elementor-widget elementor-widget-image\" data-id=\"90be0aa\" data-element_type=\"widget\" data-e-type=\"widget\" data-widget_type=\"image.default\">\n\t\t\t\t<div class=\"elementor-widget-container\">\n\t\t\t\t\t\t\t\t\t\t\t\t\t\t\t<img fetchpriority=\"high\" decoding=\"async\" width=\"450\" height=\"250\" src=\"https:\/\/pasch.es\/wp-content\/uploads\/2025\/11\/Geislinger-Horizontal2.jpg\" class=\"attachment-full size-full wp-image-8662\" alt=\"\" srcset=\"https:\/\/pasch.es\/wp-content\/uploads\/2025\/11\/Geislinger-Horizontal2.jpg 450w, https:\/\/pasch.es\/wp-content\/uploads\/2025\/11\/Geislinger-Horizontal2-300x167.jpg 300w, https:\/\/pasch.es\/wp-content\/uploads\/2025\/11\/Geislinger-Horizontal2-350x195.jpg 350w\" sizes=\"(max-width: 450px) 100vw, 450px\" \/>\t\t\t\t\t\t\t\t\t\t\t\t\t\t\t<\/div>\n\t\t\t\t<\/div>\n\t\t\t\t\t<\/div>\n\t\t\t\t<\/div>\n\t\t<div class=\"elementor-element elementor-element-e936486 e-flex e-con-boxed e-con e-parent\" data-id=\"e936486\" data-element_type=\"container\" data-e-type=\"container\">\n\t\t\t\t\t<div class=\"e-con-inner\">\n\t\t\t\t<div class=\"elementor-element elementor-element-29dd5bd elementor-widget elementor-widget-heading\" data-id=\"29dd5bd\" data-element_type=\"widget\" data-e-type=\"widget\" data-widget_type=\"heading.default\">\n\t\t\t\t<div class=\"elementor-widget-container\">\n\t\t\t\t\t<h2 class=\"elementor-heading-title elementor-size-default\">L\u00cdDERES DEL MERCADO\n<\/h2>\t\t\t\t<\/div>\n\t\t\t\t<\/div>\n\t\t\t\t\t<\/div>\n\t\t\t\t<\/div>\n\t\t<div class=\"elementor-element elementor-element-6f21461 e-flex e-con-boxed e-con e-parent\" data-id=\"6f21461\" data-element_type=\"container\" data-e-type=\"container\">\n\t\t\t\t\t<div class=\"e-con-inner\">\n\t\t\t\t<div class=\"elementor-element elementor-element-eb8fb93 elementor-widget elementor-widget-text-editor\" data-id=\"eb8fb93\" data-element_type=\"widget\" data-e-type=\"widget\" data-widget_type=\"text-editor.default\">\n\t\t\t\t<div class=\"elementor-widget-container\">\n\t\t\t\t\t\t\t\t\t<p>Geislinger dise\u00f1a y fabrica acoplamientos el\u00e1sticos, tanto met\u00e1licos (en ba\u00f1o de aceite o grasa) como de fibra de carbono y elast\u00f3meros as\u00ed como amortiguadores de vibraciones torsionales.<\/p>\n<p>Cada producto se adapta individualmente para cumplir perfectamente los requisitos del sistema. Siguiendo su conocido slogan,\u00a0<em>Built to last<\/em>, los acoplamientos Geislinger apenas tienen gastos de mantenimiento y los intervalos de intervenci\u00f3n son muy prolongados.<\/p>\n<p>Los acoplamientos y amortiguadores Geislinger son conocidos por su durabilidad. Los estrictos criterios de calidad, tecnolog\u00edas de alta ingenier\u00eda y las \u00faltimas t\u00e9cnicas de medici\u00f3n en todo el proceso de producci\u00f3n garantizan que el producto final encaje con todos los requisitos espec\u00edficos hasta el m\u00e1s m\u00ednimo detalle.<br \/>Los altos est\u00e1ndares que Geislinger establece en s\u00ed son esenciales, ya que los amortiguadores y acoplamientos tienen que tener una alta resistencia.<\/p>\n\t\t\t\t\t\t\t\t<\/div>\n\t\t\t\t<\/div>\n\t\t\t\t\t<\/div>\n\t\t\t\t<\/div>\n\t\t<div class=\"elementor-element elementor-element-3a64afe e-flex e-con-boxed e-con e-parent\" data-id=\"3a64afe\" data-element_type=\"container\" data-e-type=\"container\">\n\t\t\t\t\t<div class=\"e-con-inner\">\n\t\t\t\t<div class=\"elementor-element elementor-element-5939ee8 elementor-widget elementor-widget-image\" data-id=\"5939ee8\" data-element_type=\"widget\" data-e-type=\"widget\" data-widget_type=\"image.default\">\n\t\t\t\t<div class=\"elementor-widget-container\">\n\t\t\t\t\t\t\t\t\t\t\t\t\t\t\t<img decoding=\"async\" width=\"450\" height=\"250\" src=\"https:\/\/pasch.es\/wp-content\/uploads\/2025\/11\/Geislinger2.jpg\" class=\"attachment-large size-large wp-image-8661\" alt=\"\" srcset=\"https:\/\/pasch.es\/wp-content\/uploads\/2025\/11\/Geislinger2.jpg 450w, https:\/\/pasch.es\/wp-content\/uploads\/2025\/11\/Geislinger2-300x167.jpg 300w, https:\/\/pasch.es\/wp-content\/uploads\/2025\/11\/Geislinger2-350x195.jpg 350w\" sizes=\"(max-width: 450px) 100vw, 450px\" \/>\t\t\t\t\t\t\t\t\t\t\t\t\t\t\t<\/div>\n\t\t\t\t<\/div>\n\t\t\t\t\t<\/div>\n\t\t\t\t<\/div>\n\t\t<div class=\"elementor-element elementor-element-fed26f4 e-flex e-con-boxed e-con e-parent\" data-id=\"fed26f4\" data-element_type=\"container\" data-e-type=\"container\">\n\t\t\t\t\t<div class=\"e-con-inner\">\n\t\t\t\t<div class=\"elementor-element elementor-element-e715c68 elementor-widget elementor-widget-heading\" data-id=\"e715c68\" data-element_type=\"widget\" data-e-type=\"widget\" data-widget_type=\"heading.default\">\n\t\t\t\t<div class=\"elementor-widget-container\">\n\t\t\t\t\t<h2 class=\"elementor-heading-title elementor-size-default\">FORMULARIO DE CONTACTO<\/h2>\t\t\t\t<\/div>\n\t\t\t\t<\/div>\n\t\t\t\t<div class=\"elementor-element elementor-element-b15cee7 elementor-widget elementor-widget-stm_contact_form_7\" data-id=\"b15cee7\" data-element_type=\"widget\" data-e-type=\"widget\" data-widget_type=\"stm_contact_form_7.default\">\n\t\t\t\t<div class=\"elementor-widget-container\">\n\t\t\t\t\t\n<div class=\"wpcf7 no-js\" id=\"wpcf7-f5-o1\" lang=\"es-ES\" dir=\"ltr\" data-wpcf7-id=\"5\">\n<div class=\"screen-reader-response\"><p role=\"status\" aria-live=\"polite\" aria-atomic=\"true\"><\/p> <ul><\/ul><\/div>\n<form action=\"\/index.php\/wp-json\/wp\/v2\/pages\/8540#wpcf7-f5-o1\" method=\"post\" class=\"wpcf7-form init\" aria-label=\"Formulario de contacto\" novalidate=\"novalidate\" data-status=\"init\">\n<fieldset class=\"hidden-fields-container\"><input type=\"hidden\" name=\"_wpcf7\" value=\"5\" \/><input type=\"hidden\" name=\"_wpcf7_version\" value=\"6.1.5\" \/><input type=\"hidden\" name=\"_wpcf7_locale\" value=\"es_ES\" \/><input type=\"hidden\" name=\"_wpcf7_unit_tag\" value=\"wpcf7-f5-o1\" \/><input type=\"hidden\" name=\"_wpcf7_container_post\" value=\"0\" \/><input type=\"hidden\" name=\"_wpcf7_posted_data_hash\" value=\"\" \/>\n<\/fieldset>\n<label> Tu nombre\n    <span class=\"wpcf7-form-control-wrap\" data-name=\"your-name\"><input size=\"40\" maxlength=\"400\" class=\"wpcf7-form-control wpcf7-text wpcf7-validates-as-required\" autocomplete=\"name\" aria-required=\"true\" aria-invalid=\"false\" value=\"\" type=\"text\" name=\"your-name\" \/><\/span> <\/label>\n\n<label> Tu correo electr\u00f3nico\n    <span class=\"wpcf7-form-control-wrap\" data-name=\"your-email\"><input size=\"40\" maxlength=\"400\" class=\"wpcf7-form-control wpcf7-email wpcf7-validates-as-required wpcf7-text wpcf7-validates-as-email\" autocomplete=\"email\" aria-required=\"true\" aria-invalid=\"false\" value=\"\" type=\"email\" name=\"your-email\" \/><\/span> <\/label>\n\n<label> Asunto\n    <span class=\"wpcf7-form-control-wrap\" data-name=\"your-subject\"><input size=\"40\" maxlength=\"400\" class=\"wpcf7-form-control wpcf7-text wpcf7-validates-as-required\" aria-required=\"true\" aria-invalid=\"false\" value=\"\" type=\"text\" name=\"your-subject\" \/><\/span> <\/label>\n\n<label> Tu mensaje (opcional)\n    <span class=\"wpcf7-form-control-wrap\" data-name=\"your-message\"><textarea cols=\"40\" rows=\"10\" maxlength=\"2000\" class=\"wpcf7-form-control wpcf7-textarea\" aria-invalid=\"false\" name=\"your-message\"><\/textarea><\/span> <\/label>\n\n<input class=\"wpcf7-form-control wpcf7-submit has-spinner\" type=\"submit\" value=\"Enviar\" \/><div class=\"wpcf7-response-output\" aria-hidden=\"true\"><\/div>\n<\/form>\n<\/div>\n\t\t\t\t\t\t<\/div>\n\t\t\t\t<\/div>\n\t\t\t\t\t<\/div>\n\t\t\t\t<\/div>\n\t\t\t\t<\/div>\n\t\t","protected":false},"excerpt":{"rendered":"<p>L\u00cdDERES DEL MERCADO Geislinger dise\u00f1a y fabrica acoplamientos el\u00e1sticos, tanto met\u00e1licos (en ba\u00f1o de aceite o grasa) como de fibra de carbono y elast\u00f3meros as\u00ed como amortiguadores de vibraciones torsionales. Cada producto se adapta individualmente para cumplir perfectamente los requisitos del sistema. Siguiendo su conocido slogan,\u00a0Built to last, los acoplamientos Geislinger apenas tienen gastos de<\/p>\n","protected":false},"author":1,"featured_media":0,"parent":0,"menu_order":0,"comment_status":"closed","ping_status":"closed","template":"","meta":{"footnotes":""},"class_list":["post-8540","page","type-page","status-publish","hentry"],"yoast_head":"<!-- This site is optimized with the Yoast SEO plugin v27.4 - https:\/\/yoast.com\/product\/yoast-seo-wordpress\/ -->\n<title>ACOPLAMIENTOS - pasch.es<\/title>\n<meta name=\"robots\" content=\"index, follow, max-snippet:-1, max-image-preview:large, max-video-preview:-1\" \/>\n<link rel=\"canonical\" href=\"https:\/\/pasch.es\/index.php\/acoplamientos\/\" \/>\n<meta property=\"og:locale\" content=\"en_US\" \/>\n<meta property=\"og:type\" content=\"article\" \/>\n<meta property=\"og:title\" content=\"ACOPLAMIENTOS - pasch.es\" \/>\n<meta property=\"og:description\" content=\"L\u00cdDERES DEL MERCADO Geislinger dise\u00f1a y fabrica acoplamientos el\u00e1sticos, tanto met\u00e1licos (en ba\u00f1o de aceite o grasa) como de fibra de carbono y elast\u00f3meros as\u00ed como amortiguadores de vibraciones torsionales. Cada producto se adapta individualmente para cumplir perfectamente los requisitos del sistema. Siguiendo su conocido slogan,\u00a0Built to last, los acoplamientos Geislinger apenas tienen gastos de\" \/>\n<meta property=\"og:url\" content=\"https:\/\/pasch.es\/index.php\/acoplamientos\/\" \/>\n<meta property=\"og:site_name\" content=\"pasch.es\" \/>\n<meta property=\"article:modified_time\" content=\"2025-11-19T10:35:03+00:00\" \/>\n<meta property=\"og:image\" content=\"https:\/\/brave-easley.5-175-45-209.plesk.page\/wp-content\/uploads\/2025\/11\/Geislinger-Horizontal2.jpg\" \/>\n<meta name=\"twitter:card\" content=\"summary_large_image\" \/>\n<meta name=\"twitter:label1\" content=\"Est. reading time\" \/>\n\t<meta name=\"twitter:data1\" content=\"2 minutes\" \/>\n<script type=\"application\/ld+json\" class=\"yoast-schema-graph\">{\"@context\":\"https:\\\/\\\/schema.org\",\"@graph\":[{\"@type\":\"WebPage\",\"@id\":\"https:\\\/\\\/pasch.es\\\/index.php\\\/acoplamientos\\\/\",\"url\":\"https:\\\/\\\/pasch.es\\\/index.php\\\/acoplamientos\\\/\",\"name\":\"ACOPLAMIENTOS - pasch.es\",\"isPartOf\":{\"@id\":\"https:\\\/\\\/pasch.es\\\/#website\"},\"primaryImageOfPage\":{\"@id\":\"https:\\\/\\\/pasch.es\\\/index.php\\\/acoplamientos\\\/#primaryimage\"},\"image\":{\"@id\":\"https:\\\/\\\/pasch.es\\\/index.php\\\/acoplamientos\\\/#primaryimage\"},\"thumbnailUrl\":\"https:\\\/\\\/brave-easley.5-175-45-209.plesk.page\\\/wp-content\\\/uploads\\\/2025\\\/11\\\/Geislinger-Horizontal2.jpg\",\"datePublished\":\"2025-11-18T13:47:00+00:00\",\"dateModified\":\"2025-11-19T10:35:03+00:00\",\"breadcrumb\":{\"@id\":\"https:\\\/\\\/pasch.es\\\/index.php\\\/acoplamientos\\\/#breadcrumb\"},\"inLanguage\":\"en-US\",\"potentialAction\":[{\"@type\":\"ReadAction\",\"target\":[\"https:\\\/\\\/pasch.es\\\/index.php\\\/acoplamientos\\\/\"]}]},{\"@type\":\"ImageObject\",\"inLanguage\":\"en-US\",\"@id\":\"https:\\\/\\\/pasch.es\\\/index.php\\\/acoplamientos\\\/#primaryimage\",\"url\":\"https:\\\/\\\/brave-easley.5-175-45-209.plesk.page\\\/wp-content\\\/uploads\\\/2025\\\/11\\\/Geislinger-Horizontal2.jpg\",\"contentUrl\":\"https:\\\/\\\/brave-easley.5-175-45-209.plesk.page\\\/wp-content\\\/uploads\\\/2025\\\/11\\\/Geislinger-Horizontal2.jpg\"},{\"@type\":\"BreadcrumbList\",\"@id\":\"https:\\\/\\\/pasch.es\\\/index.php\\\/acoplamientos\\\/#breadcrumb\",\"itemListElement\":[{\"@type\":\"ListItem\",\"position\":1,\"name\":\"Portada\",\"item\":\"https:\\\/\\\/pasch.es\\\/\"},{\"@type\":\"ListItem\",\"position\":2,\"name\":\"ACOPLAMIENTOS\"}]},{\"@type\":\"WebSite\",\"@id\":\"https:\\\/\\\/pasch.es\\\/#website\",\"url\":\"https:\\\/\\\/pasch.es\\\/\",\"name\":\"pasch.es\",\"description\":\"PASCH Y CIA\",\"publisher\":{\"@id\":\"https:\\\/\\\/pasch.es\\\/#organization\"},\"potentialAction\":[{\"@type\":\"SearchAction\",\"target\":{\"@type\":\"EntryPoint\",\"urlTemplate\":\"https:\\\/\\\/pasch.es\\\/?s={search_term_string}\"},\"query-input\":{\"@type\":\"PropertyValueSpecification\",\"valueRequired\":true,\"valueName\":\"search_term_string\"}}],\"inLanguage\":\"en-US\"},{\"@type\":\"Organization\",\"@id\":\"https:\\\/\\\/pasch.es\\\/#organization\",\"name\":\"pasch.es\",\"url\":\"https:\\\/\\\/pasch.es\\\/\",\"logo\":{\"@type\":\"ImageObject\",\"inLanguage\":\"en-US\",\"@id\":\"https:\\\/\\\/pasch.es\\\/#\\\/schema\\\/logo\\\/image\\\/\",\"url\":\"https:\\\/\\\/pasch.es\\\/wp-content\\\/uploads\\\/2025\\\/06\\\/PASCH-White.png\",\"contentUrl\":\"https:\\\/\\\/pasch.es\\\/wp-content\\\/uploads\\\/2025\\\/06\\\/PASCH-White.png\",\"width\":569,\"height\":147,\"caption\":\"pasch.es\"},\"image\":{\"@id\":\"https:\\\/\\\/pasch.es\\\/#\\\/schema\\\/logo\\\/image\\\/\"}}]}<\/script>\n<!-- \/ Yoast SEO plugin. -->","yoast_head_json":{"title":"ACOPLAMIENTOS - pasch.es","robots":{"index":"index","follow":"follow","max-snippet":"max-snippet:-1","max-image-preview":"max-image-preview:large","max-video-preview":"max-video-preview:-1"},"canonical":"https:\/\/pasch.es\/index.php\/acoplamientos\/","og_locale":"en_US","og_type":"article","og_title":"ACOPLAMIENTOS - pasch.es","og_description":"L\u00cdDERES DEL MERCADO Geislinger dise\u00f1a y fabrica acoplamientos el\u00e1sticos, tanto met\u00e1licos (en ba\u00f1o de aceite o grasa) como de fibra de carbono y elast\u00f3meros as\u00ed como amortiguadores de vibraciones torsionales. Cada producto se adapta individualmente para cumplir perfectamente los requisitos del sistema. Siguiendo su conocido slogan,\u00a0Built to last, los acoplamientos Geislinger apenas tienen gastos de","og_url":"https:\/\/pasch.es\/index.php\/acoplamientos\/","og_site_name":"pasch.es","article_modified_time":"2025-11-19T10:35:03+00:00","og_image":[{"url":"https:\/\/brave-easley.5-175-45-209.plesk.page\/wp-content\/uploads\/2025\/11\/Geislinger-Horizontal2.jpg","type":"","width":"","height":""}],"twitter_card":"summary_large_image","twitter_misc":{"Est. reading time":"2 minutes"},"schema":{"@context":"https:\/\/schema.org","@graph":[{"@type":"WebPage","@id":"https:\/\/pasch.es\/index.php\/acoplamientos\/","url":"https:\/\/pasch.es\/index.php\/acoplamientos\/","name":"ACOPLAMIENTOS - pasch.es","isPartOf":{"@id":"https:\/\/pasch.es\/#website"},"primaryImageOfPage":{"@id":"https:\/\/pasch.es\/index.php\/acoplamientos\/#primaryimage"},"image":{"@id":"https:\/\/pasch.es\/index.php\/acoplamientos\/#primaryimage"},"thumbnailUrl":"https:\/\/brave-easley.5-175-45-209.plesk.page\/wp-content\/uploads\/2025\/11\/Geislinger-Horizontal2.jpg","datePublished":"2025-11-18T13:47:00+00:00","dateModified":"2025-11-19T10:35:03+00:00","breadcrumb":{"@id":"https:\/\/pasch.es\/index.php\/acoplamientos\/#breadcrumb"},"inLanguage":"en-US","potentialAction":[{"@type":"ReadAction","target":["https:\/\/pasch.es\/index.php\/acoplamientos\/"]}]},{"@type":"ImageObject","inLanguage":"en-US","@id":"https:\/\/pasch.es\/index.php\/acoplamientos\/#primaryimage","url":"https:\/\/brave-easley.5-175-45-209.plesk.page\/wp-content\/uploads\/2025\/11\/Geislinger-Horizontal2.jpg","contentUrl":"https:\/\/brave-easley.5-175-45-209.plesk.page\/wp-content\/uploads\/2025\/11\/Geislinger-Horizontal2.jpg"},{"@type":"BreadcrumbList","@id":"https:\/\/pasch.es\/index.php\/acoplamientos\/#breadcrumb","itemListElement":[{"@type":"ListItem","position":1,"name":"Portada","item":"https:\/\/pasch.es\/"},{"@type":"ListItem","position":2,"name":"ACOPLAMIENTOS"}]},{"@type":"WebSite","@id":"https:\/\/pasch.es\/#website","url":"https:\/\/pasch.es\/","name":"pasch.es","description":"PASCH Y CIA","publisher":{"@id":"https:\/\/pasch.es\/#organization"},"potentialAction":[{"@type":"SearchAction","target":{"@type":"EntryPoint","urlTemplate":"https:\/\/pasch.es\/?s={search_term_string}"},"query-input":{"@type":"PropertyValueSpecification","valueRequired":true,"valueName":"search_term_string"}}],"inLanguage":"en-US"},{"@type":"Organization","@id":"https:\/\/pasch.es\/#organization","name":"pasch.es","url":"https:\/\/pasch.es\/","logo":{"@type":"ImageObject","inLanguage":"en-US","@id":"https:\/\/pasch.es\/#\/schema\/logo\/image\/","url":"https:\/\/pasch.es\/wp-content\/uploads\/2025\/06\/PASCH-White.png","contentUrl":"https:\/\/pasch.es\/wp-content\/uploads\/2025\/06\/PASCH-White.png","width":569,"height":147,"caption":"pasch.es"},"image":{"@id":"https:\/\/pasch.es\/#\/schema\/logo\/image\/"}}]}},"_links":{"self":[{"href":"https:\/\/pasch.es\/index.php\/wp-json\/wp\/v2\/pages\/8540","targetHints":{"allow":["GET"]}}],"collection":[{"href":"https:\/\/pasch.es\/index.php\/wp-json\/wp\/v2\/pages"}],"about":[{"href":"https:\/\/pasch.es\/index.php\/wp-json\/wp\/v2\/types\/page"}],"author":[{"embeddable":true,"href":"https:\/\/pasch.es\/index.php\/wp-json\/wp\/v2\/users\/1"}],"replies":[{"embeddable":true,"href":"https:\/\/pasch.es\/index.php\/wp-json\/wp\/v2\/comments?post=8540"}],"version-history":[{"count":6,"href":"https:\/\/pasch.es\/index.php\/wp-json\/wp\/v2\/pages\/8540\/revisions"}],"predecessor-version":[{"id":8665,"href":"https:\/\/pasch.es\/index.php\/wp-json\/wp\/v2\/pages\/8540\/revisions\/8665"}],"wp:attachment":[{"href":"https:\/\/pasch.es\/index.php\/wp-json\/wp\/v2\/media?parent=8540"}],"curies":[{"name":"wp","href":"https:\/\/api.w.org\/{rel}","templated":true}]}}