{"id":8555,"date":"2025-11-18T13:47:34","date_gmt":"2025-11-18T13:47:34","guid":{"rendered":"https:\/\/brave-easley.5-175-45-209.plesk.page\/?page_id=8555"},"modified":"2026-03-11T13:39:56","modified_gmt":"2026-03-11T13:39:56","slug":"zipwake","status":"publish","type":"page","link":"https:\/\/pasch.es\/index.php\/zipwake\/","title":{"rendered":"ZIPWAKE"},"content":{"rendered":"\t\t<div data-elementor-type=\"wp-page\" data-elementor-id=\"8555\" class=\"elementor elementor-8555\">\n\t\t\t\t<div class=\"elementor-element elementor-element-fc90a0c e-flex e-con-boxed e-con e-parent\" data-id=\"fc90a0c\" data-element_type=\"container\" data-e-type=\"container\">\n\t\t\t\t\t<div class=\"e-con-inner\">\n\t\t\t\t<div class=\"elementor-element elementor-element-90be0aa elementor-widget elementor-widget-image\" data-id=\"90be0aa\" data-element_type=\"widget\" data-e-type=\"widget\" data-widget_type=\"image.default\">\n\t\t\t\t<div class=\"elementor-widget-container\">\n\t\t\t\t\t\t\t\t\t\t\t\t\t\t\t<img fetchpriority=\"high\" decoding=\"async\" width=\"485\" height=\"104\" src=\"https:\/\/pasch.es\/wp-content\/uploads\/2025\/11\/images.jpeg\" class=\"attachment-full size-full wp-image-8712\" alt=\"\" srcset=\"https:\/\/pasch.es\/wp-content\/uploads\/2025\/11\/images.jpeg 485w, https:\/\/pasch.es\/wp-content\/uploads\/2025\/11\/images-300x64.jpeg 300w\" sizes=\"(max-width: 485px) 100vw, 485px\" \/>\t\t\t\t\t\t\t\t\t\t\t\t\t\t\t<\/div>\n\t\t\t\t<\/div>\n\t\t\t\t\t<\/div>\n\t\t\t\t<\/div>\n\t\t<div class=\"elementor-element elementor-element-defce09 e-grid e-con-boxed e-con e-parent\" data-id=\"defce09\" data-element_type=\"container\" data-e-type=\"container\">\n\t\t\t\t\t<div class=\"e-con-inner\">\n\t\t\t\t<div class=\"elementor-element elementor-element-46404c7 elementor-widget elementor-widget-text-editor\" data-id=\"46404c7\" data-element_type=\"widget\" data-e-type=\"widget\" data-widget_type=\"text-editor.default\">\n\t\t\t\t<div class=\"elementor-widget-container\">\n\t\t\t\t\t\t\t\t\t<h4>\u00bfC\u00d3MO FUNCIONA ZIPWAKE?<\/h4>\n<p>Descubra c\u00f3mo el sistema de control din\u00e1mico de trimado Zipwake elimina autom\u00e1ticamente el cabeceo y el balanceo para ofrecer una navegaci\u00f3n m\u00e1s segura y un mayor ahorro de combustible.<\/p>\n<p>Zipwake es el primer sistema de control din\u00e1mico asequible que act\u00faa sobre los tres ejes de movimiento del barco durante la navegaci\u00f3n.<\/p>\n<p>Gracias a la actuaci\u00f3n del sistema de interceptores se contrarrestan r\u00e1pida y efectivamente las fuerzas que afectan a la estabilidad del barco en velocidades de planeo y semiplaneo.<\/p>\n\t\t\t\t\t\t\t\t<\/div>\n\t\t\t\t<\/div>\n\t\t\t\t<div class=\"elementor-element elementor-element-c1eaf0a elementor-widget elementor-widget-video\" data-id=\"c1eaf0a\" data-element_type=\"widget\" data-e-type=\"widget\" data-settings=\"{&quot;youtube_url&quot;:&quot;https:\\\/\\\/youtu.be\\\/QV5N9TrJEVw&quot;,&quot;video_type&quot;:&quot;youtube&quot;,&quot;controls&quot;:&quot;yes&quot;}\" data-widget_type=\"video.default\">\n\t\t\t\t<div class=\"elementor-widget-container\">\n\t\t\t\t\t\t\t<div class=\"elementor-wrapper elementor-open-inline\">\n\t\t\t<div class=\"elementor-video\"><\/div>\t\t<\/div>\n\t\t\t\t\t\t<\/div>\n\t\t\t\t<\/div>\n\t\t\t\t\t<\/div>\n\t\t\t\t<\/div>\n\t\t<div class=\"elementor-element elementor-element-3f0fd89 e-flex e-con-boxed e-con e-parent\" data-id=\"3f0fd89\" data-element_type=\"container\" data-e-type=\"container\">\n\t\t\t\t\t<div class=\"e-con-inner\">\n\t\t<div class=\"elementor-element elementor-element-ff06ae3 e-con-full e-flex e-con e-child\" data-id=\"ff06ae3\" data-element_type=\"container\" data-e-type=\"container\">\n\t\t\t\t<div class=\"elementor-element elementor-element-8627989 elementor-widget elementor-widget-heading\" data-id=\"8627989\" data-element_type=\"widget\" data-e-type=\"widget\" data-widget_type=\"heading.default\">\n\t\t\t\t<div class=\"elementor-widget-container\">\n\t\t\t\t\t<h4 class=\"elementor-heading-title elementor-size-default\">SERIE S - Hasta 50 pies de eslora<\/h4>\t\t\t\t<\/div>\n\t\t\t\t<\/div>\n\t\t\t\t<div class=\"elementor-element elementor-element-10d46d5 elementor-widget elementor-widget-image\" data-id=\"10d46d5\" data-element_type=\"widget\" data-e-type=\"widget\" data-widget_type=\"image.default\">\n\t\t\t\t<div class=\"elementor-widget-container\">\n\t\t\t\t\t\t\t\t\t\t\t\t\t\t\t<img decoding=\"async\" src=\"https:\/\/pasch.es\/wp-content\/uploads\/elementor\/thumbs\/zipwake-dynamic-trim-control-system-kb-s-1-rf813l5zqr88se01n49779z7qo7cqp7zxdhd9but9g.webp\" title=\"zipwake-dynamic-trim-control-system-kb-s-1\" alt=\"zipwake-dynamic-trim-control-system-kb-s-1\" loading=\"lazy\" \/>\t\t\t\t\t\t\t\t\t\t\t\t\t\t\t<\/div>\n\t\t\t\t<\/div>\n\t\t\t\t<div class=\"elementor-element elementor-element-5b5c684 elementor-align-center elementor-widget elementor-widget-button\" data-id=\"5b5c684\" data-element_type=\"widget\" data-e-type=\"widget\" data-widget_type=\"button.default\">\n\t\t\t\t<div class=\"elementor-widget-container\">\n\t\t\t\t\t\t\t\t\t<div class=\"elementor-button-wrapper icon_align_  \">\n\t\t\t\t\t<a class=\"elementor-button elementor-button-link elementor-size-sm\" href=\"https:\/\/pasch.es\/index.php\/zipwake-serie-s\/\">\n\t\t\t\t\t\t<span class=\"elementor-button-content-wrapper\">\n\t\t\t\t\t\t\t\t\t<span class=\"elementor-button-text\">Descubre la SERIE S<\/span>\n\t\t\t\t\t<\/span>\n\t\t\t\t\t<\/a>\n\t\t\t\t<\/div>\n\t\t\t\t\t\t\t\t<\/div>\n\t\t\t\t<\/div>\n\t\t\t\t<\/div>\n\t\t<div class=\"elementor-element elementor-element-09c66b9 e-con-full e-flex e-con e-child\" data-id=\"09c66b9\" data-element_type=\"container\" data-e-type=\"container\">\n\t\t\t\t<div class=\"elementor-element elementor-element-aa24981 elementor-widget elementor-widget-heading\" data-id=\"aa24981\" data-element_type=\"widget\" data-e-type=\"widget\" data-widget_type=\"heading.default\">\n\t\t\t\t<div class=\"elementor-widget-container\">\n\t\t\t\t\t<h4 class=\"elementor-heading-title elementor-size-default\">SERIE E - Hasta 100 pies de eslora<\/h4>\t\t\t\t<\/div>\n\t\t\t\t<\/div>\n\t\t\t\t<div class=\"elementor-element elementor-element-37fe498 elementor-widget elementor-widget-image\" data-id=\"37fe498\" data-element_type=\"widget\" data-e-type=\"widget\" data-widget_type=\"image.default\">\n\t\t\t\t<div class=\"elementor-widget-container\">\n\t\t\t\t\t\t\t\t\t\t\t\t\t\t\t<img decoding=\"async\" src=\"https:\/\/pasch.es\/wp-content\/uploads\/elementor\/thumbs\/zipwake-dynamic-trim-control-system-kb-e-rf813n1o4fatflxbc52gc9i4xfy363fglmsc7vs0x0.webp\" title=\"zipwake-dynamic-trim-control-system-kb-e\" alt=\"zipwake-dynamic-trim-control-system-kb-e\" loading=\"lazy\" \/>\t\t\t\t\t\t\t\t\t\t\t\t\t\t\t<\/div>\n\t\t\t\t<\/div>\n\t\t\t\t<div class=\"elementor-element elementor-element-04c9367 elementor-align-center elementor-widget elementor-widget-button\" data-id=\"04c9367\" data-element_type=\"widget\" data-e-type=\"widget\" data-widget_type=\"button.default\">\n\t\t\t\t<div class=\"elementor-widget-container\">\n\t\t\t\t\t\t\t\t\t<div class=\"elementor-button-wrapper icon_align_  \">\n\t\t\t\t\t<a class=\"elementor-button elementor-button-link elementor-size-sm\" href=\"https:\/\/pasch.es\/index.php\/zipwake-serie-e\/\">\n\t\t\t\t\t\t<span class=\"elementor-button-content-wrapper\">\n\t\t\t\t\t\t\t\t\t<span class=\"elementor-button-text\">Descubre la SERIE E<\/span>\n\t\t\t\t\t<\/span>\n\t\t\t\t\t<\/a>\n\t\t\t\t<\/div>\n\t\t\t\t\t\t\t\t<\/div>\n\t\t\t\t<\/div>\n\t\t\t\t<\/div>\n\t\t<div class=\"elementor-element elementor-element-4a3e317 e-con-full e-flex e-con e-child\" data-id=\"4a3e317\" data-element_type=\"container\" data-e-type=\"container\">\n\t\t\t\t<div class=\"elementor-element elementor-element-ccc1b56 elementor-widget elementor-widget-heading\" data-id=\"ccc1b56\" data-element_type=\"widget\" data-e-type=\"widget\" data-widget_type=\"heading.default\">\n\t\t\t\t<div class=\"elementor-widget-container\">\n\t\t\t\t\t<h4 class=\"elementor-heading-title elementor-size-default\">ZIPWAKE PRO - M\u00e1ximo rendimiento<\/h4>\t\t\t\t<\/div>\n\t\t\t\t<\/div>\n\t\t\t\t<div class=\"elementor-element elementor-element-a5b9627 elementor-widget elementor-widget-image\" data-id=\"a5b9627\" data-element_type=\"widget\" data-e-type=\"widget\" data-widget_type=\"image.default\">\n\t\t\t\t<div class=\"elementor-widget-container\">\n\t\t\t\t\t\t\t\t\t\t\t\t\t\t\t<img decoding=\"async\" src=\"https:\/\/pasch.es\/wp-content\/uploads\/elementor\/thumbs\/zipwake-pro-kitbox-rf813ggssl1t6c6vek82ct5wrquio7pc8q7xuy1s4k.png\" title=\"zipwake-pro-kitbox\" alt=\"zipwake-pro-kitbox\" loading=\"lazy\" \/>\t\t\t\t\t\t\t\t\t\t\t\t\t\t\t<\/div>\n\t\t\t\t<\/div>\n\t\t\t\t<div class=\"elementor-element elementor-element-39de58c elementor-align-center elementor-widget elementor-widget-button\" data-id=\"39de58c\" data-element_type=\"widget\" data-e-type=\"widget\" data-widget_type=\"button.default\">\n\t\t\t\t<div class=\"elementor-widget-container\">\n\t\t\t\t\t\t\t\t\t<div class=\"elementor-button-wrapper icon_align_  \">\n\t\t\t\t\t<a class=\"elementor-button elementor-button-link elementor-size-sm\" href=\"https:\/\/pasch.es\/index.php\/zipwake-pro\/\">\n\t\t\t\t\t\t<span class=\"elementor-button-content-wrapper\">\n\t\t\t\t\t\t\t\t\t<span class=\"elementor-button-text\">Descubre ZIPWAKE PRO<\/span>\n\t\t\t\t\t<\/span>\n\t\t\t\t\t<\/a>\n\t\t\t\t<\/div>\n\t\t\t\t\t\t\t\t<\/div>\n\t\t\t\t<\/div>\n\t\t\t\t<\/div>\n\t\t\t\t\t<\/div>\n\t\t\t\t<\/div>\n\t\t<div class=\"elementor-element elementor-element-4665a04 e-flex e-con-boxed e-con e-parent\" data-id=\"4665a04\" data-element_type=\"container\" data-e-type=\"container\">\n\t\t\t\t\t<div class=\"e-con-inner\">\n\t\t\t\t<div class=\"elementor-element elementor-element-ee64052 elementor-widget elementor-widget-video\" data-id=\"ee64052\" data-element_type=\"widget\" data-e-type=\"widget\" data-settings=\"{&quot;video_type&quot;:&quot;hosted&quot;,&quot;autoplay&quot;:&quot;yes&quot;,&quot;play_on_mobile&quot;:&quot;yes&quot;,&quot;mute&quot;:&quot;yes&quot;,&quot;loop&quot;:&quot;yes&quot;,&quot;controls&quot;:&quot;yes&quot;}\" data-widget_type=\"video.default\">\n\t\t\t\t<div class=\"elementor-widget-container\">\n\t\t\t\t\t\t\t<div class=\"e-hosted-video elementor-wrapper elementor-open-inline\">\n\t\t\t\t\t<video class=\"elementor-video\" src=\"https:\/\/brave-easley.5-175-45-209.plesk.page\/wp-content\/uploads\/2025\/11\/VIDEO-PORTADA.mp4\" autoplay=\"\" loop=\"\" controls=\"\" muted=\"muted\" playsinline=\"\" controlsList=\"nodownload\"><\/video>\n\t\t\t\t<\/div>\n\t\t\t\t\t\t<\/div>\n\t\t\t\t<\/div>\n\t\t\t\t\t<\/div>\n\t\t\t\t<\/div>\n\t\t\t\t<\/div>\n\t\t","protected":false},"excerpt":{"rendered":"<p>\u00bfC\u00d3MO FUNCIONA ZIPWAKE? Descubra c\u00f3mo el sistema de control din\u00e1mico de trimado Zipwake elimina autom\u00e1ticamente el cabeceo y el balanceo para ofrecer una navegaci\u00f3n m\u00e1s segura y un mayor ahorro de combustible. Zipwake es el primer sistema de control din\u00e1mico asequible que act\u00faa sobre los tres ejes de movimiento del barco durante la navegaci\u00f3n. Gracias<\/p>\n","protected":false},"author":1,"featured_media":0,"parent":0,"menu_order":0,"comment_status":"closed","ping_status":"closed","template":"","meta":{"footnotes":""},"class_list":["post-8555","page","type-page","status-publish","hentry"],"yoast_head":"<!-- This site is optimized with the Yoast SEO plugin v27.1.1 - https:\/\/yoast.com\/product\/yoast-seo-wordpress\/ -->\n<title>ZIPWAKE - pasch.es<\/title>\n<meta name=\"robots\" content=\"index, follow, max-snippet:-1, max-image-preview:large, max-video-preview:-1\" \/>\n<link rel=\"canonical\" href=\"https:\/\/pasch.es\/index.php\/zipwake\/\" \/>\n<meta property=\"og:locale\" content=\"en_US\" \/>\n<meta property=\"og:type\" content=\"article\" \/>\n<meta property=\"og:title\" content=\"ZIPWAKE - pasch.es\" \/>\n<meta property=\"og:description\" content=\"\u00bfC\u00d3MO FUNCIONA ZIPWAKE? Descubra c\u00f3mo el sistema de control din\u00e1mico de trimado Zipwake elimina autom\u00e1ticamente el cabeceo y el balanceo para ofrecer una navegaci\u00f3n m\u00e1s segura y un mayor ahorro de combustible. Zipwake es el primer sistema de control din\u00e1mico asequible que act\u00faa sobre los tres ejes de movimiento del barco durante la navegaci\u00f3n. Gracias\" \/>\n<meta property=\"og:url\" content=\"https:\/\/pasch.es\/index.php\/zipwake\/\" \/>\n<meta property=\"og:site_name\" content=\"pasch.es\" \/>\n<meta property=\"article:modified_time\" content=\"2026-03-11T13:39:56+00:00\" \/>\n<meta property=\"og:image\" content=\"https:\/\/pasch.es\/wp-content\/uploads\/2025\/11\/images.jpeg\" \/>\n\t<meta property=\"og:image:width\" content=\"485\" \/>\n\t<meta property=\"og:image:height\" content=\"104\" \/>\n\t<meta property=\"og:image:type\" content=\"image\/jpeg\" \/>\n<meta name=\"twitter:card\" content=\"summary_large_image\" \/>\n<meta name=\"twitter:label1\" content=\"Est. reading time\" \/>\n\t<meta name=\"twitter:data1\" content=\"2 minutes\" \/>\n<script type=\"application\/ld+json\" class=\"yoast-schema-graph\">{\"@context\":\"https:\/\/schema.org\",\"@graph\":[{\"@type\":\"WebPage\",\"@id\":\"https:\/\/pasch.es\/index.php\/zipwake\/\",\"url\":\"https:\/\/pasch.es\/index.php\/zipwake\/\",\"name\":\"ZIPWAKE - pasch.es\",\"isPartOf\":{\"@id\":\"https:\/\/pasch.es\/#website\"},\"primaryImageOfPage\":{\"@id\":\"https:\/\/pasch.es\/index.php\/zipwake\/#primaryimage\"},\"image\":{\"@id\":\"https:\/\/pasch.es\/index.php\/zipwake\/#primaryimage\"},\"thumbnailUrl\":\"https:\/\/pasch.es\/wp-content\/uploads\/2025\/11\/images.jpeg\",\"datePublished\":\"2025-11-18T13:47:34+00:00\",\"dateModified\":\"2026-03-11T13:39:56+00:00\",\"breadcrumb\":{\"@id\":\"https:\/\/pasch.es\/index.php\/zipwake\/#breadcrumb\"},\"inLanguage\":\"en-US\",\"potentialAction\":[{\"@type\":\"ReadAction\",\"target\":[\"https:\/\/pasch.es\/index.php\/zipwake\/\"]}]},{\"@type\":\"ImageObject\",\"inLanguage\":\"en-US\",\"@id\":\"https:\/\/pasch.es\/index.php\/zipwake\/#primaryimage\",\"url\":\"https:\/\/pasch.es\/wp-content\/uploads\/2025\/11\/images.jpeg\",\"contentUrl\":\"https:\/\/pasch.es\/wp-content\/uploads\/2025\/11\/images.jpeg\",\"width\":485,\"height\":104},{\"@type\":\"BreadcrumbList\",\"@id\":\"https:\/\/pasch.es\/index.php\/zipwake\/#breadcrumb\",\"itemListElement\":[{\"@type\":\"ListItem\",\"position\":1,\"name\":\"Portada\",\"item\":\"https:\/\/pasch.es\/\"},{\"@type\":\"ListItem\",\"position\":2,\"name\":\"ZIPWAKE\"}]},{\"@type\":\"WebSite\",\"@id\":\"https:\/\/pasch.es\/#website\",\"url\":\"https:\/\/pasch.es\/\",\"name\":\"pasch.es\",\"description\":\"PASCH Y CIA\",\"publisher\":{\"@id\":\"https:\/\/pasch.es\/#organization\"},\"potentialAction\":[{\"@type\":\"SearchAction\",\"target\":{\"@type\":\"EntryPoint\",\"urlTemplate\":\"https:\/\/pasch.es\/?s={search_term_string}\"},\"query-input\":{\"@type\":\"PropertyValueSpecification\",\"valueRequired\":true,\"valueName\":\"search_term_string\"}}],\"inLanguage\":\"en-US\"},{\"@type\":\"Organization\",\"@id\":\"https:\/\/pasch.es\/#organization\",\"name\":\"pasch.es\",\"url\":\"https:\/\/pasch.es\/\",\"logo\":{\"@type\":\"ImageObject\",\"inLanguage\":\"en-US\",\"@id\":\"https:\/\/pasch.es\/#\/schema\/logo\/image\/\",\"url\":\"https:\/\/pasch.es\/wp-content\/uploads\/2025\/06\/PASCH-White.png\",\"contentUrl\":\"https:\/\/pasch.es\/wp-content\/uploads\/2025\/06\/PASCH-White.png\",\"width\":569,\"height\":147,\"caption\":\"pasch.es\"},\"image\":{\"@id\":\"https:\/\/pasch.es\/#\/schema\/logo\/image\/\"}}]}<\/script>\n<!-- \/ Yoast SEO plugin. -->","yoast_head_json":{"title":"ZIPWAKE - pasch.es","robots":{"index":"index","follow":"follow","max-snippet":"max-snippet:-1","max-image-preview":"max-image-preview:large","max-video-preview":"max-video-preview:-1"},"canonical":"https:\/\/pasch.es\/index.php\/zipwake\/","og_locale":"en_US","og_type":"article","og_title":"ZIPWAKE - pasch.es","og_description":"\u00bfC\u00d3MO FUNCIONA ZIPWAKE? Descubra c\u00f3mo el sistema de control din\u00e1mico de trimado Zipwake elimina autom\u00e1ticamente el cabeceo y el balanceo para ofrecer una navegaci\u00f3n m\u00e1s segura y un mayor ahorro de combustible. Zipwake es el primer sistema de control din\u00e1mico asequible que act\u00faa sobre los tres ejes de movimiento del barco durante la navegaci\u00f3n. Gracias","og_url":"https:\/\/pasch.es\/index.php\/zipwake\/","og_site_name":"pasch.es","article_modified_time":"2026-03-11T13:39:56+00:00","og_image":[{"width":485,"height":104,"url":"https:\/\/pasch.es\/wp-content\/uploads\/2025\/11\/images.jpeg","type":"image\/jpeg"}],"twitter_card":"summary_large_image","twitter_misc":{"Est. reading time":"2 minutes"},"schema":{"@context":"https:\/\/schema.org","@graph":[{"@type":"WebPage","@id":"https:\/\/pasch.es\/index.php\/zipwake\/","url":"https:\/\/pasch.es\/index.php\/zipwake\/","name":"ZIPWAKE - pasch.es","isPartOf":{"@id":"https:\/\/pasch.es\/#website"},"primaryImageOfPage":{"@id":"https:\/\/pasch.es\/index.php\/zipwake\/#primaryimage"},"image":{"@id":"https:\/\/pasch.es\/index.php\/zipwake\/#primaryimage"},"thumbnailUrl":"https:\/\/pasch.es\/wp-content\/uploads\/2025\/11\/images.jpeg","datePublished":"2025-11-18T13:47:34+00:00","dateModified":"2026-03-11T13:39:56+00:00","breadcrumb":{"@id":"https:\/\/pasch.es\/index.php\/zipwake\/#breadcrumb"},"inLanguage":"en-US","potentialAction":[{"@type":"ReadAction","target":["https:\/\/pasch.es\/index.php\/zipwake\/"]}]},{"@type":"ImageObject","inLanguage":"en-US","@id":"https:\/\/pasch.es\/index.php\/zipwake\/#primaryimage","url":"https:\/\/pasch.es\/wp-content\/uploads\/2025\/11\/images.jpeg","contentUrl":"https:\/\/pasch.es\/wp-content\/uploads\/2025\/11\/images.jpeg","width":485,"height":104},{"@type":"BreadcrumbList","@id":"https:\/\/pasch.es\/index.php\/zipwake\/#breadcrumb","itemListElement":[{"@type":"ListItem","position":1,"name":"Portada","item":"https:\/\/pasch.es\/"},{"@type":"ListItem","position":2,"name":"ZIPWAKE"}]},{"@type":"WebSite","@id":"https:\/\/pasch.es\/#website","url":"https:\/\/pasch.es\/","name":"pasch.es","description":"PASCH Y CIA","publisher":{"@id":"https:\/\/pasch.es\/#organization"},"potentialAction":[{"@type":"SearchAction","target":{"@type":"EntryPoint","urlTemplate":"https:\/\/pasch.es\/?s={search_term_string}"},"query-input":{"@type":"PropertyValueSpecification","valueRequired":true,"valueName":"search_term_string"}}],"inLanguage":"en-US"},{"@type":"Organization","@id":"https:\/\/pasch.es\/#organization","name":"pasch.es","url":"https:\/\/pasch.es\/","logo":{"@type":"ImageObject","inLanguage":"en-US","@id":"https:\/\/pasch.es\/#\/schema\/logo\/image\/","url":"https:\/\/pasch.es\/wp-content\/uploads\/2025\/06\/PASCH-White.png","contentUrl":"https:\/\/pasch.es\/wp-content\/uploads\/2025\/06\/PASCH-White.png","width":569,"height":147,"caption":"pasch.es"},"image":{"@id":"https:\/\/pasch.es\/#\/schema\/logo\/image\/"}}]}},"_links":{"self":[{"href":"https:\/\/pasch.es\/index.php\/wp-json\/wp\/v2\/pages\/8555","targetHints":{"allow":["GET"]}}],"collection":[{"href":"https:\/\/pasch.es\/index.php\/wp-json\/wp\/v2\/pages"}],"about":[{"href":"https:\/\/pasch.es\/index.php\/wp-json\/wp\/v2\/types\/page"}],"author":[{"embeddable":true,"href":"https:\/\/pasch.es\/index.php\/wp-json\/wp\/v2\/users\/1"}],"replies":[{"embeddable":true,"href":"https:\/\/pasch.es\/index.php\/wp-json\/wp\/v2\/comments?post=8555"}],"version-history":[{"count":99,"href":"https:\/\/pasch.es\/index.php\/wp-json\/wp\/v2\/pages\/8555\/revisions"}],"predecessor-version":[{"id":9262,"href":"https:\/\/pasch.es\/index.php\/wp-json\/wp\/v2\/pages\/8555\/revisions\/9262"}],"wp:attachment":[{"href":"https:\/\/pasch.es\/index.php\/wp-json\/wp\/v2\/media?parent=8555"}],"curies":[{"name":"wp","href":"https:\/\/api.w.org\/{rel}","templated":true}]}}