{"id":8557,"date":"2025-11-18T13:47:38","date_gmt":"2025-11-18T13:47:38","guid":{"rendered":"https:\/\/brave-easley.5-175-45-209.plesk.page\/?page_id=8557"},"modified":"2025-11-19T10:49:48","modified_gmt":"2025-11-19T10:49:48","slug":"embarcaciones-auxiliares","status":"publish","type":"page","link":"https:\/\/pasch.es\/index.php\/embarcaciones-auxiliares\/","title":{"rendered":"EMBARCACIONES AUXILIARES"},"content":{"rendered":"\t\t<div data-elementor-type=\"wp-page\" data-elementor-id=\"8557\" class=\"elementor elementor-8557\">\n\t\t\t\t<div class=\"elementor-element elementor-element-099773b e-flex e-con-boxed e-con e-parent\" data-id=\"099773b\" data-element_type=\"container\" data-e-type=\"container\">\n\t\t\t\t\t<div class=\"e-con-inner\">\n\t\t\t\t<div class=\"elementor-element elementor-element-90be0aa elementor-widget elementor-widget-image\" data-id=\"90be0aa\" data-element_type=\"widget\" data-e-type=\"widget\" data-widget_type=\"image.default\">\n\t\t\t\t<div class=\"elementor-widget-container\">\n\t\t\t\t\t\t\t\t\t\t\t\t\t\t\t<img fetchpriority=\"high\" decoding=\"async\" width=\"400\" height=\"200\" src=\"https:\/\/pasch.es\/wp-content\/uploads\/2025\/11\/830B84C25E3C4322844BD6036220E8E1-400x200-1.png\" class=\"attachment-full size-full wp-image-8692\" alt=\"\" srcset=\"https:\/\/pasch.es\/wp-content\/uploads\/2025\/11\/830B84C25E3C4322844BD6036220E8E1-400x200-1.png 400w, https:\/\/pasch.es\/wp-content\/uploads\/2025\/11\/830B84C25E3C4322844BD6036220E8E1-400x200-1-300x150.png 300w\" sizes=\"(max-width: 400px) 100vw, 400px\" \/>\t\t\t\t\t\t\t\t\t\t\t\t\t\t\t<\/div>\n\t\t\t\t<\/div>\n\t\t\t\t\t<\/div>\n\t\t\t\t<\/div>\n\t\t<div class=\"elementor-element elementor-element-e936486 e-flex e-con-boxed e-con e-parent\" data-id=\"e936486\" data-element_type=\"container\" data-e-type=\"container\">\n\t\t\t\t\t<div class=\"e-con-inner\">\n\t\t\t\t<div class=\"elementor-element elementor-element-29dd5bd elementor-widget elementor-widget-heading\" data-id=\"29dd5bd\" data-element_type=\"widget\" data-e-type=\"widget\" data-widget_type=\"heading.default\">\n\t\t\t\t<div class=\"elementor-widget-container\">\n\t\t\t\t\t<h2 class=\"elementor-heading-title elementor-size-default\">EMBARCACIONES AUXILIARES\n<\/h2>\t\t\t\t<\/div>\n\t\t\t\t<\/div>\n\t\t\t\t\t<\/div>\n\t\t\t\t<\/div>\n\t\t<div class=\"elementor-element elementor-element-6f21461 e-flex e-con-boxed e-con e-parent\" data-id=\"6f21461\" data-element_type=\"container\" data-e-type=\"container\">\n\t\t\t\t\t<div class=\"e-con-inner\">\n\t\t\t\t<div class=\"elementor-element elementor-element-eb8fb93 elementor-widget elementor-widget-text-editor\" data-id=\"eb8fb93\" data-element_type=\"widget\" data-e-type=\"widget\" data-widget_type=\"text-editor.default\">\n\t\t\t\t<div class=\"elementor-widget-container\">\n\t\t\t\t\t\t\t\t\t<p style=\"margin-bottom: 15px; line-height: 26px; font-size: 14px;\">Con m\u00e1s de 2000 embarcaciones entregadas, Maritime Partner es uno de los fabricantes de referencia de botes de rescate, botes de rescate r\u00e1pido, embarcaciones de patrulla y embarcaciones para trabajos offshore, incluyendo embarcaciones para trabajos en parques e\u00f3licos.<\/p>\n\t\t\t\t\t\t\t\t<\/div>\n\t\t\t\t<\/div>\n\t\t\t\t\t<\/div>\n\t\t\t\t<\/div>\n\t\t<div class=\"elementor-element elementor-element-2d718b2 e-flex e-con-boxed e-con e-parent\" data-id=\"2d718b2\" data-element_type=\"container\" data-e-type=\"container\">\n\t\t\t\t\t<div class=\"e-con-inner\">\n\t\t\t\t<div class=\"elementor-element elementor-element-1c8607b elementor-widget elementor-widget-heading\" data-id=\"1c8607b\" data-element_type=\"widget\" data-e-type=\"widget\" data-widget_type=\"heading.default\">\n\t\t\t\t<div class=\"elementor-widget-container\">\n\t\t\t\t\t<h2 class=\"elementor-heading-title elementor-size-default\">SERIE ALUSAFE\n<\/h2>\t\t\t\t<\/div>\n\t\t\t\t<\/div>\n\t\t\t\t\t<\/div>\n\t\t\t\t<\/div>\n\t\t<div class=\"elementor-element elementor-element-40b975e e-flex e-con-boxed e-con e-parent\" data-id=\"40b975e\" data-element_type=\"container\" data-e-type=\"container\">\n\t\t\t\t\t<div class=\"e-con-inner\">\n\t\t\t\t<div class=\"elementor-element elementor-element-4ca39d5 elementor-widget elementor-widget-text-editor\" data-id=\"4ca39d5\" data-element_type=\"widget\" data-e-type=\"widget\" data-widget_type=\"text-editor.default\">\n\t\t\t\t<div class=\"elementor-widget-container\">\n\t\t\t\t\t\t\t\t\t<p>Entre los diversos modelos que componen su cat\u00e1logo destaca la serie Alusafe con tama\u00f1os desde 7 a 25 metros de eslora, como las afamadas Salvamar.<\/p>\n<p>MP destaca por la construcci\u00f3n de embarcaciones en aluminio marino especial.<\/p>\n\t\t\t\t\t\t\t\t<\/div>\n\t\t\t\t<\/div>\n\t\t\t\t<div class=\"elementor-element elementor-element-4bf8ecc elementor-widget elementor-widget-image\" data-id=\"4bf8ecc\" data-element_type=\"widget\" data-e-type=\"widget\" data-widget_type=\"image.default\">\n\t\t\t\t<div class=\"elementor-widget-container\">\n\t\t\t\t\t\t\t\t\t\t\t\t\t\t\t<img decoding=\"async\" width=\"600\" height=\"337\" src=\"https:\/\/pasch.es\/wp-content\/uploads\/2025\/11\/Alusafe-768x431-1-600x337.jpg\" class=\"attachment-woocommerce_single size-woocommerce_single wp-image-8691\" alt=\"\" srcset=\"https:\/\/pasch.es\/wp-content\/uploads\/2025\/11\/Alusafe-768x431-1-600x337.jpg 600w, https:\/\/pasch.es\/wp-content\/uploads\/2025\/11\/Alusafe-768x431-1-300x168.jpg 300w, https:\/\/pasch.es\/wp-content\/uploads\/2025\/11\/Alusafe-768x431-1.jpg 768w\" sizes=\"(max-width: 600px) 100vw, 600px\" \/>\t\t\t\t\t\t\t\t\t\t\t\t\t\t\t<\/div>\n\t\t\t\t<\/div>\n\t\t\t\t<div class=\"elementor-element elementor-element-3836e1d elementor-widget elementor-widget-heading\" data-id=\"3836e1d\" data-element_type=\"widget\" data-e-type=\"widget\" data-widget_type=\"heading.default\">\n\t\t\t\t<div class=\"elementor-widget-container\">\n\t\t\t\t\t<h2 class=\"elementor-heading-title elementor-size-default\">SERIE SEABEAR\n<\/h2>\t\t\t\t<\/div>\n\t\t\t\t<\/div>\n\t\t\t\t<div class=\"elementor-element elementor-element-aed7291 elementor-widget elementor-widget-text-editor\" data-id=\"aed7291\" data-element_type=\"widget\" data-e-type=\"widget\" data-widget_type=\"text-editor.default\">\n\t\t\t\t<div class=\"elementor-widget-container\">\n\t\t\t\t\t\t\t\t\t<p>Otros tipos son las series Seabear, especialmente apreciada por las armadas n\u00f3rdicas por su gran robustez y la serie Springer.<\/p>\n<p>Tambi\u00e9n dispone de la serie Weedo de embarcaciones en GRP muy apreciadas como embarcaciones de rescate r\u00e1pido y para trabajos offshore, ya sea en apoyo a plataformas o en trabajos de control de contaminaci\u00f3n.<\/p>\n\t\t\t\t\t\t\t\t<\/div>\n\t\t\t\t<\/div>\n\t\t\t\t<div class=\"elementor-element elementor-element-1ba38cc elementor-widget elementor-widget-image\" data-id=\"1ba38cc\" data-element_type=\"widget\" data-e-type=\"widget\" data-widget_type=\"image.default\">\n\t\t\t\t<div class=\"elementor-widget-container\">\n\t\t\t\t\t\t\t\t\t\t\t\t\t\t\t<img decoding=\"async\" width=\"600\" height=\"338\" src=\"https:\/\/pasch.es\/wp-content\/uploads\/2025\/11\/mp33-600x338.jpg\" class=\"attachment-woocommerce_single size-woocommerce_single wp-image-8690\" alt=\"\" srcset=\"https:\/\/pasch.es\/wp-content\/uploads\/2025\/11\/mp33-600x338.jpg 600w, https:\/\/pasch.es\/wp-content\/uploads\/2025\/11\/mp33-300x169.jpg 300w, https:\/\/pasch.es\/wp-content\/uploads\/2025\/11\/mp33-1024x576.jpg 1024w, https:\/\/pasch.es\/wp-content\/uploads\/2025\/11\/mp33-768x432.jpg 768w, https:\/\/pasch.es\/wp-content\/uploads\/2025\/11\/mp33-1536x864.jpg 1536w, https:\/\/pasch.es\/wp-content\/uploads\/2025\/11\/mp33-900x506.jpg 900w, https:\/\/pasch.es\/wp-content\/uploads\/2025\/11\/mp33.jpg 1920w\" sizes=\"(max-width: 600px) 100vw, 600px\" \/>\t\t\t\t\t\t\t\t\t\t\t\t\t\t\t<\/div>\n\t\t\t\t<\/div>\n\t\t\t\t<div class=\"elementor-element elementor-element-6687a87 elementor-widget elementor-widget-heading\" data-id=\"6687a87\" data-element_type=\"widget\" data-e-type=\"widget\" data-widget_type=\"heading.default\">\n\t\t\t\t<div class=\"elementor-widget-container\">\n\t\t\t\t\t<h2 class=\"elementor-heading-title elementor-size-default\">ALUSAFE 1150WF\n<\/h2>\t\t\t\t<\/div>\n\t\t\t\t<\/div>\n\t\t\t\t<div class=\"elementor-element elementor-element-8fdacb6 elementor-widget elementor-widget-text-editor\" data-id=\"8fdacb6\" data-element_type=\"widget\" data-e-type=\"widget\" data-widget_type=\"text-editor.default\">\n\t\t\t\t<div class=\"elementor-widget-container\">\n\t\t\t\t\t\t\t\t\t<p>Maritime Partner es tambi\u00e9n un pionero en el dise\u00f1o y fabricaci\u00f3n de embarcaciones de trabajo en campos de generaci\u00f3n e\u00f3lica offshore como la Alusafe 1150 WF.<\/p>\n\t\t\t\t\t\t\t\t<\/div>\n\t\t\t\t<\/div>\n\t\t\t\t<div class=\"elementor-element elementor-element-1dfcac5 elementor-widget elementor-widget-image\" data-id=\"1dfcac5\" data-element_type=\"widget\" data-e-type=\"widget\" data-widget_type=\"image.default\">\n\t\t\t\t<div class=\"elementor-widget-container\">\n\t\t\t\t\t\t\t\t\t\t\t\t\t\t\t<img loading=\"lazy\" decoding=\"async\" width=\"600\" height=\"381\" src=\"https:\/\/pasch.es\/wp-content\/uploads\/2025\/11\/1150WF-600x381-1.jpg\" class=\"attachment-medium_large size-medium_large wp-image-8689\" alt=\"\" srcset=\"https:\/\/pasch.es\/wp-content\/uploads\/2025\/11\/1150WF-600x381-1.jpg 600w, https:\/\/pasch.es\/wp-content\/uploads\/2025\/11\/1150WF-600x381-1-300x191.jpg 300w\" sizes=\"(max-width: 600px) 100vw, 600px\" \/>\t\t\t\t\t\t\t\t\t\t\t\t\t\t\t<\/div>\n\t\t\t\t<\/div>\n\t\t\t\t\t<\/div>\n\t\t\t\t<\/div>\n\t\t<div class=\"elementor-element elementor-element-3a64afe e-flex e-con-boxed e-con e-parent\" data-id=\"3a64afe\" data-element_type=\"container\" data-e-type=\"container\">\n\t\t\t\t\t<div class=\"e-con-inner\">\n\t\t\t\t\t<\/div>\n\t\t\t\t<\/div>\n\t\t<div class=\"elementor-element elementor-element-fed26f4 e-flex e-con-boxed e-con e-parent\" data-id=\"fed26f4\" data-element_type=\"container\" data-e-type=\"container\">\n\t\t\t\t\t<div class=\"e-con-inner\">\n\t\t\t\t<div class=\"elementor-element elementor-element-e715c68 elementor-widget elementor-widget-heading\" data-id=\"e715c68\" data-element_type=\"widget\" data-e-type=\"widget\" data-widget_type=\"heading.default\">\n\t\t\t\t<div class=\"elementor-widget-container\">\n\t\t\t\t\t<h2 class=\"elementor-heading-title elementor-size-default\">FORMULARIO DE CONTACTO<\/h2>\t\t\t\t<\/div>\n\t\t\t\t<\/div>\n\t\t\t\t<div class=\"elementor-element elementor-element-b15cee7 elementor-widget elementor-widget-stm_contact_form_7\" data-id=\"b15cee7\" data-element_type=\"widget\" data-e-type=\"widget\" data-widget_type=\"stm_contact_form_7.default\">\n\t\t\t\t<div class=\"elementor-widget-container\">\n\t\t\t\t\t\n<div class=\"wpcf7 no-js\" id=\"wpcf7-f5-o1\" lang=\"es-ES\" dir=\"ltr\" data-wpcf7-id=\"5\">\n<div class=\"screen-reader-response\"><p role=\"status\" aria-live=\"polite\" aria-atomic=\"true\"><\/p> <ul><\/ul><\/div>\n<form action=\"\/index.php\/wp-json\/wp\/v2\/pages\/8557#wpcf7-f5-o1\" method=\"post\" class=\"wpcf7-form init\" aria-label=\"Formulario de contacto\" novalidate=\"novalidate\" data-status=\"init\">\n<fieldset class=\"hidden-fields-container\"><input type=\"hidden\" name=\"_wpcf7\" value=\"5\" \/><input type=\"hidden\" name=\"_wpcf7_version\" value=\"6.1.5\" \/><input type=\"hidden\" name=\"_wpcf7_locale\" value=\"es_ES\" \/><input type=\"hidden\" name=\"_wpcf7_unit_tag\" value=\"wpcf7-f5-o1\" \/><input type=\"hidden\" name=\"_wpcf7_container_post\" value=\"0\" \/><input type=\"hidden\" name=\"_wpcf7_posted_data_hash\" value=\"\" \/>\n<\/fieldset>\n<label> Tu nombre\n    <span class=\"wpcf7-form-control-wrap\" data-name=\"your-name\"><input size=\"40\" maxlength=\"400\" class=\"wpcf7-form-control wpcf7-text wpcf7-validates-as-required\" autocomplete=\"name\" aria-required=\"true\" aria-invalid=\"false\" value=\"\" type=\"text\" name=\"your-name\" \/><\/span> <\/label>\n\n<label> Tu correo electr\u00f3nico\n    <span class=\"wpcf7-form-control-wrap\" data-name=\"your-email\"><input size=\"40\" maxlength=\"400\" class=\"wpcf7-form-control wpcf7-email wpcf7-validates-as-required wpcf7-text wpcf7-validates-as-email\" autocomplete=\"email\" aria-required=\"true\" aria-invalid=\"false\" value=\"\" type=\"email\" name=\"your-email\" \/><\/span> <\/label>\n\n<label> Asunto\n    <span class=\"wpcf7-form-control-wrap\" data-name=\"your-subject\"><input size=\"40\" maxlength=\"400\" class=\"wpcf7-form-control wpcf7-text wpcf7-validates-as-required\" aria-required=\"true\" aria-invalid=\"false\" value=\"\" type=\"text\" name=\"your-subject\" \/><\/span> <\/label>\n\n<label> Tu mensaje (opcional)\n    <span class=\"wpcf7-form-control-wrap\" data-name=\"your-message\"><textarea cols=\"40\" rows=\"10\" maxlength=\"2000\" class=\"wpcf7-form-control wpcf7-textarea\" aria-invalid=\"false\" name=\"your-message\"><\/textarea><\/span> <\/label>\n\n<input class=\"wpcf7-form-control wpcf7-submit has-spinner\" type=\"submit\" value=\"Enviar\" \/><div class=\"wpcf7-response-output\" aria-hidden=\"true\"><\/div>\n<\/form>\n<\/div>\n\t\t\t\t\t\t<\/div>\n\t\t\t\t<\/div>\n\t\t\t\t\t<\/div>\n\t\t\t\t<\/div>\n\t\t\t\t<\/div>\n\t\t","protected":false},"excerpt":{"rendered":"<p>EMBARCACIONES AUXILIARES Con m\u00e1s de 2000 embarcaciones entregadas, Maritime Partner es uno de los fabricantes de referencia de botes de rescate, botes de rescate r\u00e1pido, embarcaciones de patrulla y embarcaciones para trabajos offshore, incluyendo embarcaciones para trabajos en parques e\u00f3licos. SERIE ALUSAFE Entre los diversos modelos que componen su cat\u00e1logo destaca la serie Alusafe con<\/p>\n","protected":false},"author":1,"featured_media":0,"parent":0,"menu_order":0,"comment_status":"closed","ping_status":"closed","template":"","meta":{"footnotes":""},"class_list":["post-8557","page","type-page","status-publish","hentry"],"yoast_head":"<!-- This site is optimized with the Yoast SEO plugin v27.4 - https:\/\/yoast.com\/product\/yoast-seo-wordpress\/ -->\n<title>EMBARCACIONES AUXILIARES - pasch.es<\/title>\n<meta name=\"robots\" content=\"index, follow, max-snippet:-1, max-image-preview:large, max-video-preview:-1\" \/>\n<link rel=\"canonical\" href=\"https:\/\/pasch.es\/index.php\/embarcaciones-auxiliares\/\" \/>\n<meta property=\"og:locale\" content=\"en_US\" \/>\n<meta property=\"og:type\" content=\"article\" \/>\n<meta property=\"og:title\" content=\"EMBARCACIONES AUXILIARES - pasch.es\" \/>\n<meta property=\"og:description\" content=\"EMBARCACIONES AUXILIARES Con m\u00e1s de 2000 embarcaciones entregadas, Maritime Partner es uno de los fabricantes de referencia de botes de rescate, botes de rescate r\u00e1pido, embarcaciones de patrulla y embarcaciones para trabajos offshore, incluyendo embarcaciones para trabajos en parques e\u00f3licos. SERIE ALUSAFE Entre los diversos modelos que componen su cat\u00e1logo destaca la serie Alusafe con\" \/>\n<meta property=\"og:url\" content=\"https:\/\/pasch.es\/index.php\/embarcaciones-auxiliares\/\" \/>\n<meta property=\"og:site_name\" content=\"pasch.es\" \/>\n<meta property=\"article:modified_time\" content=\"2025-11-19T10:49:48+00:00\" \/>\n<meta property=\"og:image\" content=\"https:\/\/brave-easley.5-175-45-209.plesk.page\/wp-content\/uploads\/2025\/11\/830B84C25E3C4322844BD6036220E8E1-400x200-1.png\" \/>\n<meta name=\"twitter:card\" content=\"summary_large_image\" \/>\n<meta name=\"twitter:label1\" content=\"Est. reading time\" \/>\n\t<meta name=\"twitter:data1\" content=\"2 minutes\" \/>\n<script type=\"application\/ld+json\" class=\"yoast-schema-graph\">{\"@context\":\"https:\\\/\\\/schema.org\",\"@graph\":[{\"@type\":\"WebPage\",\"@id\":\"https:\\\/\\\/pasch.es\\\/index.php\\\/embarcaciones-auxiliares\\\/\",\"url\":\"https:\\\/\\\/pasch.es\\\/index.php\\\/embarcaciones-auxiliares\\\/\",\"name\":\"EMBARCACIONES AUXILIARES - pasch.es\",\"isPartOf\":{\"@id\":\"https:\\\/\\\/pasch.es\\\/#website\"},\"primaryImageOfPage\":{\"@id\":\"https:\\\/\\\/pasch.es\\\/index.php\\\/embarcaciones-auxiliares\\\/#primaryimage\"},\"image\":{\"@id\":\"https:\\\/\\\/pasch.es\\\/index.php\\\/embarcaciones-auxiliares\\\/#primaryimage\"},\"thumbnailUrl\":\"https:\\\/\\\/brave-easley.5-175-45-209.plesk.page\\\/wp-content\\\/uploads\\\/2025\\\/11\\\/830B84C25E3C4322844BD6036220E8E1-400x200-1.png\",\"datePublished\":\"2025-11-18T13:47:38+00:00\",\"dateModified\":\"2025-11-19T10:49:48+00:00\",\"breadcrumb\":{\"@id\":\"https:\\\/\\\/pasch.es\\\/index.php\\\/embarcaciones-auxiliares\\\/#breadcrumb\"},\"inLanguage\":\"en-US\",\"potentialAction\":[{\"@type\":\"ReadAction\",\"target\":[\"https:\\\/\\\/pasch.es\\\/index.php\\\/embarcaciones-auxiliares\\\/\"]}]},{\"@type\":\"ImageObject\",\"inLanguage\":\"en-US\",\"@id\":\"https:\\\/\\\/pasch.es\\\/index.php\\\/embarcaciones-auxiliares\\\/#primaryimage\",\"url\":\"https:\\\/\\\/brave-easley.5-175-45-209.plesk.page\\\/wp-content\\\/uploads\\\/2025\\\/11\\\/830B84C25E3C4322844BD6036220E8E1-400x200-1.png\",\"contentUrl\":\"https:\\\/\\\/brave-easley.5-175-45-209.plesk.page\\\/wp-content\\\/uploads\\\/2025\\\/11\\\/830B84C25E3C4322844BD6036220E8E1-400x200-1.png\"},{\"@type\":\"BreadcrumbList\",\"@id\":\"https:\\\/\\\/pasch.es\\\/index.php\\\/embarcaciones-auxiliares\\\/#breadcrumb\",\"itemListElement\":[{\"@type\":\"ListItem\",\"position\":1,\"name\":\"Portada\",\"item\":\"https:\\\/\\\/pasch.es\\\/\"},{\"@type\":\"ListItem\",\"position\":2,\"name\":\"EMBARCACIONES AUXILIARES\"}]},{\"@type\":\"WebSite\",\"@id\":\"https:\\\/\\\/pasch.es\\\/#website\",\"url\":\"https:\\\/\\\/pasch.es\\\/\",\"name\":\"pasch.es\",\"description\":\"PASCH Y CIA\",\"publisher\":{\"@id\":\"https:\\\/\\\/pasch.es\\\/#organization\"},\"potentialAction\":[{\"@type\":\"SearchAction\",\"target\":{\"@type\":\"EntryPoint\",\"urlTemplate\":\"https:\\\/\\\/pasch.es\\\/?s={search_term_string}\"},\"query-input\":{\"@type\":\"PropertyValueSpecification\",\"valueRequired\":true,\"valueName\":\"search_term_string\"}}],\"inLanguage\":\"en-US\"},{\"@type\":\"Organization\",\"@id\":\"https:\\\/\\\/pasch.es\\\/#organization\",\"name\":\"pasch.es\",\"url\":\"https:\\\/\\\/pasch.es\\\/\",\"logo\":{\"@type\":\"ImageObject\",\"inLanguage\":\"en-US\",\"@id\":\"https:\\\/\\\/pasch.es\\\/#\\\/schema\\\/logo\\\/image\\\/\",\"url\":\"https:\\\/\\\/pasch.es\\\/wp-content\\\/uploads\\\/2025\\\/06\\\/PASCH-White.png\",\"contentUrl\":\"https:\\\/\\\/pasch.es\\\/wp-content\\\/uploads\\\/2025\\\/06\\\/PASCH-White.png\",\"width\":569,\"height\":147,\"caption\":\"pasch.es\"},\"image\":{\"@id\":\"https:\\\/\\\/pasch.es\\\/#\\\/schema\\\/logo\\\/image\\\/\"}}]}<\/script>\n<!-- \/ Yoast SEO plugin. -->","yoast_head_json":{"title":"EMBARCACIONES AUXILIARES - pasch.es","robots":{"index":"index","follow":"follow","max-snippet":"max-snippet:-1","max-image-preview":"max-image-preview:large","max-video-preview":"max-video-preview:-1"},"canonical":"https:\/\/pasch.es\/index.php\/embarcaciones-auxiliares\/","og_locale":"en_US","og_type":"article","og_title":"EMBARCACIONES AUXILIARES - pasch.es","og_description":"EMBARCACIONES AUXILIARES Con m\u00e1s de 2000 embarcaciones entregadas, Maritime Partner es uno de los fabricantes de referencia de botes de rescate, botes de rescate r\u00e1pido, embarcaciones de patrulla y embarcaciones para trabajos offshore, incluyendo embarcaciones para trabajos en parques e\u00f3licos. SERIE ALUSAFE Entre los diversos modelos que componen su cat\u00e1logo destaca la serie Alusafe con","og_url":"https:\/\/pasch.es\/index.php\/embarcaciones-auxiliares\/","og_site_name":"pasch.es","article_modified_time":"2025-11-19T10:49:48+00:00","og_image":[{"url":"https:\/\/brave-easley.5-175-45-209.plesk.page\/wp-content\/uploads\/2025\/11\/830B84C25E3C4322844BD6036220E8E1-400x200-1.png","type":"","width":"","height":""}],"twitter_card":"summary_large_image","twitter_misc":{"Est. reading time":"2 minutes"},"schema":{"@context":"https:\/\/schema.org","@graph":[{"@type":"WebPage","@id":"https:\/\/pasch.es\/index.php\/embarcaciones-auxiliares\/","url":"https:\/\/pasch.es\/index.php\/embarcaciones-auxiliares\/","name":"EMBARCACIONES AUXILIARES - pasch.es","isPartOf":{"@id":"https:\/\/pasch.es\/#website"},"primaryImageOfPage":{"@id":"https:\/\/pasch.es\/index.php\/embarcaciones-auxiliares\/#primaryimage"},"image":{"@id":"https:\/\/pasch.es\/index.php\/embarcaciones-auxiliares\/#primaryimage"},"thumbnailUrl":"https:\/\/brave-easley.5-175-45-209.plesk.page\/wp-content\/uploads\/2025\/11\/830B84C25E3C4322844BD6036220E8E1-400x200-1.png","datePublished":"2025-11-18T13:47:38+00:00","dateModified":"2025-11-19T10:49:48+00:00","breadcrumb":{"@id":"https:\/\/pasch.es\/index.php\/embarcaciones-auxiliares\/#breadcrumb"},"inLanguage":"en-US","potentialAction":[{"@type":"ReadAction","target":["https:\/\/pasch.es\/index.php\/embarcaciones-auxiliares\/"]}]},{"@type":"ImageObject","inLanguage":"en-US","@id":"https:\/\/pasch.es\/index.php\/embarcaciones-auxiliares\/#primaryimage","url":"https:\/\/brave-easley.5-175-45-209.plesk.page\/wp-content\/uploads\/2025\/11\/830B84C25E3C4322844BD6036220E8E1-400x200-1.png","contentUrl":"https:\/\/brave-easley.5-175-45-209.plesk.page\/wp-content\/uploads\/2025\/11\/830B84C25E3C4322844BD6036220E8E1-400x200-1.png"},{"@type":"BreadcrumbList","@id":"https:\/\/pasch.es\/index.php\/embarcaciones-auxiliares\/#breadcrumb","itemListElement":[{"@type":"ListItem","position":1,"name":"Portada","item":"https:\/\/pasch.es\/"},{"@type":"ListItem","position":2,"name":"EMBARCACIONES AUXILIARES"}]},{"@type":"WebSite","@id":"https:\/\/pasch.es\/#website","url":"https:\/\/pasch.es\/","name":"pasch.es","description":"PASCH Y CIA","publisher":{"@id":"https:\/\/pasch.es\/#organization"},"potentialAction":[{"@type":"SearchAction","target":{"@type":"EntryPoint","urlTemplate":"https:\/\/pasch.es\/?s={search_term_string}"},"query-input":{"@type":"PropertyValueSpecification","valueRequired":true,"valueName":"search_term_string"}}],"inLanguage":"en-US"},{"@type":"Organization","@id":"https:\/\/pasch.es\/#organization","name":"pasch.es","url":"https:\/\/pasch.es\/","logo":{"@type":"ImageObject","inLanguage":"en-US","@id":"https:\/\/pasch.es\/#\/schema\/logo\/image\/","url":"https:\/\/pasch.es\/wp-content\/uploads\/2025\/06\/PASCH-White.png","contentUrl":"https:\/\/pasch.es\/wp-content\/uploads\/2025\/06\/PASCH-White.png","width":569,"height":147,"caption":"pasch.es"},"image":{"@id":"https:\/\/pasch.es\/#\/schema\/logo\/image\/"}}]}},"_links":{"self":[{"href":"https:\/\/pasch.es\/index.php\/wp-json\/wp\/v2\/pages\/8557","targetHints":{"allow":["GET"]}}],"collection":[{"href":"https:\/\/pasch.es\/index.php\/wp-json\/wp\/v2\/pages"}],"about":[{"href":"https:\/\/pasch.es\/index.php\/wp-json\/wp\/v2\/types\/page"}],"author":[{"embeddable":true,"href":"https:\/\/pasch.es\/index.php\/wp-json\/wp\/v2\/users\/1"}],"replies":[{"embeddable":true,"href":"https:\/\/pasch.es\/index.php\/wp-json\/wp\/v2\/comments?post=8557"}],"version-history":[{"count":6,"href":"https:\/\/pasch.es\/index.php\/wp-json\/wp\/v2\/pages\/8557\/revisions"}],"predecessor-version":[{"id":8695,"href":"https:\/\/pasch.es\/index.php\/wp-json\/wp\/v2\/pages\/8557\/revisions\/8695"}],"wp:attachment":[{"href":"https:\/\/pasch.es\/index.php\/wp-json\/wp\/v2\/media?parent=8557"}],"curies":[{"name":"wp","href":"https:\/\/api.w.org\/{rel}","templated":true}]}}